{"id":81,"date":"2021-12-15T13:27:47","date_gmt":"2021-12-15T13:27:47","guid":{"rendered":"https:\/\/startersites.io\/blocksy\/garderobe\/?page_id=81"},"modified":"2025-08-28T09:34:01","modified_gmt":"2025-08-28T01:34:01","slug":"productos","status":"publish","type":"page","link":"https:\/\/berlinpackagingapac.com\/es\/products\/","title":{"rendered":"Productos"},"content":{"rendered":"","protected":false},"excerpt":{"rendered":"<p>Explore la amplia gama de soluciones de embalaje de alta calidad de Berlin Packaging APAC, que incluyen botellas de vidrio, frascos, tapas y materiales ecol\u00f3gicos personalizados. Ofrecemos embalajes a medida para industrias como la cosm\u00e9tica, la alimentaci\u00f3n, las bebidas y la farmac\u00e9utica. Ya sea que necesite dise\u00f1os sostenibles, innovadores o a medida, le ofrecemos soluciones de embalaje expertas para realzar su marca y satisfacer las necesidades espec\u00edficas de su negocio.<\/p>","protected":false},"author":263638842,"featured_media":0,"parent":0,"menu_order":0,"comment_status":"closed","ping_status":"closed","template":"","meta":{"footnotes":""},"class_list":["post-81","page","type-page","status-publish","hentry"],"blocksy_meta":[],"jetpack_sharing_enabled":true,"jetpack_likes_enabled":true,"jetpack_shortlink":"https:\/\/wp.me\/PguUSw-1j","_links":{"self":[{"href":"https:\/\/berlinpackagingapac.com\/es\/wp-json\/wp\/v2\/pages\/81","targetHints":{"allow":["GET"]}}],"collection":[{"href":"https:\/\/berlinpackagingapac.com\/es\/wp-json\/wp\/v2\/pages"}],"about":[{"href":"https:\/\/berlinpackagingapac.com\/es\/wp-json\/wp\/v2\/types\/page"}],"author":[{"embeddable":true,"href":"https:\/\/berlinpackagingapac.com\/es\/wp-json\/wp\/v2\/users\/263638842"}],"replies":[{"embeddable":true,"href":"https:\/\/berlinpackagingapac.com\/es\/wp-json\/wp\/v2\/comments?post=81"}],"version-history":[{"count":2,"href":"https:\/\/berlinpackagingapac.com\/es\/wp-json\/wp\/v2\/pages\/81\/revisions"}],"predecessor-version":[{"id":6987,"href":"https:\/\/berlinpackagingapac.com\/es\/wp-json\/wp\/v2\/pages\/81\/revisions\/6987"}],"wp:attachment":[{"href":"https:\/\/berlinpackagingapac.com\/es\/wp-json\/wp\/v2\/media?parent=81"}],"curies":[{"name":"gracias","href":"https:\/\/api.w.org\/{rel}","templated":true}]}}