{"id":3857,"date":"2025-05-22T15:17:03","date_gmt":"2025-05-22T07:17:03","guid":{"rendered":"https:\/\/berlinpackagingapac.com\/?post_type=product&#038;p=3857"},"modified":"2025-06-25T10:38:31","modified_gmt":"2025-06-25T02:38:31","slug":"tubo-de-lapiz-labial-cuadrado-mate-de-lujo-bpmu903-mecanismo-de-11-mm-capacidad-de-llenado-de-34-g","status":"publish","type":"product","link":"https:\/\/berlinpackagingapac.com\/es\/product\/luxury-matte-square-lipstick-tube-bpmu903-11mm-mechanism-3-4g-fill-capacity\/","title":{"rendered":"Tubo de l\u00e1piz labial cuadrado mate de lujo \u2013 BPMU903 | Mecanismo de 11 mm, capacidad de llenado de 3,4 g"},"content":{"rendered":"<p>El BPMU903 es un tubo vac\u00edo de alta calidad para labiales, dise\u00f1ado para marcas de cosm\u00e9ticos que buscan una soluci\u00f3n de empaque moderna y lujosa. Con su audaz forma cuadrada y su sutil acabado con textura de cuero, este estuche para labiales ofrece estilo y funcionalidad. Dise\u00f1ado con un mecanismo est\u00e1ndar de 11 mm, es perfecto para el llenado de labiales con vertido en caliente y permite la personalizaci\u00f3n de marcas blancas.<\/p>\n<h3 data-start=\"1948\" data-end=\"1982\"><strong data-start=\"1952\" data-end=\"1980\">Personalizaci\u00f3n y servicios<\/strong><\/h3>\n<p data-start=\"1983\" data-end=\"2162\">Ofrecemos soporte completo de OEM\/ODM para color, acabado y marca. Nuestros ingenieros de empaque y equipos de dise\u00f1o est\u00e1n disponibles para ayudarle a materializar su concepto, desde el dise\u00f1o hasta el producto listo para la venta.<\/p>","protected":false},"excerpt":{"rendered":"<table width=\"404\">\n<tbody>\n<tr data-start=\"1035\" data-end=\"1095\">\n<td width=\"140\" data-start=\"1035\" data-end=\"1059\" data-col-size=\"sm\">Modelo<\/td>\n<td width=\"264\" data-col-size=\"sm\" data-start=\"1059\" data-end=\"1095\">BPMU903<\/td>\n<\/tr>\n<tr data-start=\"1096\" data-end=\"1156\">\n<td data-start=\"1096\" data-end=\"1120\" data-col-size=\"sm\">Dimensi\u00f3n<\/td>\n<td data-start=\"1120\" data-end=\"1156\" data-col-size=\"sm\">18,1 \u00d7 18,1 \u00d7 77,0 mm<\/td>\n<\/tr>\n<tr data-start=\"1157\" data-end=\"1217\">\n<td data-start=\"1157\" data-end=\"1181\" data-col-size=\"sm\">Di\u00e1metro del mecanismo<\/td>\n<td data-start=\"1181\" data-end=\"1217\" data-col-size=\"sm\">11,0 mil\u00edmetros<\/td>\n<\/tr>\n<tr data-start=\"1218\" data-end=\"1278\">\n<td data-start=\"1218\" data-end=\"1242\" data-col-size=\"sm\">Capacidad de llenado<\/td>\n<td data-start=\"1242\" data-end=\"1278\" data-col-size=\"sm\">3,4 gramos<\/td>\n<\/tr>\n<tr data-start=\"1279\" data-end=\"1338\">\n<td data-start=\"1279\" data-end=\"1303\" data-col-size=\"sm\">Material<\/td>\n<td data-start=\"1303\" data-end=\"1338\" data-col-size=\"sm\">ABS \/ AS \/ PP (personalizable)<\/td>\n<\/tr>\n<tr data-start=\"1339\" data-end=\"1399\">\n<td data-start=\"1339\" data-end=\"1363\" data-col-size=\"sm\">Finalizar<\/td>\n<td data-start=\"1363\" data-end=\"1399\" data-col-size=\"sm\">Negro mate con textura de cuero.<\/td>\n<\/tr>\n<tr data-start=\"1400\" data-end=\"1460\">\n<td data-start=\"1400\" data-end=\"1424\" data-col-size=\"sm\">Solicitud<\/td>\n<td data-start=\"1424\" data-end=\"1460\" data-col-size=\"sm\">Envases de l\u00e1piz labial<\/td>\n<\/tr>\n<tr data-start=\"1461\" data-end=\"1526\">\n<td data-start=\"1461\" data-end=\"1485\" data-col-size=\"sm\">Opciones de decoraci\u00f3n<\/td>\n<td data-start=\"1485\" data-end=\"1526\" data-col-size=\"sm\">Serigraf\u00eda, estampaci\u00f3n en caliente, recubrimiento UV<\/td>\n<\/tr>\n<tr data-start=\"1527\" data-end=\"1587\">\n<td data-start=\"1527\" data-end=\"1551\" data-col-size=\"sm\">Cantidad m\u00ednima de pedido<\/td>\n<td data-start=\"1551\" data-end=\"1587\" data-col-size=\"sm\">10.000 piezas (var\u00eda seg\u00fan el acabado)<\/td>\n<\/tr>\n<\/tbody>\n<\/table>","protected":false},"featured_media":3861,"comment_status":"open","ping_status":"closed","template":"","meta":{"jetpack_publicize_message":"","jetpack_publicize_feature_enabled":true,"jetpack_social_post_already_shared":true,"jetpack_social_options":{"image_generator_settings":{"template":"highway","default_image_id":0,"font":"","enabled":false},"version":2},"_wpas_customize_per_network":false},"product_brand":[1391],"product_cat":[1377,1499,1538],"product_tag":[1495],"class_list":{"0":"post-3857","1":"product","2":"type-product","3":"status-publish","4":"has-post-thumbnail","6":"product_brand-berlin-packaging","7":"product_cat-cosmetics-personal-care","8":"product_cat-lipstick","9":"product_cat-plastic","10":"product_tag-cosmetic","12":"first","13":"outofstock","14":"shipping-taxable","15":"product-type-simple"},"exclude_global_add_ons":[],"addons":[],"jetpack_publicize_connections":[],"jetpack_sharing_enabled":true,"jetpack_likes_enabled":true,"_links":{"self":[{"href":"https:\/\/berlinpackagingapac.com\/es\/wp-json\/wp\/v2\/product\/3857","targetHints":{"allow":["GET"]}}],"collection":[{"href":"https:\/\/berlinpackagingapac.com\/es\/wp-json\/wp\/v2\/product"}],"about":[{"href":"https:\/\/berlinpackagingapac.com\/es\/wp-json\/wp\/v2\/types\/product"}],"replies":[{"embeddable":true,"href":"https:\/\/berlinpackagingapac.com\/es\/wp-json\/wp\/v2\/comments?post=3857"}],"version-history":[{"count":3,"href":"https:\/\/berlinpackagingapac.com\/es\/wp-json\/wp\/v2\/product\/3857\/revisions"}],"predecessor-version":[{"id":3863,"href":"https:\/\/berlinpackagingapac.com\/es\/wp-json\/wp\/v2\/product\/3857\/revisions\/3863"}],"wp:featuredmedia":[{"embeddable":true,"href":"https:\/\/berlinpackagingapac.com\/es\/wp-json\/wp\/v2\/media\/3861"}],"wp:attachment":[{"href":"https:\/\/berlinpackagingapac.com\/es\/wp-json\/wp\/v2\/media?parent=3857"}],"wp:term":[{"taxonomy":"product_brand","embeddable":true,"href":"https:\/\/berlinpackagingapac.com\/es\/wp-json\/wp\/v2\/product_brand?post=3857"},{"taxonomy":"product_cat","embeddable":true,"href":"https:\/\/berlinpackagingapac.com\/es\/wp-json\/wp\/v2\/product_cat?post=3857"},{"taxonomy":"product_tag","embeddable":true,"href":"https:\/\/berlinpackagingapac.com\/es\/wp-json\/wp\/v2\/product_tag?post=3857"}],"curies":[{"name":"gracias","href":"https:\/\/api.w.org\/{rel}","templated":true}]}}