{"id":3881,"date":"2025-05-22T16:08:48","date_gmt":"2025-05-22T08:08:48","guid":{"rendered":"https:\/\/berlinpackagingapac.com\/?post_type=product&#038;p=3881"},"modified":"2025-06-25T10:40:51","modified_gmt":"2025-06-25T02:40:51","slug":"botella-de-locion-acrilica-bpzk310-diseno-curvo-elegante-tasa-de-descarga-de-023-ml-envase-para-el-cuidado-de-la-piel-personalizable","status":"publish","type":"product","link":"https:\/\/berlinpackagingapac.com\/es\/product\/acrylic-lotion-bottle-bpzk310-elegant-curve-design-0-23ml-discharge-rate-customizable-skincare-packaging\/","title":{"rendered":"Botella de loci\u00f3n acr\u00edlica BPZK310 \u2013 Dise\u00f1o curvo elegante | Caudal de descarga de 0,23 ml | Envase personalizable para el cuidado de la piel"},"content":{"rendered":"<p data-start=\"510\" data-end=\"817\">El <strong>BPZK-310<\/strong> Es una botella de loci\u00f3n acr\u00edlica de elegante dise\u00f1o que combina una est\u00e9tica refinada con un rendimiento funcional. Con su <strong data-start=\"641\" data-end=\"673\">cuerpo transl\u00facido de tono \u00e1mbar<\/strong>, <strong data-start=\"675\" data-end=\"695\">zapatos de sal\u00f3n con detalles dorados<\/strong>, y <strong data-start=\"701\" data-end=\"732\">silueta curva de reloj de arena<\/strong>Esta botella es ideal para marcas de cuidado de la piel de lujo que buscan una presencia de alto impacto en sus estanter\u00edas.<\/p>\n<p data-start=\"819\" data-end=\"1057\">Dise\u00f1ado con un <strong data-start=\"837\" data-end=\"862\">Tasa de descarga de 0,23 ml<\/strong>BPZK-310 proporciona una aplicaci\u00f3n suave y precisa, ideal para lociones, sueros o tratamientos antiedad. Su resistente capa exterior de PMMA de doble capa mejora la protecci\u00f3n del producto y su atractivo visual.<\/p>\n<h3 data-start=\"1948\" data-end=\"1982\"><strong data-start=\"1952\" data-end=\"1980\">Personalizaci\u00f3n y servicios<\/strong><\/h3>\n<p data-start=\"1983\" data-end=\"2162\">Ofrecemos soporte completo de OEM\/ODM para color, acabado y marca. Nuestros ingenieros de empaque y equipos de dise\u00f1o est\u00e1n disponibles para ayudarle a materializar su concepto, desde el dise\u00f1o hasta el producto listo para la venta.<\/p>","protected":false},"excerpt":{"rendered":"<table width=\"404\">\n<tbody>\n<tr data-start=\"1096\" data-end=\"1159\">\n<td width=\"140\">Art\u00edculo<\/td>\n<td width=\"264\">Detalles<\/td>\n<\/tr>\n<tr>\n<td>Modelo<\/td>\n<td data-start=\"1248\" data-end=\"1287\" data-col-size=\"md\">BPZK-310<\/td>\n<\/tr>\n<tr data-start=\"1288\" data-end=\"1368\">\n<td data-start=\"1288\" data-end=\"1312\" data-col-size=\"sm\">Capacidad<\/td>\n<td data-start=\"1312\" data-end=\"1368\" data-col-size=\"md\">Disponible en varios tama\u00f1os (por ejemplo, 15 ml, 30 ml, 50 ml)<\/td>\n<\/tr>\n<tr>\n<td>Di\u00e1metro<\/td>\n<td>43 mm<\/td>\n<\/tr>\n<tr data-start=\"1369\" data-end=\"1432\">\n<td data-start=\"1369\" data-end=\"1393\" data-col-size=\"sm\">Tasa de descarga<\/td>\n<td data-start=\"1393\" data-end=\"1432\" data-col-size=\"md\">0,23 ml por pulsaci\u00f3n<\/td>\n<\/tr>\n<tr data-start=\"1433\" data-end=\"1498\">\n<td data-start=\"1433\" data-end=\"1457\" data-col-size=\"sm\">Material<\/td>\n<td data-start=\"1457\" data-end=\"1498\" data-col-size=\"md\">Contenedor interior de PP + carcasa exterior de PMMA<\/td>\n<\/tr>\n<tr data-start=\"1499\" data-end=\"1568\">\n<td data-start=\"1499\" data-end=\"1523\" data-col-size=\"sm\">Opciones de color<\/td>\n<td data-start=\"1523\" data-end=\"1568\" data-col-size=\"md\">\u00c1mbar (est\u00e1ndar), colores personalizados disponibles<\/td>\n<\/tr>\n<tr data-start=\"1569\" data-end=\"1632\">\n<td data-start=\"1569\" data-end=\"1593\" data-col-size=\"sm\">Cabezal de bomba<\/td>\n<td data-start=\"1593\" data-end=\"1632\" data-col-size=\"md\">Acabado met\u00e1lico dorado, con cerradura.<\/td>\n<\/tr>\n<tr data-start=\"1633\" data-end=\"1696\">\n<td data-start=\"1633\" data-end=\"1657\" data-col-size=\"sm\">Acabado de la superficie<\/td>\n<td data-start=\"1657\" data-end=\"1696\" data-col-size=\"md\">Acr\u00edlico brillante y transl\u00facido<\/td>\n<\/tr>\n<tr data-start=\"1697\" data-end=\"1763\">\n<td data-start=\"1697\" data-end=\"1721\" data-col-size=\"sm\">Opciones de decoraci\u00f3n<\/td>\n<td data-start=\"1721\" data-end=\"1763\" data-col-size=\"md\">Estampado en caliente, serigraf\u00eda, impresi\u00f3n UV<\/td>\n<\/tr>\n<tr data-start=\"1764\" data-end=\"1827\">\n<td data-start=\"1764\" data-end=\"1788\" data-col-size=\"sm\">Solicitud<\/td>\n<td data-start=\"1788\" data-end=\"1827\" data-col-size=\"md\">Loci\u00f3n, suero, esencia, humectante.<\/td>\n<\/tr>\n<tr data-start=\"1828\" data-end=\"1891\">\n<td data-start=\"1828\" data-end=\"1852\" data-col-size=\"sm\">Cantidad m\u00ednima de pedido<\/td>\n<td data-start=\"1852\" data-end=\"1891\" data-col-size=\"md\">5.000 piezas (puede variar seg\u00fan la decoraci\u00f3n)<\/td>\n<\/tr>\n<\/tbody>\n<\/table>","protected":false},"featured_media":3885,"comment_status":"open","ping_status":"closed","template":"","meta":{"jetpack_post_was_ever_published":false,"jetpack_publicize_message":"","jetpack_publicize_feature_enabled":true,"jetpack_social_post_already_shared":true,"jetpack_social_options":{"image_generator_settings":{"template":"highway","default_image_id":0,"font":"","enabled":false},"version":2},"_wpas_customize_per_network":false},"product_brand":[1391],"product_cat":[1377,1538,1500],"product_tag":[1496],"class_list":{"0":"post-3881","1":"product","2":"type-product","3":"status-publish","4":"has-post-thumbnail","6":"product_brand-berlin-packaging","7":"product_cat-cosmetics-personal-care","8":"product_cat-plastic","9":"product_cat-skincare","10":"product_tag-personal-care","12":"first","13":"outofstock","14":"shipping-taxable","15":"product-type-simple"},"exclude_global_add_ons":[],"addons":[],"jetpack_publicize_connections":[],"jetpack_sharing_enabled":true,"jetpack_likes_enabled":true,"_links":{"self":[{"href":"https:\/\/berlinpackagingapac.com\/es\/wp-json\/wp\/v2\/product\/3881","targetHints":{"allow":["GET"]}}],"collection":[{"href":"https:\/\/berlinpackagingapac.com\/es\/wp-json\/wp\/v2\/product"}],"about":[{"href":"https:\/\/berlinpackagingapac.com\/es\/wp-json\/wp\/v2\/types\/product"}],"replies":[{"embeddable":true,"href":"https:\/\/berlinpackagingapac.com\/es\/wp-json\/wp\/v2\/comments?post=3881"}],"version-history":[{"count":3,"href":"https:\/\/berlinpackagingapac.com\/es\/wp-json\/wp\/v2\/product\/3881\/revisions"}],"predecessor-version":[{"id":3886,"href":"https:\/\/berlinpackagingapac.com\/es\/wp-json\/wp\/v2\/product\/3881\/revisions\/3886"}],"wp:featuredmedia":[{"embeddable":true,"href":"https:\/\/berlinpackagingapac.com\/es\/wp-json\/wp\/v2\/media\/3885"}],"wp:attachment":[{"href":"https:\/\/berlinpackagingapac.com\/es\/wp-json\/wp\/v2\/media?parent=3881"}],"wp:term":[{"taxonomy":"product_brand","embeddable":true,"href":"https:\/\/berlinpackagingapac.com\/es\/wp-json\/wp\/v2\/product_brand?post=3881"},{"taxonomy":"product_cat","embeddable":true,"href":"https:\/\/berlinpackagingapac.com\/es\/wp-json\/wp\/v2\/product_cat?post=3881"},{"taxonomy":"product_tag","embeddable":true,"href":"https:\/\/berlinpackagingapac.com\/es\/wp-json\/wp\/v2\/product_tag?post=3881"}],"curies":[{"name":"gracias","href":"https:\/\/api.w.org\/{rel}","templated":true}]}}