{"id":4694,"date":"2025-05-30T16:45:29","date_gmt":"2025-05-30T08:45:29","guid":{"rendered":"https:\/\/berlinpackagingapac.com\/?post_type=product&#038;p=4694"},"modified":"2025-07-16T10:39:56","modified_gmt":"2025-07-16T02:39:56","slug":"frasco-de-vidrio-de-375-ml-63-2030-18-oz-conserva-ligera-bpd-975","status":"publish","type":"product","link":"https:\/\/berlinpackagingapac.com\/es\/product\/375ml-glass-jar-63-2030-18oz-preserve-light-bpd-975\/","title":{"rendered":"Frasco de vidrio de 375 ml, 63-2030\/18 oz, para conservar la luz, BPD-975"},"content":{"rendered":"<p>El frasco de vidrio de 375 ml 63-2030\/18 oz Preserve Light, n\u00famero de producto BPD-975, es una soluci\u00f3n vers\u00e1til y pr\u00e1ctica para conservar sus creaciones caseras. Con su generosa capacidad de 18 oz (equivalente a 375 ml), este frasco de vidrio ligero es ideal para envasar mermeladas, jaleas, conservas de frutas y salsas. Su construcci\u00f3n de vidrio transparente le permite ver f\u00e1cilmente el contenido, facilitando la organizaci\u00f3n de su despensa. Su dise\u00f1o cl\u00e1sico y funcional garantiza un sellado seguro para mantener sus alimentos frescos. Tanto si es un experto en conservas como si est\u00e1 empezando, este frasco duradero y reutilizable es un complemento esencial en cualquier cocina para un almacenamiento de alimentos elegante y eficaz.<\/p>","protected":false},"excerpt":{"rendered":"<table style=\"border-collapse: collapse; width: 515.02pt;\" border=\"0\" width=\"1030\" cellspacing=\"0\" cellpadding=\"0\">\n<tbody>\n<tr style=\"height: 21.75pt;\">\n<td class=\"et3\" style=\"height: 21.75pt; width: 92.00pt;\" width=\"184\" height=\"43\">Capacidad rebosante<\/td>\n<td class=\"et3\" style=\"width: 92.00pt;\" width=\"184\">Peso<\/td>\n<td class=\"et3\" style=\"width: 147.35pt;\" width=\"294\">Finalizar<\/td>\n<td class=\"et3\" style=\"width: 92.00pt;\" width=\"184\">Di\u00e1metro<\/td>\n<td class=\"et3\" style=\"width: 92.00pt;\" width=\"184\">Altura<\/td>\n<\/tr>\n<tr style=\"height: 21.75pt;\">\n<td class=\"et4\" style=\"height: 21.75pt;\" height=\"43\">414<\/td>\n<td class=\"et4\">210<\/td>\n<td class=\"et4\">IPG 63 2030<\/td>\n<td class=\"et4\">72.17<\/td>\n<td class=\"et4\">134.16<\/td>\n<\/tr>\n<\/tbody>\n<\/table>","protected":false},"featured_media":4695,"comment_status":"open","ping_status":"closed","template":"","meta":{"jetpack_publicize_message":"","jetpack_publicize_feature_enabled":true,"jetpack_social_post_already_shared":true,"jetpack_social_options":{"image_generator_settings":{"template":"highway","default_image_id":0,"font":"","enabled":false},"version":2},"_wpas_customize_per_network":false},"product_brand":[1391],"product_cat":[1375,1455,1537],"product_tag":[1383],"class_list":{"0":"post-4694","1":"product","2":"type-product","3":"status-publish","4":"has-post-thumbnail","6":"product_brand-berlin-packaging","7":"product_cat-food-bottle-food-jar","8":"product_cat-300-500ml-food-jar","9":"product_cat-glass","10":"product_tag-food","12":"first","13":"outofstock","14":"shipping-taxable","15":"product-type-simple"},"exclude_global_add_ons":[],"addons":[],"jetpack_publicize_connections":[],"jetpack_sharing_enabled":true,"jetpack_likes_enabled":true,"_links":{"self":[{"href":"https:\/\/berlinpackagingapac.com\/es\/wp-json\/wp\/v2\/product\/4694","targetHints":{"allow":["GET"]}}],"collection":[{"href":"https:\/\/berlinpackagingapac.com\/es\/wp-json\/wp\/v2\/product"}],"about":[{"href":"https:\/\/berlinpackagingapac.com\/es\/wp-json\/wp\/v2\/types\/product"}],"replies":[{"embeddable":true,"href":"https:\/\/berlinpackagingapac.com\/es\/wp-json\/wp\/v2\/comments?post=4694"}],"version-history":[{"count":2,"href":"https:\/\/berlinpackagingapac.com\/es\/wp-json\/wp\/v2\/product\/4694\/revisions"}],"predecessor-version":[{"id":4697,"href":"https:\/\/berlinpackagingapac.com\/es\/wp-json\/wp\/v2\/product\/4694\/revisions\/4697"}],"wp:featuredmedia":[{"embeddable":true,"href":"https:\/\/berlinpackagingapac.com\/es\/wp-json\/wp\/v2\/media\/4695"}],"wp:attachment":[{"href":"https:\/\/berlinpackagingapac.com\/es\/wp-json\/wp\/v2\/media?parent=4694"}],"wp:term":[{"taxonomy":"product_brand","embeddable":true,"href":"https:\/\/berlinpackagingapac.com\/es\/wp-json\/wp\/v2\/product_brand?post=4694"},{"taxonomy":"product_cat","embeddable":true,"href":"https:\/\/berlinpackagingapac.com\/es\/wp-json\/wp\/v2\/product_cat?post=4694"},{"taxonomy":"product_tag","embeddable":true,"href":"https:\/\/berlinpackagingapac.com\/es\/wp-json\/wp\/v2\/product_tag?post=4694"}],"curies":[{"name":"gracias","href":"https:\/\/api.w.org\/{rel}","templated":true}]}}