{"id":4715,"date":"2025-05-30T17:11:16","date_gmt":"2025-05-30T09:11:16","guid":{"rendered":"https:\/\/berlinpackagingapac.com\/?post_type=product&#038;p=4715"},"modified":"2025-07-16T10:39:22","modified_gmt":"2025-07-16T02:39:22","slug":"frasco-de-16-oz-89-405-bpd-650","status":"publish","type":"product","link":"https:\/\/berlinpackagingapac.com\/es\/product\/16oz-jar-89-405-bpd-650\/","title":{"rendered":"Frasco de 16 oz 89-405, BPD-650"},"content":{"rendered":"<p>El frasco de 473 ml 89-405, n\u00famero de producto BPD-650, es un recipiente de vidrio muy vers\u00e1til y pr\u00e1ctico, ideal para m\u00faltiples usos. Su generosa capacidad de 473 ml lo hace ideal para almacenar una variedad de alimentos, como mermeladas, jaleas, encurtidos, salsas o productos secos como cereales, especias y aperitivos. Su construcci\u00f3n de vidrio transparente permite ver f\u00e1cilmente el contenido, simplificando la organizaci\u00f3n de la despensa. Adem\u00e1s de almacenar alimentos, este resistente frasco tambi\u00e9n es una opci\u00f3n popular para hacer velas, organizar peque\u00f1os materiales de artesan\u00eda o crear atractivos envases de regalo. Su dise\u00f1o robusto garantiza su reutilizaci\u00f3n, ofreciendo una soluci\u00f3n sostenible y fiable tanto para el almacenamiento diario como para proyectos especiales.<\/p>","protected":false},"excerpt":{"rendered":"<p>The 16oz Jar 89-405, product number BPD-650, is a highly versatile and practical glass container suitable for a multitude of uses. Its generous 16-ounce capacity makes it ideal for storing a variety of food items, including homemade jams, jellies, pickles, sauces, or dry goods like grains, spices, and snacks. The clear glass construction allows for [&hellip;]<\/p>\n","protected":false},"featured_media":4716,"comment_status":"open","ping_status":"closed","template":"","meta":{"jetpack_publicize_message":"","jetpack_publicize_feature_enabled":true,"jetpack_social_post_already_shared":true,"jetpack_social_options":{"image_generator_settings":{"template":"highway","default_image_id":0,"font":"","enabled":false},"version":2},"_wpas_customize_per_network":false},"product_brand":[1391],"product_cat":[1375,1455,1507,1537],"product_tag":[1383],"class_list":{"0":"post-4715","1":"product","2":"type-product","3":"status-publish","4":"has-post-thumbnail","6":"product_brand-berlin-packaging","7":"product_cat-food-bottle-food-jar","8":"product_cat-300-500ml-food-jar","9":"product_cat-ergo-jar","10":"product_cat-glass","11":"product_tag-food","13":"first","14":"outofstock","15":"shipping-taxable","16":"product-type-simple"},"exclude_global_add_ons":[],"addons":[],"jetpack_publicize_connections":[],"jetpack_sharing_enabled":true,"jetpack_likes_enabled":true,"_links":{"self":[{"href":"https:\/\/berlinpackagingapac.com\/es\/wp-json\/wp\/v2\/product\/4715","targetHints":{"allow":["GET"]}}],"collection":[{"href":"https:\/\/berlinpackagingapac.com\/es\/wp-json\/wp\/v2\/product"}],"about":[{"href":"https:\/\/berlinpackagingapac.com\/es\/wp-json\/wp\/v2\/types\/product"}],"replies":[{"embeddable":true,"href":"https:\/\/berlinpackagingapac.com\/es\/wp-json\/wp\/v2\/comments?post=4715"}],"version-history":[{"count":2,"href":"https:\/\/berlinpackagingapac.com\/es\/wp-json\/wp\/v2\/product\/4715\/revisions"}],"predecessor-version":[{"id":4718,"href":"https:\/\/berlinpackagingapac.com\/es\/wp-json\/wp\/v2\/product\/4715\/revisions\/4718"}],"wp:featuredmedia":[{"embeddable":true,"href":"https:\/\/berlinpackagingapac.com\/es\/wp-json\/wp\/v2\/media\/4716"}],"wp:attachment":[{"href":"https:\/\/berlinpackagingapac.com\/es\/wp-json\/wp\/v2\/media?parent=4715"}],"wp:term":[{"taxonomy":"product_brand","embeddable":true,"href":"https:\/\/berlinpackagingapac.com\/es\/wp-json\/wp\/v2\/product_brand?post=4715"},{"taxonomy":"product_cat","embeddable":true,"href":"https:\/\/berlinpackagingapac.com\/es\/wp-json\/wp\/v2\/product_cat?post=4715"},{"taxonomy":"product_tag","embeddable":true,"href":"https:\/\/berlinpackagingapac.com\/es\/wp-json\/wp\/v2\/product_tag?post=4715"}],"curies":[{"name":"gracias","href":"https:\/\/api.w.org\/{rel}","templated":true}]}}