{"id":4969,"date":"2025-06-03T11:20:37","date_gmt":"2025-06-03T03:20:37","guid":{"rendered":"https:\/\/berlinpackagingapac.com\/?post_type=product&#038;p=4969"},"modified":"2025-06-03T11:20:37","modified_gmt":"2025-06-03T03:20:37","slug":"12-oz-de-jarabe-de-arce-bpag20416a","status":"publish","type":"product","link":"https:\/\/berlinpackagingapac.com\/es\/product\/12oz-maple-syrup-bpag20416a\/","title":{"rendered":"Jarabe de arce de 12 oz, BPAG20416A"},"content":{"rendered":"<p>Esta botella de jarabe de arce de 355 ml (BPAG20416A) contiene jarabe puro de grado A proveniente de \u00e1rboles de extracci\u00f3n sostenible, ofreciendo un sabor rico y suave con notas de caramelo. Ideal para panqueques, reposter\u00eda o como endulzante natural en recetas. La botella de vidrio con tapa de seguridad conserva la frescura, mientras que su f\u00f3rmula sin OMG ni aditivos es ideal para cocineros caseros y amantes de la salud. Su elegante empaque la convierte en un regalo ideal para los amantes de la gastronom\u00eda.<\/p>","protected":false},"excerpt":{"rendered":"<table style=\"border-collapse: collapse; width: 442.52pt;\" border=\"0\" width=\"885\" cellspacing=\"0\" cellpadding=\"0\">\n<tbody>\n<tr style=\"height: 21.75pt;\">\n<td class=\"et3\" style=\"height: 21.75pt; width: 92.00pt;\" width=\"184\" height=\"43\">Capacidad rebosante<\/td>\n<td class=\"et3\" style=\"width: 92.00pt;\" width=\"184\">Peso<\/td>\n<td class=\"et3\" style=\"width: 74.70pt;\" width=\"149\">Finalizar<\/td>\n<td class=\"et3\" style=\"width: 92.00pt;\" width=\"184\">Di\u00e1metro<\/td>\n<td class=\"et3\" style=\"width: 92.00pt;\" width=\"184\">Altura<\/td>\n<\/tr>\n<tr style=\"height: 21.75pt;\">\n<td class=\"et4\" style=\"height: 21.75pt;\" height=\"43\">373<\/td>\n<td class=\"et4\">310<\/td>\n<td class=\"et4\">28<\/td>\n<td class=\"et4\">Largo 101 x Ancho 44,8<\/td>\n<td class=\"et4\">185.5<\/td>\n<\/tr>\n<\/tbody>\n<\/table>","protected":false},"featured_media":4970,"comment_status":"open","ping_status":"closed","template":"","meta":{"jetpack_publicize_message":"","jetpack_publicize_feature_enabled":true,"jetpack_social_post_already_shared":true,"jetpack_social_options":{"image_generator_settings":{"template":"highway","default_image_id":0,"font":"","enabled":false},"version":2},"_wpas_customize_per_network":false},"product_brand":[1391],"product_cat":[1375,1455],"product_tag":[1383],"class_list":{"0":"post-4969","1":"product","2":"type-product","3":"status-publish","4":"has-post-thumbnail","6":"product_brand-berlin-packaging","7":"product_cat-food-bottle-food-jar","8":"product_cat-300-500ml-food-jar","9":"product_tag-food","11":"first","12":"outofstock","13":"shipping-taxable","14":"product-type-simple"},"exclude_global_add_ons":[],"addons":[],"jetpack_publicize_connections":[],"jetpack_sharing_enabled":true,"jetpack_likes_enabled":true,"_links":{"self":[{"href":"https:\/\/berlinpackagingapac.com\/es\/wp-json\/wp\/v2\/product\/4969","targetHints":{"allow":["GET"]}}],"collection":[{"href":"https:\/\/berlinpackagingapac.com\/es\/wp-json\/wp\/v2\/product"}],"about":[{"href":"https:\/\/berlinpackagingapac.com\/es\/wp-json\/wp\/v2\/types\/product"}],"replies":[{"embeddable":true,"href":"https:\/\/berlinpackagingapac.com\/es\/wp-json\/wp\/v2\/comments?post=4969"}],"version-history":[{"count":2,"href":"https:\/\/berlinpackagingapac.com\/es\/wp-json\/wp\/v2\/product\/4969\/revisions"}],"predecessor-version":[{"id":4972,"href":"https:\/\/berlinpackagingapac.com\/es\/wp-json\/wp\/v2\/product\/4969\/revisions\/4972"}],"wp:featuredmedia":[{"embeddable":true,"href":"https:\/\/berlinpackagingapac.com\/es\/wp-json\/wp\/v2\/media\/4970"}],"wp:attachment":[{"href":"https:\/\/berlinpackagingapac.com\/es\/wp-json\/wp\/v2\/media?parent=4969"}],"wp:term":[{"taxonomy":"product_brand","embeddable":true,"href":"https:\/\/berlinpackagingapac.com\/es\/wp-json\/wp\/v2\/product_brand?post=4969"},{"taxonomy":"product_cat","embeddable":true,"href":"https:\/\/berlinpackagingapac.com\/es\/wp-json\/wp\/v2\/product_cat?post=4969"},{"taxonomy":"product_tag","embeddable":true,"href":"https:\/\/berlinpackagingapac.com\/es\/wp-json\/wp\/v2\/product_tag?post=4969"}],"curies":[{"name":"gracias","href":"https:\/\/api.w.org\/{rel}","templated":true}]}}