{"id":5043,"date":"2025-06-03T14:41:30","date_gmt":"2025-06-03T06:41:30","guid":{"rendered":"https:\/\/berlinpackagingapac.com\/?post_type=product&#038;p=5043"},"modified":"2026-02-25T11:43:31","modified_gmt":"2026-02-25T03:43:31","slug":"botella-de-fermentacion-de-kombucha-250-bpd933","status":"publish","type":"product","link":"https:\/\/berlinpackagingapac.com\/es\/product\/kombucha-ferment-bottle-250-bpd933\/","title":{"rendered":"Botella de fermentaci\u00f3n de kombucha (250 ml), BPD933"},"content":{"rendered":"<p>Botella de fermentaci\u00f3n de kombucha (250 ml) | BPD933<br \/>\nDise\u00f1ado para la elaboraci\u00f3n y fermentaci\u00f3n de kombucha. Su vidrio de pared gruesa resiste los cambios de presi\u00f3n, mientras que su dise\u00f1o transparente permite la monitorizaci\u00f3n visual. Compatible con sistemas de esclusas de aire. Ideal para cerveceros artesanales y la producci\u00f3n de bebidas probi\u00f3ticas.<\/p>","protected":false},"excerpt":{"rendered":"<table style=\"border-collapse: collapse; width: 442.52pt;\" border=\"0\" width=\"885\" cellspacing=\"0\" cellpadding=\"0\">\n<tbody>\n<tr style=\"height: 21.75pt;\">\n<td class=\"et3\" style=\"height: 21.75pt; width: 92.00pt;\" width=\"184\" height=\"43\">Capacidad rebosante<\/td>\n<td class=\"et3\" style=\"width: 92.00pt;\" width=\"184\">Peso<\/td>\n<td class=\"et3\" style=\"width: 74.70pt;\" width=\"149\">Finalizar<\/td>\n<td class=\"et3\" style=\"width: 92.00pt;\" width=\"184\">Di\u00e1metro<\/td>\n<td class=\"et3\" style=\"width: 92.00pt;\" width=\"184\">Altura<\/td>\n<\/tr>\n<tr style=\"height: 21.75pt;\">\n<td class=\"et5\" style=\"height: 21.75pt;\" height=\"43\">274<\/td>\n<td class=\"et5\">180<\/td>\n<td class=\"et5\">MCA-128<\/td>\n<td class=\"et5\">60.3<\/td>\n<td class=\"et5\">153<\/td>\n<\/tr>\n<\/tbody>\n<\/table>","protected":false},"featured_media":5044,"comment_status":"open","ping_status":"closed","template":"","meta":{"jetpack_post_was_ever_published":false,"jetpack_publicize_message":"","jetpack_publicize_feature_enabled":true,"jetpack_social_post_already_shared":true,"jetpack_social_options":{"image_generator_settings":{"template":"highway","default_image_id":0,"font":"","enabled":false},"version":2},"_wpas_customize_per_network":false},"product_brand":[1391],"product_cat":[1376,1436,1537],"product_tag":[1384],"class_list":{"0":"post-5043","1":"product","2":"type-product","3":"status-publish","4":"has-post-thumbnail","6":"product_brand-berlin-packaging","7":"product_cat-beverage","8":"product_cat-100-330ml-beverage","9":"product_cat-glass","10":"product_tag-beverage","12":"first","13":"outofstock","14":"shipping-taxable","15":"product-type-simple"},"exclude_global_add_ons":[],"addons":[],"jetpack_publicize_connections":[],"jetpack_sharing_enabled":true,"jetpack_likes_enabled":true,"_links":{"self":[{"href":"https:\/\/berlinpackagingapac.com\/es\/wp-json\/wp\/v2\/product\/5043","targetHints":{"allow":["GET"]}}],"collection":[{"href":"https:\/\/berlinpackagingapac.com\/es\/wp-json\/wp\/v2\/product"}],"about":[{"href":"https:\/\/berlinpackagingapac.com\/es\/wp-json\/wp\/v2\/types\/product"}],"replies":[{"embeddable":true,"href":"https:\/\/berlinpackagingapac.com\/es\/wp-json\/wp\/v2\/comments?post=5043"}],"version-history":[{"count":4,"href":"https:\/\/berlinpackagingapac.com\/es\/wp-json\/wp\/v2\/product\/5043\/revisions"}],"predecessor-version":[{"id":5048,"href":"https:\/\/berlinpackagingapac.com\/es\/wp-json\/wp\/v2\/product\/5043\/revisions\/5048"}],"wp:featuredmedia":[{"embeddable":true,"href":"https:\/\/berlinpackagingapac.com\/es\/wp-json\/wp\/v2\/media\/5044"}],"wp:attachment":[{"href":"https:\/\/berlinpackagingapac.com\/es\/wp-json\/wp\/v2\/media?parent=5043"}],"wp:term":[{"taxonomy":"product_brand","embeddable":true,"href":"https:\/\/berlinpackagingapac.com\/es\/wp-json\/wp\/v2\/product_brand?post=5043"},{"taxonomy":"product_cat","embeddable":true,"href":"https:\/\/berlinpackagingapac.com\/es\/wp-json\/wp\/v2\/product_cat?post=5043"},{"taxonomy":"product_tag","embeddable":true,"href":"https:\/\/berlinpackagingapac.com\/es\/wp-json\/wp\/v2\/product_tag?post=5043"}],"curies":[{"name":"gracias","href":"https:\/\/api.w.org\/{rel}","templated":true}]}}