{"id":5965,"date":"2025-06-23T12:35:30","date_gmt":"2025-06-23T04:35:30","guid":{"rendered":"https:\/\/berlinpackagingapac.com\/?post_type=product&#038;p=5965"},"modified":"2025-06-23T12:35:31","modified_gmt":"2025-06-23T04:35:31","slug":"bases-de-cupula-para-extremos-inferiores-de-latas-de-aerosol-para-latas-de-hojalata-de-aluminio-de-045-52-57-60-y-65-mm","status":"publish","type":"product","link":"https:\/\/berlinpackagingapac.com\/es\/product\/aerosol-can-bottom-ends-dome-bases-for-o45-52-57-60-65mm-aluminum-tinplate-cans\/","title":{"rendered":"Extremos inferiores para latas de aerosol: bases de c\u00fapula para latas de aluminio y hojalata de \u00d845\/52\/57\/60\/65 mm"},"content":{"rendered":"<p>C\u00fapulas inferiores de alta resistencia dise\u00f1adas para aerosoles de \u00d845 mm a \u00d865 mm. Ideales para el envasado de aerosoles presurizados en aplicaciones de cuidado personal, automoci\u00f3n, uso dom\u00e9stico y gases t\u00e9cnicos.<\/p>","protected":false},"excerpt":{"rendered":"<p><strong>Descripci\u00f3n general del producto<\/strong><br \/>\nNuestros extremos inferiores para aerosoles est\u00e1n dise\u00f1ados para brindar estabilidad, buen sellado y resistencia a la presi\u00f3n. Estas bases abovedadas est\u00e1n fabricadas en hojalata o aluminio, lo que garantiza la integridad estructural de productos de cuidado personal y aerosoles industriales.<\/p>\n<p><strong>Di\u00e1metros compatibles<\/strong><br \/>\n\u00d845mm<br \/>\n\u00d852mm<br \/>\n\u00d857mm<br \/>\n\u00d860mm<br \/>\n\u00d865mm<\/p>\n<p><strong>Aplicaciones<\/strong><br \/>\nLacas para peinar el cabello<br \/>\nAmbientadores y neutralizadores de olores<br \/>\nProductos en aerosol para autom\u00f3viles<br \/>\nAerosoles a base de butano y gas<br \/>\nBotes de aerosol presurizados de uso general<\/p>\n<p><strong>Opciones de acabado<\/strong><br \/>\nMaterial: hojalata o aluminio<br \/>\nColores personalizados a pedido<\/p>\n<p><strong>Con o sin revestimiento protector interno<\/strong><\/p>","protected":false},"featured_media":5967,"comment_status":"open","ping_status":"closed","template":"","meta":{"jetpack_post_was_ever_published":false,"jetpack_publicize_message":"","jetpack_publicize_feature_enabled":true,"jetpack_social_post_already_shared":true,"jetpack_social_options":{"image_generator_settings":{"template":"highway","default_image_id":0,"font":"","enabled":false},"version":2},"_wpas_customize_per_network":false},"product_brand":[1391],"product_cat":[1539,1540,1377,1379,1380],"product_tag":[1541],"class_list":{"0":"post-5965","1":"product","2":"type-product","3":"status-publish","4":"has-post-thumbnail","6":"product_brand-berlin-packaging","7":"product_cat-metal","8":"product_cat-aluminum-aerosol-can","9":"product_cat-cosmetics-personal-care","10":"product_cat-home-cleaning","11":"product_cat-industrial-chemical-packaging","12":"product_tag-aluminum-aerosol-can","14":"first","15":"outofstock","16":"shipping-taxable","17":"product-type-simple"},"exclude_global_add_ons":[],"addons":[],"jetpack_publicize_connections":[],"jetpack_sharing_enabled":true,"jetpack_likes_enabled":true,"_links":{"self":[{"href":"https:\/\/berlinpackagingapac.com\/es\/wp-json\/wp\/v2\/product\/5965","targetHints":{"allow":["GET"]}}],"collection":[{"href":"https:\/\/berlinpackagingapac.com\/es\/wp-json\/wp\/v2\/product"}],"about":[{"href":"https:\/\/berlinpackagingapac.com\/es\/wp-json\/wp\/v2\/types\/product"}],"replies":[{"embeddable":true,"href":"https:\/\/berlinpackagingapac.com\/es\/wp-json\/wp\/v2\/comments?post=5965"}],"version-history":[{"count":3,"href":"https:\/\/berlinpackagingapac.com\/es\/wp-json\/wp\/v2\/product\/5965\/revisions"}],"predecessor-version":[{"id":5973,"href":"https:\/\/berlinpackagingapac.com\/es\/wp-json\/wp\/v2\/product\/5965\/revisions\/5973"}],"wp:featuredmedia":[{"embeddable":true,"href":"https:\/\/berlinpackagingapac.com\/es\/wp-json\/wp\/v2\/media\/5967"}],"wp:attachment":[{"href":"https:\/\/berlinpackagingapac.com\/es\/wp-json\/wp\/v2\/media?parent=5965"}],"wp:term":[{"taxonomy":"product_brand","embeddable":true,"href":"https:\/\/berlinpackagingapac.com\/es\/wp-json\/wp\/v2\/product_brand?post=5965"},{"taxonomy":"product_cat","embeddable":true,"href":"https:\/\/berlinpackagingapac.com\/es\/wp-json\/wp\/v2\/product_cat?post=5965"},{"taxonomy":"product_tag","embeddable":true,"href":"https:\/\/berlinpackagingapac.com\/es\/wp-json\/wp\/v2\/product_tag?post=5965"}],"curies":[{"name":"gracias","href":"https:\/\/api.w.org\/{rel}","templated":true}]}}