{"id":5999,"date":"2025-06-24T14:32:55","date_gmt":"2025-06-24T06:32:55","guid":{"rendered":"https:\/\/berlinpackagingapac.com\/?post_type=product&#038;p=5999"},"modified":"2025-06-24T14:56:50","modified_gmt":"2025-06-24T06:56:50","slug":"botella-de-perfume-cuadrada-de-vidrio-transparente-con-borde-de-cristal-de-108-ml","status":"publish","type":"product","link":"https:\/\/berlinpackagingapac.com\/es\/product\/108ml-crystal-edge-square-clear-glass-perfume-bottle\/","title":{"rendered":"Botella de perfume cuadrada de vidrio transparente con borde de cristal de 108 ml"},"content":{"rendered":"<p data-start=\"547\" data-end=\"875\"><strong data-start=\"547\" data-end=\"567\">Descripci\u00f3n general del producto<\/strong><br data-start=\"567\" data-end=\"570\" \/>Esta botella de perfume cuadrada de 108 ml con borde de cristal presenta una refinada silueta cuadrada con bordes facetados que le dan un aspecto de joya de alta gama. Fabricada en vidrio s\u00edlex grueso, ofrece excelente claridad, peso y durabilidad, lo que la convierte en la opci\u00f3n perfecta para marcas de perfumes o cosm\u00e9ticos de alta gama.<\/p>\n<p data-start=\"877\" data-end=\"895\"><strong data-start=\"877\" data-end=\"893\">Caracter\u00edsticas principales<\/strong><\/p>\n<ul data-start=\"896\" data-end=\"1260\">\n<li data-start=\"896\" data-end=\"969\">\n<p data-start=\"898\" data-end=\"969\"><strong data-start=\"898\" data-end=\"916\">Dise\u00f1o elegante<\/strong>: Forma cuadrada clara con bordes biselados estilo cristal.<\/p>\n<\/li>\n<li data-start=\"970\" data-end=\"1026\">\n<p data-start=\"972\" data-end=\"1026\"><strong data-start=\"972\" data-end=\"994\">Vidrio de alta claridad<\/strong>:Garantiza un atractivo premium en las estanter\u00edas<\/p>\n<\/li>\n<li data-start=\"1027\" data-end=\"1084\">\n<p data-start=\"1029\" data-end=\"1084\"><strong data-start=\"1029\" data-end=\"1050\">Base inferior pesada<\/strong>:Agrega estabilidad y sensaci\u00f3n de lujo.<\/p>\n<\/li>\n<li data-start=\"1085\" data-end=\"1167\">\n<p data-start=\"1087\" data-end=\"1167\"><strong data-start=\"1087\" data-end=\"1111\">Acabado de m\u00e1stil est\u00e1ndar<\/strong>:Compatible con bomba de crimpado de 15,3 mm o v\u00e1lvula de pulverizaci\u00f3n FEA<\/p>\n<\/li>\n<li data-start=\"1168\" data-end=\"1260\">\n<p data-start=\"1170\" data-end=\"1260\"><strong data-start=\"1170\" data-end=\"1192\">Opciones de decoraci\u00f3n<\/strong>:Esmerilado, pulverizaci\u00f3n de color, serigraf\u00eda y metalizaci\u00f3n disponibles.<\/p>\n<\/li>\n<\/ul>\n<p data-start=\"1262\" data-end=\"1280\"><strong data-start=\"1262\" data-end=\"1278\">Aplicaciones<\/strong><\/p>\n<ul data-start=\"1281\" data-end=\"1410\">\n<li data-start=\"1281\" data-end=\"1316\">\n<p data-start=\"1283\" data-end=\"1316\">Agua de perfume \/ Agua de colonia<\/p>\n<\/li>\n<li data-start=\"1317\" data-end=\"1344\">\n<p data-start=\"1319\" data-end=\"1344\">Spray para el cabello o spray corporal<\/p>\n<\/li>\n<li data-start=\"1345\" data-end=\"1388\">\n<p data-start=\"1347\" data-end=\"1388\">L\u00edneas de perfumes de marca privada o de dise\u00f1ador<\/p>\n<\/li>\n<li data-start=\"1389\" data-end=\"1410\">\n<p data-start=\"1391\" data-end=\"1410\">Sets de regalo de fragancias<\/p>\n<\/li>\n<\/ul>","protected":false},"excerpt":{"rendered":"<table width=\"528\">\n<tbody>\n<tr>\n<td width=\"126\">Capacidad rebosante ml<\/td>\n<td width=\"131\">Capacidad de llenado ml<\/td>\n<td width=\"60\">Peso g<\/td>\n<td width=\"68\">Acabado mm<\/td>\n<td width=\"74\">Di\u00e1metro mm<\/td>\n<td width=\"69\">Altura mm<\/td>\n<\/tr>\n<tr>\n<td>108<\/td>\n<td>N \/ A<\/td>\n<td>310<\/td>\n<td>15.3<\/td>\n<td>62.3&#215;62.3<\/td>\n<td>72<\/td>\n<\/tr>\n<\/tbody>\n<\/table>","protected":false},"featured_media":6001,"comment_status":"open","ping_status":"closed","template":"","meta":{"jetpack_post_was_ever_published":false,"jetpack_publicize_message":"","jetpack_publicize_feature_enabled":true,"jetpack_social_post_already_shared":true,"jetpack_social_options":{"image_generator_settings":{"template":"highway","default_image_id":0,"font":"","enabled":false},"version":2},"_wpas_customize_per_network":false},"product_brand":[1391],"product_cat":[1537,1377,1542],"product_tag":[1543],"class_list":{"0":"post-5999","1":"product","2":"type-product","3":"status-publish","4":"has-post-thumbnail","6":"product_brand-berlin-packaging","7":"product_cat-glass","8":"product_cat-cosmetics-personal-care","9":"product_cat-perfume","10":"product_tag-perfume","12":"first","13":"outofstock","14":"shipping-taxable","15":"product-type-simple"},"exclude_global_add_ons":[],"addons":[],"jetpack_publicize_connections":[],"jetpack_sharing_enabled":true,"jetpack_likes_enabled":true,"_links":{"self":[{"href":"https:\/\/berlinpackagingapac.com\/es\/wp-json\/wp\/v2\/product\/5999","targetHints":{"allow":["GET"]}}],"collection":[{"href":"https:\/\/berlinpackagingapac.com\/es\/wp-json\/wp\/v2\/product"}],"about":[{"href":"https:\/\/berlinpackagingapac.com\/es\/wp-json\/wp\/v2\/types\/product"}],"replies":[{"embeddable":true,"href":"https:\/\/berlinpackagingapac.com\/es\/wp-json\/wp\/v2\/comments?post=5999"}],"version-history":[{"count":5,"href":"https:\/\/berlinpackagingapac.com\/es\/wp-json\/wp\/v2\/product\/5999\/revisions"}],"predecessor-version":[{"id":6018,"href":"https:\/\/berlinpackagingapac.com\/es\/wp-json\/wp\/v2\/product\/5999\/revisions\/6018"}],"wp:featuredmedia":[{"embeddable":true,"href":"https:\/\/berlinpackagingapac.com\/es\/wp-json\/wp\/v2\/media\/6001"}],"wp:attachment":[{"href":"https:\/\/berlinpackagingapac.com\/es\/wp-json\/wp\/v2\/media?parent=5999"}],"wp:term":[{"taxonomy":"product_brand","embeddable":true,"href":"https:\/\/berlinpackagingapac.com\/es\/wp-json\/wp\/v2\/product_brand?post=5999"},{"taxonomy":"product_cat","embeddable":true,"href":"https:\/\/berlinpackagingapac.com\/es\/wp-json\/wp\/v2\/product_cat?post=5999"},{"taxonomy":"product_tag","embeddable":true,"href":"https:\/\/berlinpackagingapac.com\/es\/wp-json\/wp\/v2\/product_tag?post=5999"}],"curies":[{"name":"gracias","href":"https:\/\/api.w.org\/{rel}","templated":true}]}}