{"id":6027,"date":"2025-06-24T15:15:36","date_gmt":"2025-06-24T07:15:36","guid":{"rendered":"https:\/\/berlinpackagingapac.com\/?post_type=product&#038;p=6027"},"modified":"2025-06-30T17:08:06","modified_gmt":"2025-06-30T09:08:06","slug":"orris-100-ml-fea-15-clear-glass-perfume-bottle","status":"publish","type":"product","link":"https:\/\/berlinpackagingapac.com\/es\/producto\/orris-100-ml-fea-15-clear-glass-perfume-bottle\/","title":{"rendered":"Frasco de perfume de vidrio transparente Orris FEA 15 de 100 ml, BPP286"},"content":{"rendered":"<p data-start=\"518\" data-end=\"876\"><strong data-start=\"518\" data-end=\"538\">Descripci\u00f3n general del producto<\/strong><br data-start=\"538\" data-end=\"541\" \/>El frasco de perfume de vidrio Orris de 100 ml presenta una moderna forma redonda, una base de vidrio grueso y un acabado transparente de alta calidad que realza la fragancia en su interior. Dise\u00f1ado con un... <strong data-start=\"719\" data-end=\"740\">Cuello de engarce FEA 15<\/strong>Es compatible con bombas de pulverizaci\u00f3n de perfume est\u00e1ndar y tapas, lo que lo convierte en una opci\u00f3n ideal tanto para marcas de fragancias de lujo como de nicho.<\/p>\n<p data-start=\"878\" data-end=\"896\"><strong data-start=\"878\" data-end=\"894\">Caracter\u00edsticas principales<\/strong><\/p>\n<ul data-start=\"897\" data-end=\"1475\">\n<li data-start=\"897\" data-end=\"939\">\n<p data-start=\"899\" data-end=\"939\"><strong data-start=\"899\" data-end=\"911\">Material<\/strong>: Vidrio s\u00edlex de alta claridad<\/p>\n<\/li>\n<li data-start=\"940\" data-end=\"987\">\n<p data-start=\"942\" data-end=\"987\"><strong data-start=\"942\" data-end=\"957\">Acabado del m\u00e1stil<\/strong>: FEA 15 (cuello de crimpado de 15,3 mm)<\/p>\n<\/li>\n<li data-start=\"988\" data-end=\"1020\">\n<p data-start=\"990\" data-end=\"1020\"><strong data-start=\"990\" data-end=\"1010\">Capacidad rebosante<\/strong>:107 ml<\/p>\n<\/li>\n<li data-start=\"1021\" data-end=\"1086\">\n<p data-start=\"1023\" data-end=\"1086\"><strong data-start=\"1023\" data-end=\"1043\">Capacidad de llenado<\/strong>: Normalmente 100 ml (TBC con dise\u00f1o de bomba)<\/p>\n<\/li>\n<li data-start=\"1087\" data-end=\"1154\">\n<p data-start=\"1089\" data-end=\"1154\"><strong data-start=\"1089\" data-end=\"1106\">Peso de la botella<\/strong>:208 g: vidrio pesado de primera calidad para una sensaci\u00f3n de lujo<\/p>\n<\/li>\n<li data-start=\"1155\" data-end=\"1181\">\n<p data-start=\"1157\" data-end=\"1181\"><strong data-start=\"1157\" data-end=\"1169\">Di\u00e1metro<\/strong>: \u230056,6 mm<\/p>\n<\/li>\n<li data-start=\"1182\" data-end=\"1203\">\n<p data-start=\"1184\" data-end=\"1203\"><strong data-start=\"1184\" data-end=\"1194\">Altura<\/strong>:91 mil\u00edmetros<\/p>\n<\/li>\n<li data-start=\"1204\" data-end=\"1262\">\n<p data-start=\"1206\" data-end=\"1262\"><strong data-start=\"1206\" data-end=\"1221\">Dise\u00f1o de base<\/strong>:Fondo plano y grueso, estable y elegante.<\/p>\n<\/li>\n<li data-start=\"1263\" data-end=\"1350\">\n<p data-start=\"1265\" data-end=\"1350\"><strong data-start=\"1265\" data-end=\"1287\">Opciones de decoraci\u00f3n<\/strong>: Serigraf\u00eda, estampaci\u00f3n en caliente, esmerilado, recubrimiento por pulverizaci\u00f3n.<\/p>\n<\/li>\n<li data-start=\"1351\" data-end=\"1475\">\n<p data-start=\"1353\" data-end=\"1378\"><strong data-start=\"1353\" data-end=\"1375\">Campos de aplicaci\u00f3n<\/strong>:<\/p>\n<ul data-start=\"1381\" data-end=\"1475\">\n<li data-start=\"1381\" data-end=\"1398\">\n<p data-start=\"1383\" data-end=\"1398\">Agua de perfume<\/p>\n<\/li>\n<li data-start=\"1401\" data-end=\"1420\">\n<p data-start=\"1403\" data-end=\"1420\">Agua de colonia<\/p>\n<\/li>\n<li data-start=\"1423\" data-end=\"1442\">\n<p data-start=\"1425\" data-end=\"1442\">Brumas de fragancia<\/p>\n<\/li>\n<li data-start=\"1445\" data-end=\"1475\">\n<p data-start=\"1447\" data-end=\"1475\">Marca personal y de lujo<\/p>\n<\/li>\n<\/ul>\n<\/li>\n<\/ul>","protected":false},"excerpt":{"rendered":"<table width=\"528\">\n<tbody>\n<tr>\n<td width=\"126\">Capacidad rebosante ml<\/td>\n<td width=\"131\">Capacidad de llenado ml<\/td>\n<td width=\"60\">Peso g<\/td>\n<td width=\"68\">Acabado mm<\/td>\n<td width=\"74\">Di\u00e1metro mm<\/td>\n<td width=\"69\">Altura mm<\/td>\n<\/tr>\n<tr>\n<td>107<\/td>\n<td>N \/ A<\/td>\n<td>208<\/td>\n<td>15.3<\/td>\n<td>\u230056.6<\/td>\n<td>91<\/td>\n<\/tr>\n<\/tbody>\n<\/table>","protected":false},"featured_media":6029,"comment_status":"open","ping_status":"closed","template":"","meta":{"jetpack_publicize_message":"","jetpack_publicize_feature_enabled":true,"jetpack_social_post_already_shared":true,"jetpack_social_options":{"image_generator_settings":{"template":"highway","default_image_id":0,"font":"","enabled":false},"version":2},"_wpas_customize_per_network":false},"product_brand":[1391],"product_cat":[1537,1377,1542],"product_tag":[1543],"class_list":{"0":"post-6027","1":"product","2":"type-product","3":"status-publish","4":"has-post-thumbnail","6":"product_brand-berlin-packaging","7":"product_cat-glass","8":"product_cat-cosmetics-personal-care","9":"product_cat-perfume","10":"product_tag-perfume","12":"first","13":"outofstock","14":"shipping-taxable","15":"product-type-simple"},"exclude_global_add_ons":[],"addons":[],"jetpack_publicize_connections":[],"jetpack_sharing_enabled":true,"jetpack_likes_enabled":true,"_links":{"self":[{"href":"https:\/\/berlinpackagingapac.com\/es\/wp-json\/wp\/v2\/product\/6027","targetHints":{"allow":["GET"]}}],"collection":[{"href":"https:\/\/berlinpackagingapac.com\/es\/wp-json\/wp\/v2\/product"}],"about":[{"href":"https:\/\/berlinpackagingapac.com\/es\/wp-json\/wp\/v2\/types\/product"}],"replies":[{"embeddable":true,"href":"https:\/\/berlinpackagingapac.com\/es\/wp-json\/wp\/v2\/comments?post=6027"}],"version-history":[{"count":3,"href":"https:\/\/berlinpackagingapac.com\/es\/wp-json\/wp\/v2\/product\/6027\/revisions"}],"predecessor-version":[{"id":6770,"href":"https:\/\/berlinpackagingapac.com\/es\/wp-json\/wp\/v2\/product\/6027\/revisions\/6770"}],"wp:featuredmedia":[{"embeddable":true,"href":"https:\/\/berlinpackagingapac.com\/es\/wp-json\/wp\/v2\/media\/6029"}],"wp:attachment":[{"href":"https:\/\/berlinpackagingapac.com\/es\/wp-json\/wp\/v2\/media?parent=6027"}],"wp:term":[{"taxonomy":"product_brand","embeddable":true,"href":"https:\/\/berlinpackagingapac.com\/es\/wp-json\/wp\/v2\/product_brand?post=6027"},{"taxonomy":"product_cat","embeddable":true,"href":"https:\/\/berlinpackagingapac.com\/es\/wp-json\/wp\/v2\/product_cat?post=6027"},{"taxonomy":"product_tag","embeddable":true,"href":"https:\/\/berlinpackagingapac.com\/es\/wp-json\/wp\/v2\/product_tag?post=6027"}],"curies":[{"name":"gracias","href":"https:\/\/api.w.org\/{rel}","templated":true}]}}