{"id":6108,"date":"2025-06-24T17:08:57","date_gmt":"2025-06-24T09:08:57","guid":{"rendered":"https:\/\/berlinpackagingapac.com\/?post_type=product&#038;p=6108"},"modified":"2025-08-13T15:16:13","modified_gmt":"2025-08-13T07:16:13","slug":"botella-de-agua-de-750-ml-bpm-012","status":"publish","type":"product","link":"https:\/\/berlinpackagingapac.com\/es\/product\/750ml-water-bottle-bpm-012\/","title":{"rendered":"Botella de agua de 750 ml, BPM-012"},"content":{"rendered":"<p data-start=\"469\" data-end=\"871\"><strong data-start=\"469\" data-end=\"489\">Descripci\u00f3n general del producto<\/strong><br data-start=\"489\" data-end=\"492\" \/>La botella de vidrio BPM-012 de 750 ml ofrece un dise\u00f1o limpio y minimalista con alta transparencia y un cuerpo cil\u00edndrico alto. Dise\u00f1ada para agua, jugos y bebidas sin gas de alta calidad, esta botella presenta un acabado de 27,3 mm compatible con tapones de rosca est\u00e1ndar. Su amplia superficie facilita el etiquetado y el enfundado, lo que la hace ideal para la presentaci\u00f3n de marca en canales minoristas y de hosteler\u00eda.<\/p>\n<p data-start=\"873\" data-end=\"891\"><strong data-start=\"873\" data-end=\"889\">Aplicaciones<\/strong><\/p>\n<ul data-start=\"892\" data-end=\"1058\">\n<li data-start=\"892\" data-end=\"919\">\n<p data-start=\"894\" data-end=\"919\">Agua sin gas y con gas<\/p>\n<\/li>\n<li data-start=\"920\" data-end=\"956\">\n<p data-start=\"922\" data-end=\"956\">T\u00e9 fr\u00edo o infusiones de frutas<\/p>\n<\/li>\n<li data-start=\"957\" data-end=\"989\">\n<p data-start=\"959\" data-end=\"989\">Jugos y bebidas funcionales<\/p>\n<\/li>\n<li data-start=\"990\" data-end=\"1020\">\n<p data-start=\"992\" data-end=\"1020\">Kombucha (sin presurizar)<\/p>\n<\/li>\n<li data-start=\"1021\" data-end=\"1058\">\n<p data-start=\"1023\" data-end=\"1058\">Bebidas a base de vinagre o de bienestar<\/p>\n<\/li>\n<\/ul>\n<p data-start=\"1060\" data-end=\"1078\"><strong data-start=\"1060\" data-end=\"1076\">Caracter\u00edsticas principales<\/strong><\/p>\n<ul data-start=\"1079\" data-end=\"1298\">\n<li data-start=\"1079\" data-end=\"1131\">\n<p data-start=\"1081\" data-end=\"1131\">Perfil alto con base estable para impacto en estantes.<\/p>\n<\/li>\n<li data-start=\"1132\" data-end=\"1162\">\n<p data-start=\"1134\" data-end=\"1162\">Vidrio s\u00f3dico-c\u00e1lcico de calidad alimentaria<\/p>\n<\/li>\n<li data-start=\"1163\" data-end=\"1207\">\n<p data-start=\"1165\" data-end=\"1207\">Amplia superficie de etiqueta, perfecta para marcar.<\/p>\n<\/li>\n<li data-start=\"1208\" data-end=\"1267\">\n<p data-start=\"1210\" data-end=\"1267\">Compatible con tapones de rosca de aluminio o pl\u00e1stico (27,3 mm)<\/p>\n<\/li>\n<\/ul>","protected":false},"excerpt":{"rendered":"<table width=\"528\">\n<tbody>\n<tr>\n<td width=\"126\">Capacidad rebosante ml<\/td>\n<td width=\"131\">Capacidad de llenado ml<\/td>\n<td width=\"60\">Peso g<\/td>\n<td width=\"68\">Acabado mm<\/td>\n<td width=\"74\">Di\u00e1metro mm<\/td>\n<td width=\"69\">Altura mm<\/td>\n<\/tr>\n<tr>\n<td>795<\/td>\n<td>750<\/td>\n<td>460<\/td>\n<td>27.3<\/td>\n<td>\u230082.4<\/td>\n<td>240<\/td>\n<\/tr>\n<\/tbody>\n<\/table>","protected":false},"featured_media":7679,"comment_status":"open","ping_status":"closed","template":"","meta":{"jetpack_publicize_message":"","jetpack_publicize_feature_enabled":true,"jetpack_social_post_already_shared":true,"jetpack_social_options":{"image_generator_settings":{"template":"highway","default_image_id":0,"font":"","enabled":false},"version":2},"_wpas_customize_per_network":false},"product_brand":[1391],"product_cat":[1537,1439,1376],"product_tag":[1384],"class_list":{"0":"post-6108","1":"product","2":"type-product","3":"status-publish","4":"has-post-thumbnail","6":"product_brand-berlin-packaging","7":"product_cat-glass","8":"product_cat-750-1000ml-beverage","9":"product_cat-beverage","10":"product_tag-beverage","12":"first","13":"outofstock","14":"shipping-taxable","15":"product-type-simple"},"exclude_global_add_ons":[],"addons":[],"jetpack_publicize_connections":[],"jetpack_sharing_enabled":true,"jetpack_likes_enabled":true,"_links":{"self":[{"href":"https:\/\/berlinpackagingapac.com\/es\/wp-json\/wp\/v2\/product\/6108","targetHints":{"allow":["GET"]}}],"collection":[{"href":"https:\/\/berlinpackagingapac.com\/es\/wp-json\/wp\/v2\/product"}],"about":[{"href":"https:\/\/berlinpackagingapac.com\/es\/wp-json\/wp\/v2\/types\/product"}],"replies":[{"embeddable":true,"href":"https:\/\/berlinpackagingapac.com\/es\/wp-json\/wp\/v2\/comments?post=6108"}],"version-history":[{"count":2,"href":"https:\/\/berlinpackagingapac.com\/es\/wp-json\/wp\/v2\/product\/6108\/revisions"}],"predecessor-version":[{"id":6120,"href":"https:\/\/berlinpackagingapac.com\/es\/wp-json\/wp\/v2\/product\/6108\/revisions\/6120"}],"wp:featuredmedia":[{"embeddable":true,"href":"https:\/\/berlinpackagingapac.com\/es\/wp-json\/wp\/v2\/media\/7679"}],"wp:attachment":[{"href":"https:\/\/berlinpackagingapac.com\/es\/wp-json\/wp\/v2\/media?parent=6108"}],"wp:term":[{"taxonomy":"product_brand","embeddable":true,"href":"https:\/\/berlinpackagingapac.com\/es\/wp-json\/wp\/v2\/product_brand?post=6108"},{"taxonomy":"product_cat","embeddable":true,"href":"https:\/\/berlinpackagingapac.com\/es\/wp-json\/wp\/v2\/product_cat?post=6108"},{"taxonomy":"product_tag","embeddable":true,"href":"https:\/\/berlinpackagingapac.com\/es\/wp-json\/wp\/v2\/product_tag?post=6108"}],"curies":[{"name":"gracias","href":"https:\/\/api.w.org\/{rel}","templated":true}]}}