{"id":6313,"date":"2025-06-25T15:58:05","date_gmt":"2025-06-25T07:58:05","guid":{"rendered":"https:\/\/berlinpackagingapac.com\/?post_type=product&#038;p=6313"},"modified":"2025-06-25T15:58:05","modified_gmt":"2025-06-25T07:58:05","slug":"botella-de-cerveza-de-330-ml-bpb-654","status":"publish","type":"product","link":"https:\/\/berlinpackagingapac.com\/es\/product\/330ml-beer-bottle-bpb-654\/","title":{"rendered":"Botella de cerveza de 330 ml, BPB-654"},"content":{"rendered":"<p data-start=\"363\" data-end=\"612\">Esta botella \u00e1mbar de 330 ml presenta un dise\u00f1o cl\u00e1sico de cuello largo y un cierre de seguridad (26,55 mm), ideal para conservar la carbonataci\u00f3n y el sabor. Fabricada con vidrio \u00e1mbar de alta calidad, ofrece protecci\u00f3n UV natural para mantener la frescura del producto.<\/p>\n<p data-start=\"614\" data-end=\"823\">Ya sea que envases cerveza artesanal, refresco o kombucha, esta botella ofrece una presentaci\u00f3n premium y un rendimiento confiable. Es compatible con tapas corona est\u00e1ndar y apta para l\u00edneas de embotellado automatizadas.<\/p>\n<p data-start=\"825\" data-end=\"846\"><strong data-start=\"825\" data-end=\"844\">Presupuesto:<\/strong><\/p>\n<ul data-start=\"847\" data-end=\"1093\">\n<li data-start=\"847\" data-end=\"879\">\n<p data-start=\"849\" data-end=\"879\"><strong data-start=\"849\" data-end=\"870\">Capacidad rebosante:<\/strong> 345 ml<\/p>\n<\/li>\n<li data-start=\"880\" data-end=\"912\">\n<p data-start=\"882\" data-end=\"912\"><strong data-start=\"882\" data-end=\"903\">Capacidad de llenado:<\/strong> 330 ml<\/p>\n<\/li>\n<li data-start=\"913\" data-end=\"941\">\n<p data-start=\"915\" data-end=\"941\"><strong data-start=\"915\" data-end=\"933\">Peso de la botella:<\/strong> 240 gramos<\/p>\n<\/li>\n<li data-start=\"942\" data-end=\"972\">\n<p data-start=\"944\" data-end=\"972\"><strong data-start=\"944\" data-end=\"955\">Finalizar:<\/strong> Corona 26,55 mm<\/p>\n<\/li>\n<li data-start=\"973\" data-end=\"997\">\n<p data-start=\"975\" data-end=\"997\"><strong data-start=\"975\" data-end=\"988\">Di\u00e1metro:<\/strong> \u230060 mm<\/p>\n<\/li>\n<li data-start=\"998\" data-end=\"1020\">\n<p data-start=\"1000\" data-end=\"1020\"><strong data-start=\"1000\" data-end=\"1011\">Altura:<\/strong> 227 mil\u00edmetros<\/p>\n<\/li>\n<li data-start=\"1021\" data-end=\"1041\">\n<p data-start=\"1023\" data-end=\"1041\"><strong data-start=\"1023\" data-end=\"1033\">Color:<\/strong> \u00c1mbar<\/p>\n<\/li>\n<li data-start=\"1042\" data-end=\"1093\">\n<p data-start=\"1044\" data-end=\"1093\"><strong data-start=\"1044\" data-end=\"1060\">Solicitud:<\/strong> Cerveza, refrescos, bebidas carbonatadas<\/p>\n<\/li>\n<\/ul>\n<p data-start=\"1095\" data-end=\"1157\"><em data-start=\"1095\" data-end=\"1157\">Opciones de personalizaci\u00f3n disponibles para etiquetado y decoraci\u00f3n.<\/em><\/p>","protected":false},"excerpt":{"rendered":"<table width=\"528\">\n<tbody>\n<tr>\n<td width=\"126\">Capacidad rebosante ml<\/td>\n<td width=\"131\">Capacidad de llenado ml<\/td>\n<td width=\"60\">Peso g<\/td>\n<td width=\"68\">Acabado mm<\/td>\n<td width=\"74\">Di\u00e1metro mm<\/td>\n<td width=\"69\">Altura mm<\/td>\n<\/tr>\n<tr>\n<td>345<\/td>\n<td>330<\/td>\n<td>240<\/td>\n<td>corona 26.55<\/td>\n<td>\u230060<\/td>\n<td>227<\/td>\n<\/tr>\n<\/tbody>\n<\/table>","protected":false},"featured_media":6321,"comment_status":"open","ping_status":"closed","template":"","meta":{"jetpack_post_was_ever_published":false,"jetpack_publicize_message":"","jetpack_publicize_feature_enabled":true,"jetpack_social_post_already_shared":true,"jetpack_social_options":{"image_generator_settings":{"template":"highway","default_image_id":0,"font":"","enabled":false},"version":2},"_wpas_customize_per_network":false},"product_brand":[1391],"product_cat":[1537,1461,1443],"product_tag":[1491],"class_list":{"0":"post-6313","1":"product","2":"type-product","3":"status-publish","4":"has-post-thumbnail","6":"product_brand-berlin-packaging","7":"product_cat-glass","8":"product_cat-330ml-beer","9":"product_cat-beer-packaging","10":"product_tag-beer","12":"first","13":"outofstock","14":"shipping-taxable","15":"product-type-simple"},"exclude_global_add_ons":[],"addons":[],"jetpack_publicize_connections":[],"jetpack_sharing_enabled":true,"jetpack_likes_enabled":true,"_links":{"self":[{"href":"https:\/\/berlinpackagingapac.com\/es\/wp-json\/wp\/v2\/product\/6313","targetHints":{"allow":["GET"]}}],"collection":[{"href":"https:\/\/berlinpackagingapac.com\/es\/wp-json\/wp\/v2\/product"}],"about":[{"href":"https:\/\/berlinpackagingapac.com\/es\/wp-json\/wp\/v2\/types\/product"}],"replies":[{"embeddable":true,"href":"https:\/\/berlinpackagingapac.com\/es\/wp-json\/wp\/v2\/comments?post=6313"}],"version-history":[{"count":2,"href":"https:\/\/berlinpackagingapac.com\/es\/wp-json\/wp\/v2\/product\/6313\/revisions"}],"predecessor-version":[{"id":6328,"href":"https:\/\/berlinpackagingapac.com\/es\/wp-json\/wp\/v2\/product\/6313\/revisions\/6328"}],"wp:featuredmedia":[{"embeddable":true,"href":"https:\/\/berlinpackagingapac.com\/es\/wp-json\/wp\/v2\/media\/6321"}],"wp:attachment":[{"href":"https:\/\/berlinpackagingapac.com\/es\/wp-json\/wp\/v2\/media?parent=6313"}],"wp:term":[{"taxonomy":"product_brand","embeddable":true,"href":"https:\/\/berlinpackagingapac.com\/es\/wp-json\/wp\/v2\/product_brand?post=6313"},{"taxonomy":"product_cat","embeddable":true,"href":"https:\/\/berlinpackagingapac.com\/es\/wp-json\/wp\/v2\/product_cat?post=6313"},{"taxonomy":"product_tag","embeddable":true,"href":"https:\/\/berlinpackagingapac.com\/es\/wp-json\/wp\/v2\/product_tag?post=6313"}],"curies":[{"name":"gracias","href":"https:\/\/api.w.org\/{rel}","templated":true}]}}