{"id":6325,"date":"2025-06-25T16:02:39","date_gmt":"2025-06-25T08:02:39","guid":{"rendered":"https:\/\/berlinpackagingapac.com\/?post_type=product&#038;p=6325"},"modified":"2025-06-25T16:02:39","modified_gmt":"2025-06-25T08:02:39","slug":"decantador-bp401675-de-750-ml","status":"publish","type":"product","link":"https:\/\/berlinpackagingapac.com\/es\/product\/bp401675-750ml-decanter\/","title":{"rendered":"BP401675, Decantador de 750 ml"},"content":{"rendered":"<p>El decantador BP401675 de 750 ml presenta una elegante construcci\u00f3n de vidrio dise\u00f1ada para la presentaci\u00f3n de licores premium. Ideal para destiler\u00edas y marcas de lujo que buscan recipientes sofisticados con capacidad de grabado personalizado.<\/p>","protected":false},"excerpt":{"rendered":"<table width=\"591\">\n<tbody>\n<tr>\n<td width=\"123\">Capacidad rebosante<\/td>\n<td width=\"123\">Peso<\/td>\n<td width=\"99\">Finalizar<\/td>\n<td width=\"123\">Di\u00e1metro<\/td>\n<td width=\"123\">Altura<\/td>\n<\/tr>\n<tr>\n<td>770<\/td>\n<td>750<\/td>\n<td>34<\/td>\n<td>90.4<\/td>\n<td>257<\/td>\n<\/tr>\n<\/tbody>\n<\/table>","protected":false},"featured_media":6331,"comment_status":"open","ping_status":"closed","template":"","meta":{"jetpack_publicize_message":"","jetpack_publicize_feature_enabled":true,"jetpack_social_post_already_shared":true,"jetpack_social_options":{"image_generator_settings":{"template":"highway","default_image_id":0,"font":"","enabled":false},"version":2},"_wpas_customize_per_network":false},"product_brand":[1391],"product_cat":[1537,1467,1444],"product_tag":[1492],"class_list":{"0":"post-6325","1":"product","2":"type-product","3":"status-publish","4":"has-post-thumbnail","6":"product_brand-berlin-packaging","7":"product_cat-glass","8":"product_cat-750-1000ml-spirits","9":"product_cat-spirits-bottles","10":"product_tag-spirits","12":"first","13":"outofstock","14":"shipping-taxable","15":"product-type-simple"},"exclude_global_add_ons":[],"addons":[],"jetpack_publicize_connections":[],"jetpack_sharing_enabled":true,"jetpack_likes_enabled":true,"_links":{"self":[{"href":"https:\/\/berlinpackagingapac.com\/es\/wp-json\/wp\/v2\/product\/6325","targetHints":{"allow":["GET"]}}],"collection":[{"href":"https:\/\/berlinpackagingapac.com\/es\/wp-json\/wp\/v2\/product"}],"about":[{"href":"https:\/\/berlinpackagingapac.com\/es\/wp-json\/wp\/v2\/types\/product"}],"replies":[{"embeddable":true,"href":"https:\/\/berlinpackagingapac.com\/es\/wp-json\/wp\/v2\/comments?post=6325"}],"version-history":[{"count":2,"href":"https:\/\/berlinpackagingapac.com\/es\/wp-json\/wp\/v2\/product\/6325\/revisions"}],"predecessor-version":[{"id":6333,"href":"https:\/\/berlinpackagingapac.com\/es\/wp-json\/wp\/v2\/product\/6325\/revisions\/6333"}],"wp:featuredmedia":[{"embeddable":true,"href":"https:\/\/berlinpackagingapac.com\/es\/wp-json\/wp\/v2\/media\/6331"}],"wp:attachment":[{"href":"https:\/\/berlinpackagingapac.com\/es\/wp-json\/wp\/v2\/media?parent=6325"}],"wp:term":[{"taxonomy":"product_brand","embeddable":true,"href":"https:\/\/berlinpackagingapac.com\/es\/wp-json\/wp\/v2\/product_brand?post=6325"},{"taxonomy":"product_cat","embeddable":true,"href":"https:\/\/berlinpackagingapac.com\/es\/wp-json\/wp\/v2\/product_cat?post=6325"},{"taxonomy":"product_tag","embeddable":true,"href":"https:\/\/berlinpackagingapac.com\/es\/wp-json\/wp\/v2\/product_tag?post=6325"}],"curies":[{"name":"gracias","href":"https:\/\/api.w.org\/{rel}","templated":true}]}}