{"id":6350,"date":"2025-06-25T16:15:54","date_gmt":"2025-06-25T08:15:54","guid":{"rendered":"https:\/\/berlinpackagingapac.com\/?post_type=product&#038;p=6350"},"modified":"2025-07-28T15:27:15","modified_gmt":"2025-07-28T07:27:15","slug":"botella-envasadora-de-vidrio-de-boca-ancha-color-ambar-de-100-cc-a-500-cc","status":"publish","type":"product","link":"https:\/\/berlinpackagingapac.com\/es\/product\/wide-mouth-glass-packer-bottle-amber-100cc-to-500cc\/","title":{"rendered":"Botella de vidrio de boca ancha \u2013 \u00c1mbar \u2013 100 cc a 500 cc"},"content":{"rendered":"<p data-start=\"382\" data-end=\"646\">Nuestras botellas de vidrio de boca ancha ofrecen una soluci\u00f3n ideal para envasar comprimidos, c\u00e1psulas y otras formas farmac\u00e9uticas s\u00f3lidas. Fabricadas en vidrio \u00e1mbar para proteger el contenido de la luz ultravioleta, estas botellas se utilizan ampliamente en las industrias farmac\u00e9utica y sanitaria.<\/p>\n<p data-start=\"648\" data-end=\"685\"><strong data-start=\"648\" data-end=\"685\">Tama\u00f1os y especificaciones disponibles:<\/strong><\/p>\n<div class=\"_tableContainer_16hzy_1\">\n<div class=\"_tableWrapper_16hzy_14 group flex w-fit flex-col-reverse\" tabindex=\"-1\">\n<table class=\"w-fit min-w-(--thread-content-width)\" data-start=\"687\" data-end=\"1742\">\n<thead data-start=\"687\" data-end=\"800\">\n<tr data-start=\"687\" data-end=\"800\">\n<th data-start=\"687\" data-end=\"699\" data-col-size=\"sm\">Modelo<\/th>\n<th data-start=\"699\" data-end=\"718\" data-col-size=\"sm\">Capacidad de llenado<\/th>\n<th data-start=\"718\" data-end=\"737\" data-col-size=\"sm\">Capacidad rebosante<\/th>\n<th data-start=\"737\" data-end=\"750\" data-col-size=\"sm\">Peso (g)<\/th>\n<th data-start=\"750\" data-end=\"769\" data-col-size=\"sm\">Acabado del cuello (mm)<\/th>\n<th data-start=\"769\" data-end=\"785\" data-col-size=\"sm\">Di\u00e1metro (mm)<\/th>\n<th data-start=\"785\" data-end=\"800\" data-col-size=\"sm\">Altura (mm)<\/th>\n<\/tr>\n<\/thead>\n<tbody data-start=\"917\" data-end=\"1742\">\n<tr data-start=\"917\" data-end=\"1034\">\n<td data-start=\"917\" data-end=\"929\" data-col-size=\"sm\">BP100CC<\/td>\n<td data-col-size=\"sm\" data-start=\"929\" data-end=\"948\">100 ml<\/td>\n<td data-col-size=\"sm\" data-start=\"948\" data-end=\"967\">114 ml<\/td>\n<td data-col-size=\"sm\" data-start=\"967\" data-end=\"981\">94 gramos<\/td>\n<td data-col-size=\"sm\" data-start=\"981\" data-end=\"1001\">38.5<\/td>\n<td data-col-size=\"sm\" data-start=\"1001\" data-end=\"1018\">\u00d850<\/td>\n<td data-col-size=\"sm\" data-start=\"1018\" data-end=\"1034\">87,5 mm<\/td>\n<\/tr>\n<tr data-start=\"1035\" data-end=\"1152\">\n<td data-start=\"1035\" data-end=\"1047\" data-col-size=\"sm\">BP120CC<\/td>\n<td data-col-size=\"sm\" data-start=\"1047\" data-end=\"1066\">120 ml<\/td>\n<td data-col-size=\"sm\" data-start=\"1066\" data-end=\"1085\">135 ml<\/td>\n<td data-col-size=\"sm\" data-start=\"1085\" data-end=\"1099\">110 gramos<\/td>\n<td data-col-size=\"sm\" data-start=\"1099\" data-end=\"1119\">38.5<\/td>\n<td data-col-size=\"sm\" data-start=\"1119\" data-end=\"1136\">\u00d852.8<\/td>\n<td data-col-size=\"sm\" data-start=\"1136\" data-end=\"1152\">95 mm<\/td>\n<\/tr>\n<tr data-start=\"1153\" data-end=\"1270\">\n<td data-start=\"1153\" data-end=\"1165\" data-col-size=\"sm\">BP150CC<\/td>\n<td data-col-size=\"sm\" data-start=\"1165\" data-end=\"1184\">150 ml<\/td>\n<td data-col-size=\"sm\" data-start=\"1184\" data-end=\"1203\">170 ml<\/td>\n<td data-col-size=\"sm\" data-start=\"1203\" data-end=\"1217\">122 gramos<\/td>\n<td data-col-size=\"sm\" data-start=\"1217\" data-end=\"1237\">44.5<\/td>\n<td data-col-size=\"sm\" data-start=\"1237\" data-end=\"1254\">\u00d856<\/td>\n<td data-col-size=\"sm\" data-start=\"1254\" data-end=\"1270\">100 mm<\/td>\n<\/tr>\n<tr data-start=\"1271\" data-end=\"1388\">\n<td data-start=\"1271\" data-end=\"1283\" data-col-size=\"sm\">BP200CC<\/td>\n<td data-col-size=\"sm\" data-start=\"1283\" data-end=\"1302\">200 ml<\/td>\n<td data-col-size=\"sm\" data-start=\"1302\" data-end=\"1321\">226 ml<\/td>\n<td data-col-size=\"sm\" data-start=\"1321\" data-end=\"1335\">145 gramos<\/td>\n<td data-col-size=\"sm\" data-start=\"1335\" data-end=\"1355\">44.5<\/td>\n<td data-col-size=\"sm\" data-start=\"1355\" data-end=\"1372\">\u00d861,4<\/td>\n<td data-col-size=\"sm\" data-start=\"1372\" data-end=\"1388\">109,5 mm<\/td>\n<\/tr>\n<tr data-start=\"1389\" data-end=\"1506\">\n<td data-start=\"1389\" data-end=\"1401\" data-col-size=\"sm\">BP250CC<\/td>\n<td data-col-size=\"sm\" data-start=\"1401\" data-end=\"1420\">250 ml<\/td>\n<td data-col-size=\"sm\" data-start=\"1420\" data-end=\"1439\">274 ml<\/td>\n<td data-col-size=\"sm\" data-start=\"1439\" data-end=\"1453\">170 gramos<\/td>\n<td data-col-size=\"sm\" data-start=\"1453\" data-end=\"1473\">44.5<\/td>\n<td data-col-size=\"sm\" data-start=\"1473\" data-end=\"1490\">\u00d865.3<\/td>\n<td data-col-size=\"sm\" data-start=\"1490\" data-end=\"1506\">118,5 mm<\/td>\n<\/tr>\n<tr data-start=\"1507\" data-end=\"1624\">\n<td data-start=\"1507\" data-end=\"1519\" data-col-size=\"sm\">BP400CC<\/td>\n<td data-col-size=\"sm\" data-start=\"1519\" data-end=\"1538\">400 ml<\/td>\n<td data-col-size=\"sm\" data-start=\"1538\" data-end=\"1557\">440 ml<\/td>\n<td data-col-size=\"sm\" data-start=\"1557\" data-end=\"1571\">225 gramos<\/td>\n<td data-col-size=\"sm\" data-start=\"1571\" data-end=\"1591\">53.6<\/td>\n<td data-col-size=\"sm\" data-start=\"1591\" data-end=\"1608\">\u00d874,7<\/td>\n<td data-col-size=\"sm\" data-start=\"1608\" data-end=\"1624\">136,5 mm<\/td>\n<\/tr>\n<tr data-start=\"1625\" data-end=\"1742\">\n<td data-start=\"1625\" data-end=\"1637\" data-col-size=\"sm\">BP500CC<\/td>\n<td data-start=\"1637\" data-end=\"1656\" data-col-size=\"sm\">500 ml<\/td>\n<td data-col-size=\"sm\" data-start=\"1656\" data-end=\"1675\">550 ml<\/td>\n<td data-col-size=\"sm\" data-start=\"1675\" data-end=\"1689\">270 gramos<\/td>\n<td data-col-size=\"sm\" data-start=\"1689\" data-end=\"1709\">53.6<\/td>\n<td data-col-size=\"sm\" data-start=\"1709\" data-end=\"1726\">\u00d881<\/td>\n<td data-col-size=\"sm\" data-start=\"1726\" data-end=\"1742\">147 mm<\/td>\n<\/tr>\n<\/tbody>\n<\/table>\n<div class=\"sticky end-(--thread-content-margin) h-0 self-end select-none\">\n<div class=\"absolute end-0 flex items-end\"><\/div>\n<\/div>\n<\/div>\n<\/div>\n<p data-start=\"1744\" data-end=\"1761\"><strong data-start=\"1744\" data-end=\"1761\">Caracter\u00edsticas principales:<\/strong><\/p>\n<ul data-start=\"1762\" data-end=\"1922\">\n<li data-start=\"1762\" data-end=\"1795\">\n<p data-start=\"1764\" data-end=\"1795\">Vidrio \u00e1mbar para protecci\u00f3n UV<\/p>\n<\/li>\n<li data-start=\"1796\" data-end=\"1827\">\n<p data-start=\"1798\" data-end=\"1827\">Boca ancha para f\u00e1cil llenado.<\/p>\n<\/li>\n<li data-start=\"1828\" data-end=\"1861\">\n<p data-start=\"1830\" data-end=\"1861\">Disponible en 7 tama\u00f1os est\u00e1ndar<\/p>\n<\/li>\n<li data-start=\"1862\" data-end=\"1922\">\n<p data-start=\"1864\" data-end=\"1922\">Ideal para productos farmac\u00e9uticos, suplementos y nutrac\u00e9uticos.<\/p>\n<\/li>\n<\/ul>\n<p data-start=\"1924\" data-end=\"1983\">Tama\u00f1os personalizados y opciones de decoraci\u00f3n disponibles a pedido.<\/p>","protected":false},"excerpt":{"rendered":"<p>Botellas de vidrio \u00e1mbar de boca ancha, ideales para comprimidos y suplementos farmac\u00e9uticos. Disponibles en tama\u00f1os de 100 cc a 500 cc.<\/p>","protected":false},"featured_media":6357,"comment_status":"open","ping_status":"closed","template":"","meta":{"jetpack_publicize_message":"","jetpack_publicize_feature_enabled":true,"jetpack_social_post_already_shared":true,"jetpack_social_options":{"image_generator_settings":{"template":"highway","default_image_id":0,"font":"","enabled":false},"version":2},"_wpas_customize_per_network":false},"product_brand":[1391],"product_cat":[1537,1612,1613,1615,1611,1614,1378],"product_tag":[1493],"class_list":{"0":"post-6350","1":"product","2":"type-product","3":"status-publish","4":"has-post-thumbnail","6":"product_brand-berlin-packaging","7":"product_cat-glass","8":"product_cat-100-200ml","9":"product_cat-200-300ml","10":"product_cat-300-400ml","11":"product_cat-7-100ml","12":"product_cat-others","13":"product_cat-pharmaceutical-nutraceutical","14":"product_tag-pharmaceutical","16":"first","17":"outofstock","18":"shipping-taxable","19":"product-type-simple"},"exclude_global_add_ons":[],"addons":[],"jetpack_publicize_connections":[],"jetpack_sharing_enabled":true,"jetpack_likes_enabled":true,"_links":{"self":[{"href":"https:\/\/berlinpackagingapac.com\/es\/wp-json\/wp\/v2\/product\/6350","targetHints":{"allow":["GET"]}}],"collection":[{"href":"https:\/\/berlinpackagingapac.com\/es\/wp-json\/wp\/v2\/product"}],"about":[{"href":"https:\/\/berlinpackagingapac.com\/es\/wp-json\/wp\/v2\/types\/product"}],"replies":[{"embeddable":true,"href":"https:\/\/berlinpackagingapac.com\/es\/wp-json\/wp\/v2\/comments?post=6350"}],"version-history":[{"count":2,"href":"https:\/\/berlinpackagingapac.com\/es\/wp-json\/wp\/v2\/product\/6350\/revisions"}],"predecessor-version":[{"id":6363,"href":"https:\/\/berlinpackagingapac.com\/es\/wp-json\/wp\/v2\/product\/6350\/revisions\/6363"}],"wp:featuredmedia":[{"embeddable":true,"href":"https:\/\/berlinpackagingapac.com\/es\/wp-json\/wp\/v2\/media\/6357"}],"wp:attachment":[{"href":"https:\/\/berlinpackagingapac.com\/es\/wp-json\/wp\/v2\/media?parent=6350"}],"wp:term":[{"taxonomy":"product_brand","embeddable":true,"href":"https:\/\/berlinpackagingapac.com\/es\/wp-json\/wp\/v2\/product_brand?post=6350"},{"taxonomy":"product_cat","embeddable":true,"href":"https:\/\/berlinpackagingapac.com\/es\/wp-json\/wp\/v2\/product_cat?post=6350"},{"taxonomy":"product_tag","embeddable":true,"href":"https:\/\/berlinpackagingapac.com\/es\/wp-json\/wp\/v2\/product_tag?post=6350"}],"curies":[{"name":"gracias","href":"https:\/\/api.w.org\/{rel}","templated":true}]}}