{"id":6405,"date":"2025-06-26T09:57:04","date_gmt":"2025-06-26T01:57:04","guid":{"rendered":"https:\/\/berlinpackagingapac.com\/?post_type=product&#038;p=6405"},"modified":"2025-11-17T17:21:40","modified_gmt":"2025-11-17T09:21:40","slug":"frasco-de-mayonesa-de-8-oz-58-mm-bpd-802","status":"publish","type":"product","link":"https:\/\/berlinpackagingapac.com\/es\/product\/8-oz-mayo-jar-58mm-bpd-802\/","title":{"rendered":"Tarro de mayonesa de 8 oz, 58 mm, BPD-802"},"content":{"rendered":"<p data-start=\"383\" data-end=\"696\">El <strong data-start=\"387\" data-end=\"414\">Frasco de mayonesa de 8 oz (BPD-802)<\/strong> Es un recipiente vers\u00e1til de grado alimenticio, perfecto para una amplia gama de productos como mayonesa, mermelada, jalea, salsas, miel y condimentos. Con un <strong data-start=\"558\" data-end=\"587\">Capacidad rebosante de 260 ml<\/strong> y un <strong data-start=\"594\" data-end=\"628\">Capacidad de llenado nominal de 240 ml<\/strong>Es una opci\u00f3n popular tanto para envases minoristas como para servicios de alimentaci\u00f3n.<\/p>\n<p data-start=\"698\" data-end=\"932\">This 8 oz jelly jar features a <strong data-start=\"718\" data-end=\"748\">Acabado de cuello giratorio de 58 mm<\/strong>Garantiza la compatibilidad con tapas est\u00e1ndar y facilita un sellado herm\u00e9tico para conservar la frescura. Su forma cil\u00edndrica y paredes lisas lo hacen ideal para etiquetado y marcaje.<\/p>\n<p data-start=\"934\" data-end=\"1251\">El tarro es <strong data-start=\"945\" data-end=\"977\">totalmente compatible con el contacto con alimentos<\/strong>, reciclable y admite varias opciones de personalizaci\u00f3n, incluidas <strong data-start=\"1044\" data-end=\"1068\">serigraf\u00eda<\/strong>, <strong data-start=\"1070\" data-end=\"1082\">etiquetado<\/strong>, y <strong data-start=\"1088\" data-end=\"1105\">recubrimiento de color<\/strong>Ya sea que envasa condimentos artesanales o productos alimenticios comerciales, el envase de mayonesa BPD-802 ofrece claridad, funcionalidad y un atractivo visual.<\/p>","protected":false},"excerpt":{"rendered":"<table style=\"border-collapse: collapse; width: 515.02pt;\" border=\"0\" width=\"1030\" cellspacing=\"0\" cellpadding=\"0\">\n<tbody>\n<tr style=\"height: 21.75pt;\">\n<td class=\"et3\" style=\"height: 21.75pt; width: 92.00pt;\" width=\"184\" height=\"43\">Capacidad rebosante<\/td>\n<td class=\"et3\" style=\"width: 92.00pt;\" width=\"184\">Peso<\/td>\n<td class=\"et3\" style=\"width: 147.35pt;\" width=\"294\">Finalizar<\/td>\n<td class=\"et3\" style=\"width: 92.00pt;\" width=\"184\">Di\u00e1metro<\/td>\n<td class=\"et3\" style=\"width: 92.00pt;\" width=\"184\">Altura<\/td>\n<\/tr>\n<tr style=\"height: 21.75pt;\">\n<td class=\"et4\" style=\"height: 21.75pt;\" height=\"43\">254<\/td>\n<td class=\"et4\">158<\/td>\n<td class=\"et4\">GPI 58-400<\/td>\n<td class=\"et4\">63<\/td>\n<td class=\"et4\">110<\/td>\n<\/tr>\n<\/tbody>\n<\/table>\n<p>&nbsp;<\/p>","protected":false},"featured_media":6408,"comment_status":"open","ping_status":"closed","template":"","meta":{"jetpack_publicize_message":"","jetpack_publicize_feature_enabled":true,"jetpack_social_post_already_shared":true,"jetpack_social_options":{"image_generator_settings":{"template":"highway","default_image_id":0,"font":"","enabled":false},"version":2},"_wpas_customize_per_network":false},"product_brand":[1391],"product_cat":[1537,1454,1375],"product_tag":[1383],"class_list":{"0":"post-6405","1":"product","2":"type-product","3":"status-publish","4":"has-post-thumbnail","6":"product_brand-berlin-packaging","7":"product_cat-glass","8":"product_cat-200-300ml-food-jar","9":"product_cat-food-bottle-food-jar","10":"product_tag-food","12":"first","13":"outofstock","14":"shipping-taxable","15":"product-type-simple"},"exclude_global_add_ons":[],"addons":[],"jetpack_publicize_connections":[],"jetpack_sharing_enabled":true,"jetpack_likes_enabled":true,"_links":{"self":[{"href":"https:\/\/berlinpackagingapac.com\/es\/wp-json\/wp\/v2\/product\/6405","targetHints":{"allow":["GET"]}}],"collection":[{"href":"https:\/\/berlinpackagingapac.com\/es\/wp-json\/wp\/v2\/product"}],"about":[{"href":"https:\/\/berlinpackagingapac.com\/es\/wp-json\/wp\/v2\/types\/product"}],"replies":[{"embeddable":true,"href":"https:\/\/berlinpackagingapac.com\/es\/wp-json\/wp\/v2\/comments?post=6405"}],"version-history":[{"count":5,"href":"https:\/\/berlinpackagingapac.com\/es\/wp-json\/wp\/v2\/product\/6405\/revisions"}],"predecessor-version":[{"id":8954,"href":"https:\/\/berlinpackagingapac.com\/es\/wp-json\/wp\/v2\/product\/6405\/revisions\/8954"}],"wp:featuredmedia":[{"embeddable":true,"href":"https:\/\/berlinpackagingapac.com\/es\/wp-json\/wp\/v2\/media\/6408"}],"wp:attachment":[{"href":"https:\/\/berlinpackagingapac.com\/es\/wp-json\/wp\/v2\/media?parent=6405"}],"wp:term":[{"taxonomy":"product_brand","embeddable":true,"href":"https:\/\/berlinpackagingapac.com\/es\/wp-json\/wp\/v2\/product_brand?post=6405"},{"taxonomy":"product_cat","embeddable":true,"href":"https:\/\/berlinpackagingapac.com\/es\/wp-json\/wp\/v2\/product_cat?post=6405"},{"taxonomy":"product_tag","embeddable":true,"href":"https:\/\/berlinpackagingapac.com\/es\/wp-json\/wp\/v2\/product_tag?post=6405"}],"curies":[{"name":"gracias","href":"https:\/\/api.w.org\/{rel}","templated":true}]}}