{"id":6418,"date":"2025-06-26T10:15:49","date_gmt":"2025-06-26T02:15:49","guid":{"rendered":"https:\/\/berlinpackagingapac.com\/?post_type=product&#038;p=6418"},"modified":"2025-06-26T10:15:49","modified_gmt":"2025-06-26T02:15:49","slug":"botella-de-vino-de-375-ml-bpw5179","status":"publish","type":"product","link":"https:\/\/berlinpackagingapac.com\/es\/product\/375ml-wine-bottle-bpw5179\/","title":{"rendered":"Botella de vino de 375 ml, BPW5179"},"content":{"rendered":"<p data-start=\"390\" data-end=\"743\">El <strong data-start=\"394\" data-end=\"423\">Botella de vino BPW5179 de 375 ml<\/strong> Es una opci\u00f3n de empaque elegante y refinada, perfecta para bodegas y marcas de bebidas que buscan presentar medias raciones de vino, aperitivos, vinos de postre o colecciones de degustaci\u00f3n. Con un <strong data-start=\"607\" data-end=\"636\">Capacidad rebosante de 375 ml<\/strong> y <strong data-start=\"641\" data-end=\"668\">compatibilidad con tapones de rosca<\/strong>Ofrece una alternativa moderna y amigable para el consumidor a las botellas selladas con corcho.<\/p>\n<p data-start=\"745\" data-end=\"1095\">Dise\u00f1ada con un hombro ligeramente inclinado y un cuello delgado, esta botella garantiza un vertido f\u00e1cil y un atractivo visual. Por solo <strong data-start=\"859\" data-end=\"867\">305 gramos<\/strong>Es m\u00e1s ligero que las botellas de vino est\u00e1ndar, lo que optimiza la log\u00edstica sin sacrificar la calidad ni la seguridad del vidrio. <strong data-start=\"981\" data-end=\"999\">\u230066 mm de di\u00e1metro<\/strong> y <strong data-start=\"1004\" data-end=\"1020\">242 mm de altura<\/strong> Tambi\u00e9n lo hacemos adecuado para una amplia gama de opciones de etiquetado y decoraci\u00f3n.<\/p>\n<p data-start=\"1097\" data-end=\"1238\">La botella cumple con los est\u00e1ndares de seguridad en contacto con alimentos y est\u00e1 disponible para personalizaci\u00f3n, incluida serigraf\u00eda, glaseado y m\u00e1s.<\/p>","protected":false},"excerpt":{"rendered":"<table width=\"528\">\n<tbody>\n<tr>\n<td width=\"126\">Capacidad rebosante ml<\/td>\n<td width=\"131\">Capacidad de llenado ml<\/td>\n<td width=\"60\">Peso g<\/td>\n<td width=\"68\">Acabado mm<\/td>\n<td width=\"74\">Di\u00e1metro mm<\/td>\n<td width=\"69\">Altura mm<\/td>\n<\/tr>\n<tr>\n<td>375<\/td>\n<td>N \/ A<\/td>\n<td>305<\/td>\n<td>Tap\u00f3n de rosca<\/td>\n<td>\u230066<\/td>\n<td>242<\/td>\n<\/tr>\n<\/tbody>\n<\/table>","protected":false},"featured_media":6420,"comment_status":"open","ping_status":"closed","template":"","meta":{"jetpack_post_was_ever_published":false,"jetpack_publicize_message":"","jetpack_publicize_feature_enabled":true,"jetpack_social_post_already_shared":true,"jetpack_social_options":{"image_generator_settings":{"template":"highway","default_image_id":0,"font":"","enabled":false},"version":2},"_wpas_customize_per_network":false},"product_brand":[1391],"product_cat":[1537,1457,1381],"product_tag":[1482],"class_list":{"0":"post-6418","1":"product","2":"type-product","3":"status-publish","4":"has-post-thumbnail","6":"product_brand-berlin-packaging","7":"product_cat-glass","8":"product_cat-375ml-wine","9":"product_cat-wine-bottles","10":"product_tag-wine","12":"first","13":"outofstock","14":"shipping-taxable","15":"product-type-simple"},"exclude_global_add_ons":[],"addons":[],"jetpack_publicize_connections":[],"jetpack_sharing_enabled":true,"jetpack_likes_enabled":true,"_links":{"self":[{"href":"https:\/\/berlinpackagingapac.com\/es\/wp-json\/wp\/v2\/product\/6418","targetHints":{"allow":["GET"]}}],"collection":[{"href":"https:\/\/berlinpackagingapac.com\/es\/wp-json\/wp\/v2\/product"}],"about":[{"href":"https:\/\/berlinpackagingapac.com\/es\/wp-json\/wp\/v2\/types\/product"}],"replies":[{"embeddable":true,"href":"https:\/\/berlinpackagingapac.com\/es\/wp-json\/wp\/v2\/comments?post=6418"}],"version-history":[{"count":2,"href":"https:\/\/berlinpackagingapac.com\/es\/wp-json\/wp\/v2\/product\/6418\/revisions"}],"predecessor-version":[{"id":6423,"href":"https:\/\/berlinpackagingapac.com\/es\/wp-json\/wp\/v2\/product\/6418\/revisions\/6423"}],"wp:featuredmedia":[{"embeddable":true,"href":"https:\/\/berlinpackagingapac.com\/es\/wp-json\/wp\/v2\/media\/6420"}],"wp:attachment":[{"href":"https:\/\/berlinpackagingapac.com\/es\/wp-json\/wp\/v2\/media?parent=6418"}],"wp:term":[{"taxonomy":"product_brand","embeddable":true,"href":"https:\/\/berlinpackagingapac.com\/es\/wp-json\/wp\/v2\/product_brand?post=6418"},{"taxonomy":"product_cat","embeddable":true,"href":"https:\/\/berlinpackagingapac.com\/es\/wp-json\/wp\/v2\/product_cat?post=6418"},{"taxonomy":"product_tag","embeddable":true,"href":"https:\/\/berlinpackagingapac.com\/es\/wp-json\/wp\/v2\/product_tag?post=6418"}],"curies":[{"name":"gracias","href":"https:\/\/api.w.org\/{rel}","templated":true}]}}