{"id":6829,"date":"2025-07-02T10:45:00","date_gmt":"2025-07-02T02:45:00","guid":{"rendered":"https:\/\/berlinpackagingapac.com\/?post_type=product&#038;p=6829"},"modified":"2025-08-18T15:29:36","modified_gmt":"2025-08-18T07:29:36","slug":"ginebra-bp-zs-14-750-ml-750-ml","status":"publish","type":"product","link":"https:\/\/berlinpackagingapac.com\/es\/product\/bp-zs-14-750ml-750ml-gin\/","title":{"rendered":"BP ZS-14-750ML, botella de ginebra antigua de 750 ml"},"content":{"rendered":"<p>La botella de ginebra antigua BP ZS-14-750ML de 750 ml presenta un dise\u00f1o de vidrio a medida, dise\u00f1ado exclusivamente para la presentaci\u00f3n de ginebra premium. Ideal para destiler\u00edas artesanales y marcas especializadas que buscan un envase distintivo de 750 ml con posibilidad de grabado personalizado.<\/p>","protected":false},"excerpt":{"rendered":"<table width=\"503\">\n<tbody>\n<tr>\n<td width=\"127\">Capacidad rebosante<\/td>\n<td width=\"74\">Peso<\/td>\n<td width=\"82\">Finalizar<\/td>\n<td width=\"110\">Di\u00e1metro<\/td>\n<td width=\"110\">Altura<\/td>\n<\/tr>\n<tr>\n<td>770<\/td>\n<td>650<\/td>\n<td>35.5<\/td>\n<td>89<\/td>\n<td>226<\/td>\n<\/tr>\n<\/tbody>\n<\/table>","protected":false},"featured_media":6848,"comment_status":"open","ping_status":"closed","template":"","meta":{"jetpack_publicize_message":"","jetpack_publicize_feature_enabled":true,"jetpack_social_post_already_shared":true,"jetpack_social_options":{"image_generator_settings":{"template":"highway","default_image_id":0,"font":"","enabled":false},"version":2},"_wpas_customize_per_network":false},"product_brand":[1391],"product_cat":[1467,1537,1444],"product_tag":[1492],"class_list":{"0":"post-6829","1":"product","2":"type-product","3":"status-publish","4":"has-post-thumbnail","6":"product_brand-berlin-packaging","7":"product_cat-750-1000ml-spirits","8":"product_cat-glass","9":"product_cat-spirits-bottles","10":"product_tag-spirits","12":"first","13":"outofstock","14":"shipping-taxable","15":"product-type-simple"},"exclude_global_add_ons":[],"addons":[],"jetpack_publicize_connections":[],"jetpack_sharing_enabled":true,"jetpack_likes_enabled":true,"_links":{"self":[{"href":"https:\/\/berlinpackagingapac.com\/es\/wp-json\/wp\/v2\/product\/6829","targetHints":{"allow":["GET"]}}],"collection":[{"href":"https:\/\/berlinpackagingapac.com\/es\/wp-json\/wp\/v2\/product"}],"about":[{"href":"https:\/\/berlinpackagingapac.com\/es\/wp-json\/wp\/v2\/types\/product"}],"replies":[{"embeddable":true,"href":"https:\/\/berlinpackagingapac.com\/es\/wp-json\/wp\/v2\/comments?post=6829"}],"version-history":[{"count":4,"href":"https:\/\/berlinpackagingapac.com\/es\/wp-json\/wp\/v2\/product\/6829\/revisions"}],"predecessor-version":[{"id":7771,"href":"https:\/\/berlinpackagingapac.com\/es\/wp-json\/wp\/v2\/product\/6829\/revisions\/7771"}],"wp:featuredmedia":[{"embeddable":true,"href":"https:\/\/berlinpackagingapac.com\/es\/wp-json\/wp\/v2\/media\/6848"}],"wp:attachment":[{"href":"https:\/\/berlinpackagingapac.com\/es\/wp-json\/wp\/v2\/media?parent=6829"}],"wp:term":[{"taxonomy":"product_brand","embeddable":true,"href":"https:\/\/berlinpackagingapac.com\/es\/wp-json\/wp\/v2\/product_brand?post=6829"},{"taxonomy":"product_cat","embeddable":true,"href":"https:\/\/berlinpackagingapac.com\/es\/wp-json\/wp\/v2\/product_cat?post=6829"},{"taxonomy":"product_tag","embeddable":true,"href":"https:\/\/berlinpackagingapac.com\/es\/wp-json\/wp\/v2\/product_tag?post=6829"}],"curies":[{"name":"gracias","href":"https:\/\/api.w.org\/{rel}","templated":true}]}}