{"id":6886,"date":"2025-07-02T11:32:01","date_gmt":"2025-07-02T03:32:01","guid":{"rendered":"https:\/\/berlinpackagingapac.com\/?post_type=product&#038;p=6886"},"modified":"2025-08-13T17:01:03","modified_gmt":"2025-08-13T09:01:03","slug":"viales-de-inyeccion-de-vidrio-bpda-70-de-15-ml","status":"publish","type":"product","link":"https:\/\/berlinpackagingapac.com\/es\/product\/bpda-70-15ml-glass-injection-vials\/","title":{"rendered":"Viales de inyecci\u00f3n de vidrio BPDA-70 de 15 ml"},"content":{"rendered":"<p>Los viales de inyecci\u00f3n de vidrio BPDA-70 de 15 ml ofrecen contenci\u00f3n de grado farmac\u00e9utico para soluciones inyectables. Fabricados con vidrio de borosilicato USP Tipo I, con inercia qu\u00edmica para la estabilidad del f\u00e1rmaco y compatibilidad con procesos est\u00e9riles.<\/p>","protected":false},"excerpt":{"rendered":"<table style=\"border-collapse: collapse; width: 306.02pt;\" border=\"0\" width=\"612\" cellspacing=\"0\" cellpadding=\"0\">\n<tbody>\n<tr style=\"height: 21.75pt;\">\n<td class=\"et3\" style=\"height: 21.75pt; width: 92.00pt;\" width=\"184\" height=\"43\">Capacidad rebosante<\/td>\n<td class=\"et3\" style=\"width: 53.50pt;\" width=\"107\">Peso<\/td>\n<td class=\"et3\" style=\"width: 53.50pt;\" width=\"107\">Finalizar<\/td>\n<td class=\"et3\" style=\"width: 53.50pt;\" width=\"107\">Di\u00e1metro<\/td>\n<td class=\"et3\" style=\"width: 53.50pt;\" width=\"107\">Altura<\/td>\n<\/tr>\n<tr style=\"height: 21.75pt;\">\n<td class=\"et4\" style=\"height: 21.75pt;\" height=\"43\">19<\/td>\n<td class=\"et4\">19<\/td>\n<td class=\"et4\">20<\/td>\n<td class=\"et4\">26.5<\/td>\n<td class=\"et4\">58.8<\/td>\n<\/tr>\n<\/tbody>\n<\/table>","protected":false},"featured_media":6888,"comment_status":"open","ping_status":"closed","template":"","meta":{"jetpack_publicize_message":"","jetpack_publicize_feature_enabled":true,"jetpack_social_post_already_shared":true,"jetpack_social_options":{"image_generator_settings":{"template":"highway","default_image_id":0,"font":"","enabled":false},"version":2},"_wpas_customize_per_network":false},"product_brand":[1391],"product_cat":[1611,1537,1378],"product_tag":[1386],"class_list":{"0":"post-6886","1":"product","2":"type-product","3":"status-publish","4":"has-post-thumbnail","6":"product_brand-berlin-packaging","7":"product_cat-7-100ml","8":"product_cat-glass","9":"product_cat-pharmaceutical-nutraceutical","10":"product_tag-pharmaceutical-nutraceutical","12":"first","13":"outofstock","14":"shipping-taxable","15":"product-type-simple"},"exclude_global_add_ons":[],"addons":[],"jetpack_publicize_connections":[],"jetpack_sharing_enabled":true,"jetpack_likes_enabled":true,"_links":{"self":[{"href":"https:\/\/berlinpackagingapac.com\/es\/wp-json\/wp\/v2\/product\/6886","targetHints":{"allow":["GET"]}}],"collection":[{"href":"https:\/\/berlinpackagingapac.com\/es\/wp-json\/wp\/v2\/product"}],"about":[{"href":"https:\/\/berlinpackagingapac.com\/es\/wp-json\/wp\/v2\/types\/product"}],"replies":[{"embeddable":true,"href":"https:\/\/berlinpackagingapac.com\/es\/wp-json\/wp\/v2\/comments?post=6886"}],"version-history":[{"count":3,"href":"https:\/\/berlinpackagingapac.com\/es\/wp-json\/wp\/v2\/product\/6886\/revisions"}],"predecessor-version":[{"id":7299,"href":"https:\/\/berlinpackagingapac.com\/es\/wp-json\/wp\/v2\/product\/6886\/revisions\/7299"}],"wp:featuredmedia":[{"embeddable":true,"href":"https:\/\/berlinpackagingapac.com\/es\/wp-json\/wp\/v2\/media\/6888"}],"wp:attachment":[{"href":"https:\/\/berlinpackagingapac.com\/es\/wp-json\/wp\/v2\/media?parent=6886"}],"wp:term":[{"taxonomy":"product_brand","embeddable":true,"href":"https:\/\/berlinpackagingapac.com\/es\/wp-json\/wp\/v2\/product_brand?post=6886"},{"taxonomy":"product_cat","embeddable":true,"href":"https:\/\/berlinpackagingapac.com\/es\/wp-json\/wp\/v2\/product_cat?post=6886"},{"taxonomy":"product_tag","embeddable":true,"href":"https:\/\/berlinpackagingapac.com\/es\/wp-json\/wp\/v2\/product_tag?post=6886"}],"curies":[{"name":"gracias","href":"https:\/\/api.w.org\/{rel}","templated":true}]}}