{"id":6937,"date":"2025-07-02T12:04:43","date_gmt":"2025-07-02T04:04:43","guid":{"rendered":"https:\/\/berlinpackagingapac.com\/?post_type=product&#038;p=6937"},"modified":"2025-07-28T15:15:19","modified_gmt":"2025-07-28T07:15:19","slug":"viales-inyectables-de-vidrio-bpdak-9-de-100-ml-2-unidades","status":"publish","type":"product","link":"https:\/\/berlinpackagingapac.com\/es\/product\/bpdak-9-100ml-glass-injection-vials-2\/","title":{"rendered":"Viales de inyecci\u00f3n de vidrio BPDAK-9 de 100 ml"},"content":{"rendered":"<p>El frasco para comprimidos BPBA10194A de 120 ml ofrece un envase de grado farmac\u00e9utico para pastillas y c\u00e1psulas. Dise\u00f1ado para la seguridad de los medicamentos, compatible con sellos de inducci\u00f3n y cierres a prueba de ni\u00f1os.<\/p>","protected":false},"excerpt":{"rendered":"<table style=\"border-collapse: collapse; width: 306.02pt;\" border=\"0\" width=\"612\" cellspacing=\"0\" cellpadding=\"0\">\n<tbody>\n<tr style=\"height: 21.75pt;\">\n<td class=\"et3\" style=\"height: 21.75pt; width: 92.00pt;\" width=\"184\" height=\"43\">Capacidad rebosante<\/td>\n<td class=\"et3\" style=\"width: 53.50pt;\" width=\"107\">Peso<\/td>\n<td class=\"et3\" style=\"width: 53.50pt;\" width=\"107\">Finalizar<\/td>\n<td class=\"et3\" style=\"width: 53.50pt;\" width=\"107\">Di\u00e1metro<\/td>\n<td class=\"et3\" style=\"width: 53.50pt;\" width=\"107\">Altura<\/td>\n<\/tr>\n<tr style=\"height: 21.75pt;\">\n<td class=\"et4\" style=\"height: 21.75pt;\" height=\"43\">119<\/td>\n<td class=\"et4\">89<\/td>\n<td class=\"et4\">20<\/td>\n<td class=\"et4\">51.6<\/td>\n<td class=\"et4\">94.5<\/td>\n<\/tr>\n<\/tbody>\n<\/table>","protected":false},"featured_media":6939,"comment_status":"open","ping_status":"closed","template":"","meta":{"jetpack_publicize_message":"","jetpack_publicize_feature_enabled":true,"jetpack_social_post_already_shared":true,"jetpack_social_options":{"image_generator_settings":{"template":"highway","default_image_id":0,"font":"","enabled":false},"version":2},"_wpas_customize_per_network":false},"product_brand":[1391],"product_cat":[1611,1537,1378],"product_tag":[1386],"class_list":{"0":"post-6937","1":"product","2":"type-product","3":"status-publish","4":"has-post-thumbnail","6":"product_brand-berlin-packaging","7":"product_cat-7-100ml","8":"product_cat-glass","9":"product_cat-pharmaceutical-nutraceutical","10":"product_tag-pharmaceutical-nutraceutical","12":"first","13":"outofstock","14":"shipping-taxable","15":"product-type-simple"},"exclude_global_add_ons":[],"addons":[],"jetpack_publicize_connections":[],"jetpack_sharing_enabled":true,"jetpack_likes_enabled":true,"_links":{"self":[{"href":"https:\/\/berlinpackagingapac.com\/es\/wp-json\/wp\/v2\/product\/6937","targetHints":{"allow":["GET"]}}],"collection":[{"href":"https:\/\/berlinpackagingapac.com\/es\/wp-json\/wp\/v2\/product"}],"about":[{"href":"https:\/\/berlinpackagingapac.com\/es\/wp-json\/wp\/v2\/types\/product"}],"replies":[{"embeddable":true,"href":"https:\/\/berlinpackagingapac.com\/es\/wp-json\/wp\/v2\/comments?post=6937"}],"version-history":[{"count":2,"href":"https:\/\/berlinpackagingapac.com\/es\/wp-json\/wp\/v2\/product\/6937\/revisions"}],"predecessor-version":[{"id":6940,"href":"https:\/\/berlinpackagingapac.com\/es\/wp-json\/wp\/v2\/product\/6937\/revisions\/6940"}],"wp:featuredmedia":[{"embeddable":true,"href":"https:\/\/berlinpackagingapac.com\/es\/wp-json\/wp\/v2\/media\/6939"}],"wp:attachment":[{"href":"https:\/\/berlinpackagingapac.com\/es\/wp-json\/wp\/v2\/media?parent=6937"}],"wp:term":[{"taxonomy":"product_brand","embeddable":true,"href":"https:\/\/berlinpackagingapac.com\/es\/wp-json\/wp\/v2\/product_brand?post=6937"},{"taxonomy":"product_cat","embeddable":true,"href":"https:\/\/berlinpackagingapac.com\/es\/wp-json\/wp\/v2\/product_cat?post=6937"},{"taxonomy":"product_tag","embeddable":true,"href":"https:\/\/berlinpackagingapac.com\/es\/wp-json\/wp\/v2\/product_tag?post=6937"}],"curies":[{"name":"gracias","href":"https:\/\/api.w.org\/{rel}","templated":true}]}}