{"id":6959,"date":"2025-07-02T12:19:01","date_gmt":"2025-07-02T04:19:01","guid":{"rendered":"https:\/\/berlinpackagingapac.com\/?post_type=product&#038;p=6959"},"modified":"2025-07-28T15:08:42","modified_gmt":"2025-07-28T07:08:42","slug":"bpb645-sp063-750-ml-farmaceutico","status":"publish","type":"product","link":"https:\/\/berlinpackagingapac.com\/es\/product\/bpb645-sp063-750ml-pharma\/","title":{"rendered":"BPB645, SP063-750 ml Farmac\u00e9utica"},"content":{"rendered":"<p>La botella farmac\u00e9utica BPB645 de 750 ml ofrece almacenamiento de grado farmac\u00e9utico para soluciones a granel. Dise\u00f1ada para garantizar la compatibilidad qu\u00edmica y el cumplimiento de las normas de envasado de medicamentos, cuenta con superficies aptas para etiquetado.<\/p>","protected":false},"excerpt":{"rendered":"<table style=\"border-collapse: collapse; width: 306.02pt;\" border=\"0\" width=\"612\" cellspacing=\"0\" cellpadding=\"0\">\n<tbody>\n<tr style=\"height: 21.75pt;\">\n<td class=\"et3\" style=\"height: 21.75pt; width: 92.00pt;\" width=\"184\" height=\"43\">Capacidad rebosante<\/td>\n<td class=\"et3\" style=\"width: 53.50pt;\" width=\"107\">Peso<\/td>\n<td class=\"et3\" style=\"width: 53.50pt;\" width=\"107\">Finalizar<\/td>\n<td class=\"et3\" style=\"width: 53.50pt;\" width=\"107\">Di\u00e1metro<\/td>\n<td class=\"et3\" style=\"width: 53.50pt;\" width=\"107\">Altura<\/td>\n<\/tr>\n<tr style=\"height: 21.75pt;\">\n<td class=\"et4\" style=\"height: 21.75pt;\" height=\"43\">780<\/td>\n<td class=\"et4\">600<\/td>\n<td class=\"et4\">40<\/td>\n<td class=\"et4\">92<\/td>\n<td class=\"et4\">191.6<\/td>\n<\/tr>\n<\/tbody>\n<\/table>","protected":false},"featured_media":6961,"comment_status":"open","ping_status":"closed","template":"","meta":{"jetpack_publicize_message":"","jetpack_publicize_feature_enabled":true,"jetpack_social_post_already_shared":true,"jetpack_social_options":{"image_generator_settings":{"template":"highway","default_image_id":0,"font":"","enabled":false},"version":2},"_wpas_customize_per_network":false},"product_brand":[1391],"product_cat":[1537,1614,1378],"product_tag":[1386],"class_list":{"0":"post-6959","1":"product","2":"type-product","3":"status-publish","4":"has-post-thumbnail","6":"product_brand-berlin-packaging","7":"product_cat-glass","8":"product_cat-others","9":"product_cat-pharmaceutical-nutraceutical","10":"product_tag-pharmaceutical-nutraceutical","12":"first","13":"outofstock","14":"shipping-taxable","15":"product-type-simple"},"exclude_global_add_ons":[],"addons":[],"jetpack_publicize_connections":[],"jetpack_sharing_enabled":true,"jetpack_likes_enabled":true,"_links":{"self":[{"href":"https:\/\/berlinpackagingapac.com\/es\/wp-json\/wp\/v2\/product\/6959","targetHints":{"allow":["GET"]}}],"collection":[{"href":"https:\/\/berlinpackagingapac.com\/es\/wp-json\/wp\/v2\/product"}],"about":[{"href":"https:\/\/berlinpackagingapac.com\/es\/wp-json\/wp\/v2\/types\/product"}],"replies":[{"embeddable":true,"href":"https:\/\/berlinpackagingapac.com\/es\/wp-json\/wp\/v2\/comments?post=6959"}],"version-history":[{"count":2,"href":"https:\/\/berlinpackagingapac.com\/es\/wp-json\/wp\/v2\/product\/6959\/revisions"}],"predecessor-version":[{"id":6962,"href":"https:\/\/berlinpackagingapac.com\/es\/wp-json\/wp\/v2\/product\/6959\/revisions\/6962"}],"wp:featuredmedia":[{"embeddable":true,"href":"https:\/\/berlinpackagingapac.com\/es\/wp-json\/wp\/v2\/media\/6961"}],"wp:attachment":[{"href":"https:\/\/berlinpackagingapac.com\/es\/wp-json\/wp\/v2\/media?parent=6959"}],"wp:term":[{"taxonomy":"product_brand","embeddable":true,"href":"https:\/\/berlinpackagingapac.com\/es\/wp-json\/wp\/v2\/product_brand?post=6959"},{"taxonomy":"product_cat","embeddable":true,"href":"https:\/\/berlinpackagingapac.com\/es\/wp-json\/wp\/v2\/product_cat?post=6959"},{"taxonomy":"product_tag","embeddable":true,"href":"https:\/\/berlinpackagingapac.com\/es\/wp-json\/wp\/v2\/product_tag?post=6959"}],"curies":[{"name":"gracias","href":"https:\/\/api.w.org\/{rel}","templated":true}]}}