{"id":7069,"date":"2025-07-08T16:48:22","date_gmt":"2025-07-08T08:48:22","guid":{"rendered":"https:\/\/berlinpackagingapac.com\/?post_type=product&#038;p=7069"},"modified":"2025-07-08T16:48:22","modified_gmt":"2025-07-08T08:48:22","slug":"botella-de-jugo-de-10-oz-bp2139","status":"publish","type":"product","link":"https:\/\/berlinpackagingapac.com\/es\/product\/10-oz-juice-bottle-bp2139\/","title":{"rendered":"Botella de jugo de 10 oz, BP2139"},"content":{"rendered":"<p>La BP2139 es una botella de vidrio transparente para jugo de 283 ml (10 oz) con una capacidad m\u00e1xima de 320 ml y un peso resistente de 210 g. Dise\u00f1ada con un cuello de 38 mm, un di\u00e1metro de 55,7 mm y una altura de 186,95 mm, esta botella es ideal para jugos prensados en fr\u00edo, batidos, t\u00e9s y bebidas saborizadas. Su elegante forma cil\u00edndrica garantiza una excelente presencia en el anaquel. Fabricada con vidrio de alta calidad apto para uso alimentario, esta botella es una soluci\u00f3n sostenible y elegante para las marcas de bebidas que buscan envases ecol\u00f3gicos.<\/p>","protected":false},"excerpt":{"rendered":"<table width=\"449\">\n<tbody>\n<tr>\n<td width=\"126\">Capacidad rebosante ml<\/td>\n<td width=\"60\">Peso g<\/td>\n<td width=\"120\">Acabado mm<\/td>\n<td width=\"74\">Di\u00e1metro mm<\/td>\n<td width=\"69\">Altura mm<\/td>\n<\/tr>\n<tr>\n<td>320<\/td>\n<td>210<\/td>\n<td>38<\/td>\n<td>\u230055.7<\/td>\n<td>186.95<\/td>\n<\/tr>\n<\/tbody>\n<\/table>","protected":false},"featured_media":7071,"comment_status":"open","ping_status":"closed","template":"","meta":{"jetpack_publicize_message":"","jetpack_publicize_feature_enabled":true,"jetpack_social_post_already_shared":true,"jetpack_social_options":{"image_generator_settings":{"template":"highway","default_image_id":0,"font":"","enabled":false},"version":2},"_wpas_customize_per_network":false},"product_brand":[1391],"product_cat":[1436,1376,1537],"product_tag":[1384],"class_list":{"0":"post-7069","1":"product","2":"type-product","3":"status-publish","4":"has-post-thumbnail","6":"product_brand-berlin-packaging","7":"product_cat-100-330ml-beverage","8":"product_cat-beverage","9":"product_cat-glass","10":"product_tag-beverage","12":"first","13":"outofstock","14":"shipping-taxable","15":"product-type-simple"},"exclude_global_add_ons":[],"addons":[],"jetpack_publicize_connections":[],"jetpack_sharing_enabled":true,"jetpack_likes_enabled":true,"_links":{"self":[{"href":"https:\/\/berlinpackagingapac.com\/es\/wp-json\/wp\/v2\/product\/7069","targetHints":{"allow":["GET"]}}],"collection":[{"href":"https:\/\/berlinpackagingapac.com\/es\/wp-json\/wp\/v2\/product"}],"about":[{"href":"https:\/\/berlinpackagingapac.com\/es\/wp-json\/wp\/v2\/types\/product"}],"replies":[{"embeddable":true,"href":"https:\/\/berlinpackagingapac.com\/es\/wp-json\/wp\/v2\/comments?post=7069"}],"version-history":[{"count":2,"href":"https:\/\/berlinpackagingapac.com\/es\/wp-json\/wp\/v2\/product\/7069\/revisions"}],"predecessor-version":[{"id":7072,"href":"https:\/\/berlinpackagingapac.com\/es\/wp-json\/wp\/v2\/product\/7069\/revisions\/7072"}],"wp:featuredmedia":[{"embeddable":true,"href":"https:\/\/berlinpackagingapac.com\/es\/wp-json\/wp\/v2\/media\/7071"}],"wp:attachment":[{"href":"https:\/\/berlinpackagingapac.com\/es\/wp-json\/wp\/v2\/media?parent=7069"}],"wp:term":[{"taxonomy":"product_brand","embeddable":true,"href":"https:\/\/berlinpackagingapac.com\/es\/wp-json\/wp\/v2\/product_brand?post=7069"},{"taxonomy":"product_cat","embeddable":true,"href":"https:\/\/berlinpackagingapac.com\/es\/wp-json\/wp\/v2\/product_cat?post=7069"},{"taxonomy":"product_tag","embeddable":true,"href":"https:\/\/berlinpackagingapac.com\/es\/wp-json\/wp\/v2\/product_tag?post=7069"}],"curies":[{"name":"gracias","href":"https:\/\/api.w.org\/{rel}","templated":true}]}}