{"id":7098,"date":"2025-07-08T17:13:46","date_gmt":"2025-07-08T09:13:46","guid":{"rendered":"https:\/\/berlinpackagingapac.com\/?post_type=product&#038;p=7098"},"modified":"2025-07-08T17:30:51","modified_gmt":"2025-07-08T09:30:51","slug":"142-frasco-estandar-bp11489","status":"publish","type":"product","link":"https:\/\/berlinpackagingapac.com\/es\/product\/142-frasco-estandar-bp11489\/","title":{"rendered":"142 Frasco Est\u00e1ndar, BP11489"},"content":{"rendered":"<p>El BP11489 es un frasco de vidrio est\u00e1ndar de 142 ml con una capacidad de 145 ml y un peso de 95 g. Presenta un cuello de 53 mm, un di\u00e1metro de 58 mm y una altura de 77,4 mm. Compacto y pr\u00e1ctico, este frasco es ideal para envasar mermeladas, papillas, miel, salsas, condimentos y muestras. Su dise\u00f1o de hombro redondeado y pared recta le da un aspecto cl\u00e1sico y vers\u00e1til, ideal para etiquetar o personalizar su marca. Fabricado con vidrio reciclable de grado alimenticio, este frasco garantiza la seguridad del producto y un aspecto ecol\u00f3gico. Combina a la perfecci\u00f3n con tapas de 53 mm para un cierre herm\u00e9tico y seguro.<\/p>","protected":false},"excerpt":{"rendered":"<table width=\"449\">\n<tbody>\n<tr>\n<td width=\"126\">Capacidad rebosante ml<\/td>\n<td width=\"60\">Peso g<\/td>\n<td width=\"120\">Acabado mm<\/td>\n<td width=\"74\">Di\u00e1metro mm<\/td>\n<td width=\"69\">Altura mm<\/td>\n<\/tr>\n<tr>\n<td>145<\/td>\n<td>95<\/td>\n<td>53<\/td>\n<td>\u230058<\/td>\n<td>77.4<\/td>\n<\/tr>\n<\/tbody>\n<\/table>","protected":false},"featured_media":7099,"comment_status":"open","ping_status":"closed","template":"","meta":{"jetpack_publicize_message":"","jetpack_publicize_feature_enabled":true,"jetpack_social_post_already_shared":true,"jetpack_social_options":{"image_generator_settings":{"template":"highway","default_image_id":0,"font":"","enabled":false},"version":2},"_wpas_customize_per_network":false},"product_brand":[1391],"product_cat":[1453,1375,1537],"product_tag":[1383],"class_list":{"0":"post-7098","1":"product","2":"type-product","3":"status-publish","4":"has-post-thumbnail","6":"product_brand-berlin-packaging","7":"product_cat-100-200ml-food-jar","8":"product_cat-food-bottle-food-jar","9":"product_cat-glass","10":"product_tag-food","12":"first","13":"outofstock","14":"shipping-taxable","15":"product-type-simple"},"exclude_global_add_ons":[],"addons":[],"jetpack_publicize_connections":[],"jetpack_sharing_enabled":true,"jetpack_likes_enabled":true,"_links":{"self":[{"href":"https:\/\/berlinpackagingapac.com\/es\/wp-json\/wp\/v2\/product\/7098","targetHints":{"allow":["GET"]}}],"collection":[{"href":"https:\/\/berlinpackagingapac.com\/es\/wp-json\/wp\/v2\/product"}],"about":[{"href":"https:\/\/berlinpackagingapac.com\/es\/wp-json\/wp\/v2\/types\/product"}],"replies":[{"embeddable":true,"href":"https:\/\/berlinpackagingapac.com\/es\/wp-json\/wp\/v2\/comments?post=7098"}],"version-history":[{"count":2,"href":"https:\/\/berlinpackagingapac.com\/es\/wp-json\/wp\/v2\/product\/7098\/revisions"}],"predecessor-version":[{"id":7101,"href":"https:\/\/berlinpackagingapac.com\/es\/wp-json\/wp\/v2\/product\/7098\/revisions\/7101"}],"wp:featuredmedia":[{"embeddable":true,"href":"https:\/\/berlinpackagingapac.com\/es\/wp-json\/wp\/v2\/media\/7099"}],"wp:attachment":[{"href":"https:\/\/berlinpackagingapac.com\/es\/wp-json\/wp\/v2\/media?parent=7098"}],"wp:term":[{"taxonomy":"product_brand","embeddable":true,"href":"https:\/\/berlinpackagingapac.com\/es\/wp-json\/wp\/v2\/product_brand?post=7098"},{"taxonomy":"product_cat","embeddable":true,"href":"https:\/\/berlinpackagingapac.com\/es\/wp-json\/wp\/v2\/product_cat?post=7098"},{"taxonomy":"product_tag","embeddable":true,"href":"https:\/\/berlinpackagingapac.com\/es\/wp-json\/wp\/v2\/product_tag?post=7098"}],"curies":[{"name":"gracias","href":"https:\/\/api.w.org\/{rel}","templated":true}]}}