{"id":7717,"date":"2025-08-14T14:24:21","date_gmt":"2025-08-14T06:24:21","guid":{"rendered":"https:\/\/berlinpackagingapac.com\/?post_type=product&#038;p=7717"},"modified":"2025-08-14T14:24:21","modified_gmt":"2025-08-14T06:24:21","slug":"bomba-externa-totalmente-de-plastico","status":"publish","type":"product","link":"https:\/\/berlinpackagingapac.com\/es\/product\/external-all-plastic-pump\/","title":{"rendered":"Bomba externa totalmente de pl\u00e1stico"},"content":{"rendered":"<p>Aplicaci\u00f3n: Desinfectante de manos, limpiador facial, etc.<br \/>\nEstructura de resorte completamente nueva. Alta relaci\u00f3n gas-l\u00edquido.<br \/>\nProducto \u00edntegramente de pl\u00e1stico, con espuma delicada y densa.<br \/>\nLa composici\u00f3n de la bomba no t\u00f3xica cumple con los est\u00e1ndares internacionales.<\/p>","protected":false},"excerpt":{"rendered":"<p>Dosis: 1,0 \u00b1 0,2 ml<br \/>\nCebado de la bomba: 3-4 pulsaciones<\/p>","protected":false},"featured_media":7719,"comment_status":"open","ping_status":"closed","template":"","meta":{"jetpack_publicize_message":"","jetpack_publicize_feature_enabled":true,"jetpack_social_post_already_shared":true,"jetpack_social_options":{"image_generator_settings":{"template":"highway","default_image_id":0,"font":"","enabled":false},"version":2},"_wpas_customize_per_network":false},"product_brand":[1391],"product_cat":[1538,1445,1471],"product_tag":[1494],"class_list":{"0":"post-7717","1":"product","2":"type-product","3":"status-publish","4":"has-post-thumbnail","6":"product_brand-berlin-packaging","7":"product_cat-plastic","8":"product_cat-closure","9":"product_cat-pump-closure","10":"product_tag-closure","12":"first","13":"outofstock","14":"shipping-taxable","15":"product-type-simple"},"exclude_global_add_ons":[],"addons":[],"jetpack_publicize_connections":[],"jetpack_sharing_enabled":true,"jetpack_likes_enabled":true,"_links":{"self":[{"href":"https:\/\/berlinpackagingapac.com\/es\/wp-json\/wp\/v2\/product\/7717","targetHints":{"allow":["GET"]}}],"collection":[{"href":"https:\/\/berlinpackagingapac.com\/es\/wp-json\/wp\/v2\/product"}],"about":[{"href":"https:\/\/berlinpackagingapac.com\/es\/wp-json\/wp\/v2\/types\/product"}],"replies":[{"embeddable":true,"href":"https:\/\/berlinpackagingapac.com\/es\/wp-json\/wp\/v2\/comments?post=7717"}],"version-history":[{"count":3,"href":"https:\/\/berlinpackagingapac.com\/es\/wp-json\/wp\/v2\/product\/7717\/revisions"}],"predecessor-version":[{"id":7721,"href":"https:\/\/berlinpackagingapac.com\/es\/wp-json\/wp\/v2\/product\/7717\/revisions\/7721"}],"wp:featuredmedia":[{"embeddable":true,"href":"https:\/\/berlinpackagingapac.com\/es\/wp-json\/wp\/v2\/media\/7719"}],"wp:attachment":[{"href":"https:\/\/berlinpackagingapac.com\/es\/wp-json\/wp\/v2\/media?parent=7717"}],"wp:term":[{"taxonomy":"product_brand","embeddable":true,"href":"https:\/\/berlinpackagingapac.com\/es\/wp-json\/wp\/v2\/product_brand?post=7717"},{"taxonomy":"product_cat","embeddable":true,"href":"https:\/\/berlinpackagingapac.com\/es\/wp-json\/wp\/v2\/product_cat?post=7717"},{"taxonomy":"product_tag","embeddable":true,"href":"https:\/\/berlinpackagingapac.com\/es\/wp-json\/wp\/v2\/product_tag?post=7717"}],"curies":[{"name":"gracias","href":"https:\/\/api.w.org\/{rel}","templated":true}]}}