{"id":7876,"date":"2025-08-20T14:13:09","date_gmt":"2025-08-20T06:13:09","guid":{"rendered":"https:\/\/berlinpackagingapac.com\/?post_type=product&#038;p=7876"},"modified":"2025-08-20T14:21:12","modified_gmt":"2025-08-20T06:21:12","slug":"botellas-de-esmalte-de-unas-de-8-ml-13-415-acabado-de-vidrio-bpdh-412","status":"publish","type":"product","link":"https:\/\/berlinpackagingapac.com\/es\/product\/8ml-13-415-finish-nail-polish-bottles-glass-bpdh-412\/","title":{"rendered":"Frascos de esmalte de u\u00f1as de vidrio, 8 ml, acabado 13\/415, BPDH-412"},"content":{"rendered":"<p>Materiales: vidrio<br \/>\nEstilos: vintage, lindo y personalizado.<br \/>\nFormas: cuadrada, redonda, rectangular, en forma de coraz\u00f3n, en forma de rosa y en forma de calavera.<br \/>\nTipos de pincel: plano, redondo, de abanico, de paleta y personalizado<br \/>\nTama\u00f1os: desde mini 5 ml hasta est\u00e1ndar 10 ~ 15 ml y m\u00e1s de 20 ml de tama\u00f1o grande.<br \/>\nAccesorios: tapas, pinceles y cajas de embalaje.<\/p>\n<p>En Berlin Packaging, nuestros frascos de esmalte de u\u00f1as est\u00e1n dise\u00f1ados para combinar creatividad y artesan\u00eda. Ofrecemos opciones totalmente personalizables: elija entre una amplia variedad de formas, tama\u00f1os, materiales, colores y tipos de pinceles que se adapten a la identidad de su marca. Tambi\u00e9n ofrecemos procesos secundarios avanzados, como galvanoplastia, acabados esmerilados o mate, e impresi\u00f3n precisa de logotipos.<\/p>\n<p>Ya sea que busque una elegancia minimalista o un dise\u00f1o \u00fanico y coleccionable, nuestras botellas vienen con un procesamiento profundo de nivel experto para brindar belleza est\u00e9tica y durabilidad funcional.<\/p>","protected":false},"excerpt":{"rendered":"<table width=\"559\">\n<tbody>\n<tr>\n<td width=\"126\">Capacidad ml<\/td>\n<td width=\"91\">Peso g<\/td>\n<td width=\"120\">Acabado mm<\/td>\n<td width=\"111\">Di\u00e1metro mm<\/td>\n<td width=\"111\">Altura mm<\/td>\n<\/tr>\n<tr>\n<td>8<\/td>\n<td>27<\/td>\n<td>13\/415<\/td>\n<td>26.7&#215;26.7<\/td>\n<td>38.9<\/td>\n<\/tr>\n<\/tbody>\n<\/table>","protected":false},"featured_media":7878,"comment_status":"open","ping_status":"closed","template":"","meta":{"jetpack_publicize_message":"","jetpack_publicize_feature_enabled":true,"jetpack_social_post_already_shared":true,"jetpack_social_options":{"image_generator_settings":{"template":"highway","default_image_id":0,"font":"","enabled":false},"version":2},"_wpas_customize_per_network":false},"product_brand":[1391],"product_cat":[1537,1377,1623],"product_tag":[1385],"class_list":{"0":"post-7876","1":"product","2":"type-product","3":"status-publish","4":"has-post-thumbnail","6":"product_brand-berlin-packaging","7":"product_cat-glass","8":"product_cat-cosmetics-personal-care","9":"product_cat-nail-polish-bottles","10":"product_tag-cosmetics-personal-care","12":"first","13":"outofstock","14":"shipping-taxable","15":"product-type-simple"},"exclude_global_add_ons":[],"addons":[],"jetpack_publicize_connections":[],"jetpack_sharing_enabled":true,"jetpack_likes_enabled":true,"_links":{"self":[{"href":"https:\/\/berlinpackagingapac.com\/es\/wp-json\/wp\/v2\/product\/7876","targetHints":{"allow":["GET"]}}],"collection":[{"href":"https:\/\/berlinpackagingapac.com\/es\/wp-json\/wp\/v2\/product"}],"about":[{"href":"https:\/\/berlinpackagingapac.com\/es\/wp-json\/wp\/v2\/types\/product"}],"replies":[{"embeddable":true,"href":"https:\/\/berlinpackagingapac.com\/es\/wp-json\/wp\/v2\/comments?post=7876"}],"version-history":[{"count":3,"href":"https:\/\/berlinpackagingapac.com\/es\/wp-json\/wp\/v2\/product\/7876\/revisions"}],"predecessor-version":[{"id":7890,"href":"https:\/\/berlinpackagingapac.com\/es\/wp-json\/wp\/v2\/product\/7876\/revisions\/7890"}],"wp:featuredmedia":[{"embeddable":true,"href":"https:\/\/berlinpackagingapac.com\/es\/wp-json\/wp\/v2\/media\/7878"}],"wp:attachment":[{"href":"https:\/\/berlinpackagingapac.com\/es\/wp-json\/wp\/v2\/media?parent=7876"}],"wp:term":[{"taxonomy":"product_brand","embeddable":true,"href":"https:\/\/berlinpackagingapac.com\/es\/wp-json\/wp\/v2\/product_brand?post=7876"},{"taxonomy":"product_cat","embeddable":true,"href":"https:\/\/berlinpackagingapac.com\/es\/wp-json\/wp\/v2\/product_cat?post=7876"},{"taxonomy":"product_tag","embeddable":true,"href":"https:\/\/berlinpackagingapac.com\/es\/wp-json\/wp\/v2\/product_tag?post=7876"}],"curies":[{"name":"gracias","href":"https:\/\/api.w.org\/{rel}","templated":true}]}}