{"id":8029,"date":"2025-08-21T14:55:24","date_gmt":"2025-08-21T06:55:24","guid":{"rendered":"https:\/\/berlinpackagingapac.com\/?post_type=product&#038;p=8029"},"modified":"2025-08-21T14:55:24","modified_gmt":"2025-08-21T06:55:24","slug":"pulverizador-de-niebla-bpp02-b24-410b","status":"publish","type":"product","link":"https:\/\/berlinpackagingapac.com\/es\/product\/mist-sprayer-bpp02-b24-410b\/","title":{"rendered":"Pulverizador de niebla BPP02-B24\/410B"},"content":{"rendered":"<p>Nuestro pulverizador de niebla ofrece una salida de niebla fina y constante, lo que lo hace perfecto para aplicaciones como perfumes, t\u00f3nicos, desinfectantes y otros productos l\u00edquidos.<\/p>\n<p>Acabado del m\u00e1stil: \u03c618 (18\/410), \u03c620 (20\/410), \u03c622 (22\/415), \u03c624 (24\/410), \u03c624 (24\/415)<br \/>\nTipo de niebla: Roc\u00edo fino para una cobertura uniforme<br \/>\nMaterial: Pl\u00e1stico duradero, seguro para productos cosm\u00e9ticos y de cuidado personal.<br \/>\nAplicaciones: Cuidado de la piel, cuidado del cabello, soluciones de limpieza, aerosoles para habitaciones y m\u00e1s.<br \/>\nCaracter\u00edsticas: Dise\u00f1o a prueba de fugas, cabezal de prensa ergon\u00f3mico, colores y acabados personalizables.<br \/>\nDisponemos de opciones de decoraci\u00f3n personalizadas, como recubrimiento de color, metalizaci\u00f3n y serigraf\u00eda, para mejorar la imagen de su marca.<\/p>","protected":false},"excerpt":{"rendered":"<p>Acabado del m\u00e1stil: \u03c624 (24\/410)<br \/>\nSalida: 0,18 \u00b1 0,04 ml por carrera<br \/>\nBloqueo: Personalizable<br \/>\nColor: Personalizable<br \/>\nMaterial: PP, PE, resorte de acero inoxidable o material mono.<br \/>\nAplicaciones: Cosm\u00e9ticos, cuidado de la piel, soluciones de limpieza, cuidado del cabello, fragancias.<\/p>","protected":false},"featured_media":8031,"comment_status":"open","ping_status":"closed","template":"","meta":{"jetpack_publicize_message":"","jetpack_publicize_feature_enabled":true,"jetpack_social_post_already_shared":true,"jetpack_social_options":{"image_generator_settings":{"template":"highway","default_image_id":0,"font":"","enabled":false},"version":2},"_wpas_customize_per_network":false},"product_brand":[1391],"product_cat":[1538,1445,1472],"product_tag":[1494],"class_list":{"0":"post-8029","1":"product","2":"type-product","3":"status-publish","4":"has-post-thumbnail","6":"product_brand-berlin-packaging","7":"product_cat-plastic","8":"product_cat-closure","9":"product_cat-mist-sprayer","10":"product_tag-closure","12":"first","13":"outofstock","14":"shipping-taxable","15":"product-type-simple"},"exclude_global_add_ons":[],"addons":[],"jetpack_publicize_connections":[],"jetpack_sharing_enabled":true,"jetpack_likes_enabled":true,"_links":{"self":[{"href":"https:\/\/berlinpackagingapac.com\/es\/wp-json\/wp\/v2\/product\/8029","targetHints":{"allow":["GET"]}}],"collection":[{"href":"https:\/\/berlinpackagingapac.com\/es\/wp-json\/wp\/v2\/product"}],"about":[{"href":"https:\/\/berlinpackagingapac.com\/es\/wp-json\/wp\/v2\/types\/product"}],"replies":[{"embeddable":true,"href":"https:\/\/berlinpackagingapac.com\/es\/wp-json\/wp\/v2\/comments?post=8029"}],"version-history":[{"count":3,"href":"https:\/\/berlinpackagingapac.com\/es\/wp-json\/wp\/v2\/product\/8029\/revisions"}],"predecessor-version":[{"id":8033,"href":"https:\/\/berlinpackagingapac.com\/es\/wp-json\/wp\/v2\/product\/8029\/revisions\/8033"}],"wp:featuredmedia":[{"embeddable":true,"href":"https:\/\/berlinpackagingapac.com\/es\/wp-json\/wp\/v2\/media\/8031"}],"wp:attachment":[{"href":"https:\/\/berlinpackagingapac.com\/es\/wp-json\/wp\/v2\/media?parent=8029"}],"wp:term":[{"taxonomy":"product_brand","embeddable":true,"href":"https:\/\/berlinpackagingapac.com\/es\/wp-json\/wp\/v2\/product_brand?post=8029"},{"taxonomy":"product_cat","embeddable":true,"href":"https:\/\/berlinpackagingapac.com\/es\/wp-json\/wp\/v2\/product_cat?post=8029"},{"taxonomy":"product_tag","embeddable":true,"href":"https:\/\/berlinpackagingapac.com\/es\/wp-json\/wp\/v2\/product_tag?post=8029"}],"curies":[{"name":"gracias","href":"https:\/\/api.w.org\/{rel}","templated":true}]}}