{"id":8558,"date":"2025-10-23T14:40:03","date_gmt":"2025-10-23T06:40:03","guid":{"rendered":"https:\/\/berlinpackagingapac.com\/?post_type=product&#038;p=8558"},"modified":"2025-10-23T14:40:03","modified_gmt":"2025-10-23T06:40:03","slug":"botella-sin-aire-de-50-ml-75-ml-y-100-ml-bpzk212","status":"publish","type":"product","link":"https:\/\/berlinpackagingapac.com\/es\/product\/50ml-75ml-100ml-airless-bottle-bpzk212\/","title":{"rendered":"Botella sin aire de 50 ml\/75 ml\/100 ml BPZK212"},"content":{"rendered":"<p data-start=\"449\" data-end=\"801\">La serie de botellas sin aire de 50 ml\/75 ml\/100 ml ofrece una soluci\u00f3n elegante y pr\u00e1ctica para las marcas de cuidado de la piel y cosm\u00e9ticos que requieren un rendimiento de dispensaci\u00f3n de alta calidad y versatilidad est\u00e9tica.<br data-start=\"636\" data-end=\"639\" \/>Su sistema de bomba sin aire protege las formulaciones de la oxidaci\u00f3n y la contaminaci\u00f3n, manteniendo la frescura del producto y garantizando una dosificaci\u00f3n suave y uniforme en todo momento.<\/p>\n<p data-start=\"803\" data-end=\"818\"><strong data-start=\"803\" data-end=\"816\">Caracter\u00edsticas:<\/strong><\/p>\n<ul data-start=\"819\" data-end=\"1302\">\n<li data-start=\"819\" data-end=\"868\">\n<p data-start=\"821\" data-end=\"868\">Capacidades disponibles: 50ml \/ 75ml \/ 100ml<\/p>\n<\/li>\n<li data-start=\"869\" data-end=\"937\">\n<p data-start=\"871\" data-end=\"937\">El mecanismo de bomba sin aire garantiza una dispensaci\u00f3n limpia e higi\u00e9nica.<\/p>\n<\/li>\n<li data-start=\"938\" data-end=\"1024\">\n<p data-start=\"940\" data-end=\"1024\">Decoraci\u00f3n de carrocer\u00eda personalizable (impresi\u00f3n, recubrimiento en aerosol, acabado mate o brillante)<\/p>\n<\/li>\n<li data-start=\"1025\" data-end=\"1086\">\n<p data-start=\"1027\" data-end=\"1086\">Bomba de alta precisi\u00f3n para un uso uniforme y sin desperdicios<\/p>\n<\/li>\n<li data-start=\"1087\" data-end=\"1153\">\n<p data-start=\"1089\" data-end=\"1153\">Ideal para sueros, cremas, lociones y tratamientos cosm\u00e9ticos.<\/p>\n<\/li>\n<li data-start=\"1154\" data-end=\"1224\">\n<p data-start=\"1156\" data-end=\"1224\">Tapa transparente o tintada opcional para una presentaci\u00f3n moderna.<\/p>\n<\/li>\n<li data-start=\"1225\" data-end=\"1302\">\n<p data-start=\"1227\" data-end=\"1302\">Dise\u00f1o duradero y liviano, adecuado tanto para embalajes minoristas como para embalajes de viaje.<\/p>\n<\/li>\n<\/ul>","protected":false},"excerpt":{"rendered":"<p>Moderna botella airless disponible en tama\u00f1os de 50 ml, 75 ml y 100 ml, dise\u00f1ada para lociones, s\u00e9rums y cremas. Presenta un dise\u00f1o de dosificador limpio con decoraci\u00f3n personalizable.<\/p>","protected":false},"featured_media":8561,"comment_status":"open","ping_status":"closed","template":"","meta":{"jetpack_publicize_message":"","jetpack_publicize_feature_enabled":true,"jetpack_social_post_already_shared":true,"jetpack_social_options":{"image_generator_settings":{"template":"highway","default_image_id":0,"font":"","enabled":false},"version":2},"_wpas_customize_per_network":false},"product_brand":[1391],"product_cat":[1538,1377,1500],"product_tag":[1385],"class_list":{"0":"post-8558","1":"product","2":"type-product","3":"status-publish","4":"has-post-thumbnail","6":"product_brand-berlin-packaging","7":"product_cat-plastic","8":"product_cat-cosmetics-personal-care","9":"product_cat-skincare","10":"product_tag-cosmetics-personal-care","12":"first","13":"outofstock","14":"shipping-taxable","15":"product-type-simple"},"exclude_global_add_ons":[],"addons":[],"jetpack_publicize_connections":[],"jetpack_sharing_enabled":true,"jetpack_likes_enabled":true,"_links":{"self":[{"href":"https:\/\/berlinpackagingapac.com\/es\/wp-json\/wp\/v2\/product\/8558","targetHints":{"allow":["GET"]}}],"collection":[{"href":"https:\/\/berlinpackagingapac.com\/es\/wp-json\/wp\/v2\/product"}],"about":[{"href":"https:\/\/berlinpackagingapac.com\/es\/wp-json\/wp\/v2\/types\/product"}],"replies":[{"embeddable":true,"href":"https:\/\/berlinpackagingapac.com\/es\/wp-json\/wp\/v2\/comments?post=8558"}],"version-history":[{"count":3,"href":"https:\/\/berlinpackagingapac.com\/es\/wp-json\/wp\/v2\/product\/8558\/revisions"}],"predecessor-version":[{"id":8563,"href":"https:\/\/berlinpackagingapac.com\/es\/wp-json\/wp\/v2\/product\/8558\/revisions\/8563"}],"wp:featuredmedia":[{"embeddable":true,"href":"https:\/\/berlinpackagingapac.com\/es\/wp-json\/wp\/v2\/media\/8561"}],"wp:attachment":[{"href":"https:\/\/berlinpackagingapac.com\/es\/wp-json\/wp\/v2\/media?parent=8558"}],"wp:term":[{"taxonomy":"product_brand","embeddable":true,"href":"https:\/\/berlinpackagingapac.com\/es\/wp-json\/wp\/v2\/product_brand?post=8558"},{"taxonomy":"product_cat","embeddable":true,"href":"https:\/\/berlinpackagingapac.com\/es\/wp-json\/wp\/v2\/product_cat?post=8558"},{"taxonomy":"product_tag","embeddable":true,"href":"https:\/\/berlinpackagingapac.com\/es\/wp-json\/wp\/v2\/product_tag?post=8558"}],"curies":[{"name":"gracias","href":"https:\/\/api.w.org\/{rel}","templated":true}]}}