{"id":8644,"date":"2025-10-29T11:50:31","date_gmt":"2025-10-29T03:50:31","guid":{"rendered":"https:\/\/berlinpackagingapac.com\/?post_type=product&#038;p=8644"},"modified":"2025-10-29T11:50:31","modified_gmt":"2025-10-29T03:50:31","slug":"envase-de-lapiz-labial-bpmu925","status":"publish","type":"product","link":"https:\/\/berlinpackagingapac.com\/es\/product\/lipstick-packaging-bpmu925\/","title":{"rendered":"Envase de l\u00e1piz labial BPMU925"},"content":{"rendered":"<p>Este tubo de labial combina una est\u00e9tica elegante con una funcionalidad fiable. Dise\u00f1ado con un mecanismo giratorio suave y un cierre seguro, protege las barras de labios y ofrece una presentaci\u00f3n lujosa en el estante. Se pueden fabricar colores personalizados e imprimir logotipos bajo pedido.<\/p>","protected":false},"excerpt":{"rendered":"<p>Barra de labios premium con mecanismo giratorio y dise\u00f1o elegante. Colores y acabados personalizables: ideal para marcas de cosm\u00e9ticos premium e independientes.<\/p>","protected":false},"featured_media":8645,"comment_status":"open","ping_status":"closed","template":"","meta":{"jetpack_post_was_ever_published":false,"jetpack_publicize_message":"","jetpack_publicize_feature_enabled":true,"jetpack_social_post_already_shared":true,"jetpack_social_options":{"image_generator_settings":{"template":"highway","default_image_id":0,"font":"","enabled":false},"version":2},"_wpas_customize_per_network":false},"product_brand":[1391],"product_cat":[1538,1377,1499],"product_tag":[1385],"class_list":{"0":"post-8644","1":"product","2":"type-product","3":"status-publish","4":"has-post-thumbnail","6":"product_brand-berlin-packaging","7":"product_cat-plastic","8":"product_cat-cosmetics-personal-care","9":"product_cat-lipstick","10":"product_tag-cosmetics-personal-care","12":"first","13":"outofstock","14":"shipping-taxable","15":"product-type-simple"},"exclude_global_add_ons":[],"addons":[],"jetpack_publicize_connections":[],"jetpack_sharing_enabled":true,"jetpack_likes_enabled":true,"_links":{"self":[{"href":"https:\/\/berlinpackagingapac.com\/es\/wp-json\/wp\/v2\/product\/8644","targetHints":{"allow":["GET"]}}],"collection":[{"href":"https:\/\/berlinpackagingapac.com\/es\/wp-json\/wp\/v2\/product"}],"about":[{"href":"https:\/\/berlinpackagingapac.com\/es\/wp-json\/wp\/v2\/types\/product"}],"replies":[{"embeddable":true,"href":"https:\/\/berlinpackagingapac.com\/es\/wp-json\/wp\/v2\/comments?post=8644"}],"version-history":[{"count":3,"href":"https:\/\/berlinpackagingapac.com\/es\/wp-json\/wp\/v2\/product\/8644\/revisions"}],"predecessor-version":[{"id":8649,"href":"https:\/\/berlinpackagingapac.com\/es\/wp-json\/wp\/v2\/product\/8644\/revisions\/8649"}],"wp:featuredmedia":[{"embeddable":true,"href":"https:\/\/berlinpackagingapac.com\/es\/wp-json\/wp\/v2\/media\/8645"}],"wp:attachment":[{"href":"https:\/\/berlinpackagingapac.com\/es\/wp-json\/wp\/v2\/media?parent=8644"}],"wp:term":[{"taxonomy":"product_brand","embeddable":true,"href":"https:\/\/berlinpackagingapac.com\/es\/wp-json\/wp\/v2\/product_brand?post=8644"},{"taxonomy":"product_cat","embeddable":true,"href":"https:\/\/berlinpackagingapac.com\/es\/wp-json\/wp\/v2\/product_cat?post=8644"},{"taxonomy":"product_tag","embeddable":true,"href":"https:\/\/berlinpackagingapac.com\/es\/wp-json\/wp\/v2\/product_tag?post=8644"}],"curies":[{"name":"gracias","href":"https:\/\/api.w.org\/{rel}","templated":true}]}}