{"id":8894,"date":"2025-11-05T15:06:30","date_gmt":"2025-11-05T07:06:30","guid":{"rendered":"https:\/\/berlinpackagingapac.com\/?post_type=product&#038;p=8894"},"modified":"2025-11-19T08:51:30","modified_gmt":"2025-11-19T00:51:30","slug":"frasco-cuadrado-de-6-oz-bpc-125","status":"publish","type":"product","link":"https:\/\/berlinpackagingapac.com\/es\/product\/6oz-square-jar-bpc-125\/","title":{"rendered":"Frasco cuadrado de 6 oz, BPC-125"},"content":{"rendered":"<p>Realza el valor percibido de tu producto con el robusto frasco cuadrado BPC-125 de 172 g (6 oz). Fabricado en vidrio flint com\u00fan, este frasco presenta una base cuadrada \u00fanica y es el m\u00e1s pesado de la selecci\u00f3n, con 172 g, lo que indica su alta calidad. Tiene una capacidad est\u00e1ndar de 212 ml (aproximadamente 6 onzas).<\/p>\n<p>El acabado GPI 20204-58 proporciona un sistema de cierre fiable mediante rosca. Su distintiva forma cuadrada resulta ideal para maximizar el espacio en los estantes y a\u00f1adir un toque de sofisticaci\u00f3n a productos como especias, dulces de alta gama o exfoliantes corporales.<\/p>","protected":false},"excerpt":{"rendered":"<table style=\"border-collapse: collapse; width: 360.02pt;\" border=\"0\" width=\"720\" cellspacing=\"0\" cellpadding=\"0\">\n<tbody>\n<tr style=\"height: 61.00pt;\">\n<td class=\"et5\" style=\"height: 61.00pt; width: 64.50pt;\" width=\"129\" height=\"122\">Capacidad rebosante<\/td>\n<td class=\"et5\" style=\"width: 64.50pt;\" width=\"129\">Peso<\/td>\n<td class=\"et5\" style=\"width: 102.00pt;\" width=\"204\">Finalizar<\/td>\n<td class=\"et5\" style=\"width: 64.50pt;\" width=\"129\">Di\u00e1metro<\/td>\n<td class=\"et5\" style=\"width: 64.50pt;\" width=\"129\">Altura<\/td>\n<\/tr>\n<tr style=\"height: 21.00pt;\">\n<td class=\"et2\" style=\"height: 21.00pt;\" height=\"42\">212<\/td>\n<td class=\"et2\">172<\/td>\n<td class=\"et6\">GPI 20204-58<\/td>\n<td class=\"et6\">62,5 x 62,5<\/td>\n<td class=\"et2\">84<\/td>\n<\/tr>\n<\/tbody>\n<\/table>","protected":false},"featured_media":8895,"comment_status":"open","ping_status":"closed","template":"","meta":{"jetpack_publicize_message":"","jetpack_publicize_feature_enabled":true,"jetpack_social_post_already_shared":true,"jetpack_social_options":{"image_generator_settings":{"template":"highway","default_image_id":0,"font":"","enabled":false},"version":2},"_wpas_customize_per_network":false},"product_brand":[1391],"product_cat":[1537,1454,1375,1508],"product_tag":[],"class_list":{"0":"post-8894","1":"product","2":"type-product","3":"status-publish","4":"has-post-thumbnail","6":"product_brand-berlin-packaging","7":"product_cat-glass","8":"product_cat-200-300ml-food-jar","9":"product_cat-food-bottle-food-jar","10":"product_cat-square-jar","12":"first","13":"outofstock","14":"shipping-taxable","15":"product-type-simple"},"exclude_global_add_ons":[],"addons":[],"jetpack_publicize_connections":[],"jetpack_sharing_enabled":true,"jetpack_likes_enabled":true,"_links":{"self":[{"href":"https:\/\/berlinpackagingapac.com\/es\/wp-json\/wp\/v2\/product\/8894","targetHints":{"allow":["GET"]}}],"collection":[{"href":"https:\/\/berlinpackagingapac.com\/es\/wp-json\/wp\/v2\/product"}],"about":[{"href":"https:\/\/berlinpackagingapac.com\/es\/wp-json\/wp\/v2\/types\/product"}],"replies":[{"embeddable":true,"href":"https:\/\/berlinpackagingapac.com\/es\/wp-json\/wp\/v2\/comments?post=8894"}],"version-history":[{"count":5,"href":"https:\/\/berlinpackagingapac.com\/es\/wp-json\/wp\/v2\/product\/8894\/revisions"}],"predecessor-version":[{"id":8963,"href":"https:\/\/berlinpackagingapac.com\/es\/wp-json\/wp\/v2\/product\/8894\/revisions\/8963"}],"wp:featuredmedia":[{"embeddable":true,"href":"https:\/\/berlinpackagingapac.com\/es\/wp-json\/wp\/v2\/media\/8895"}],"wp:attachment":[{"href":"https:\/\/berlinpackagingapac.com\/es\/wp-json\/wp\/v2\/media?parent=8894"}],"wp:term":[{"taxonomy":"product_brand","embeddable":true,"href":"https:\/\/berlinpackagingapac.com\/es\/wp-json\/wp\/v2\/product_brand?post=8894"},{"taxonomy":"product_cat","embeddable":true,"href":"https:\/\/berlinpackagingapac.com\/es\/wp-json\/wp\/v2\/product_cat?post=8894"},{"taxonomy":"product_tag","embeddable":true,"href":"https:\/\/berlinpackagingapac.com\/es\/wp-json\/wp\/v2\/product_tag?post=8894"}],"curies":[{"name":"gracias","href":"https:\/\/api.w.org\/{rel}","templated":true}]}}