{"id":7522,"date":"2025-08-04T15:33:19","date_gmt":"2025-08-04T07:33:19","guid":{"rendered":"https:\/\/berlinpackagingapac.com\/?page_id=7522"},"modified":"2025-08-28T09:32:34","modified_gmt":"2025-08-28T01:32:34","slug":"politique-de-confidentialite-2","status":"publish","type":"page","link":"https:\/\/berlinpackagingapac.com\/fr\/privacy-policy-2\/","title":{"rendered":"politique de confidentialit\u00e9"},"content":{"rendered":"<p>Avec la politique suivante, Berlin Packaging China (ci-apr\u00e8s d\u00e9nomm\u00e9e\u00a0<strong>\u00ab\u00a0Berlin Packaging APAC\u00a0\u00bb<\/strong>,\u00a0<strong>&quot;nous&quot;<\/strong>,\u00a0<strong>&quot;notre&quot;<\/strong>), soci\u00e9t\u00e9 appartenant au groupe Berlin Packaging, souhaite informer les utilisateurs visitant le site Web\u00a0<a href=\"https:\/\/berlinpackagingapac.com\/fr\/\" target=\"_blank\" data-type=\"link\" data-id=\"https:\/\/berlinpackagingapac.com\/\" rel=\"noreferrer noopener\">berlinpackagingapac.com<\/a>\u00a0(ci-apr\u00e8s d\u00e9nomm\u00e9e la \u00ab<strong>Site<\/strong>\u00ab\u00a0\u00bb concernant la politique de protection des donn\u00e9es personnelles adopt\u00e9e, soulignant son engagement et son attention \u00e0 la protection des donn\u00e9es personnelles des utilisateurs du Site. Veuillez lire cette politique de confidentialit\u00e9 (la \u00ab\u00a0politique de confidentialit\u00e9\u00a0\u00bb).<strong>politique de confidentialit\u00e9<\/strong>\u00ab ) avec attention, ce qui s\u2019applique si vous acc\u00e9dez au Site et d\u00e9cidez de le parcourir en utilisant nos services.<\/p>\n\n\n\n<p>\u00ab\u00a0Informations personnelles\u00a0\u00bb d\u00e9signe toute information relative \u00e0 une personne physique identifi\u00e9e ou identifiable. Lorsque nous combinons des informations personnelles avec d&#039;autres informations (c&#039;est-\u00e0-dire des informations qui, \u00e0 elles seules, ne permettent pas de vous identifier), nous traitons ces informations combin\u00e9es comme des informations personnelles.<\/p>\n\n\n\n<p>Vous pouvez choisir de fournir ou de divulguer ou non des informations personnelles dans le cadre de votre utilisation de notre Plateforme. Si vous choisissez de ne pas fournir les informations personnelles demand\u00e9es, vous pourrez toujours consulter et utiliser certaines parties de notre Plateforme, mais vous pourriez ne pas pouvoir acc\u00e9der \u00e0 certaines fonctionnalit\u00e9s, options, programmes, produits et services.<\/p>\n\n\n\n<h6 class=\"wp-block-heading\"><strong>Cat\u00e9gories d&#039;informations personnelles que nous collectons<\/strong><\/h6>\n\n\n\n<p>Nous et nos prestataires de services collectons diverses informations personnelles. Nous pouvons collecter vos coordonn\u00e9es lorsque vous nous contactez sur la Plateforme par e-mail ou via notre formulaire web, ou lorsque vous vous inscrivez \u00e0 notre liste de diffusion, r\u00e9pondez \u00e0 l&#039;une de nos enqu\u00eates ou cr\u00e9ez un compte sur la Plateforme. Par exemple, nous pouvons collecter votre nom, votre adresse e-mail, votre num\u00e9ro de t\u00e9l\u00e9phone et votre adresse postale. Lorsque vous communiquez avec nous, par e-mail ou via notre outil de chat web, nous et nos prestataires de services collectons les informations que vous nous communiquez. Si vous nous contactez via les fonctionnalit\u00e9s de chat que nous proposons sur nos sites web, nous pouvons surveiller et conserver ces communications et les stocker chez nos prestataires de services.<\/p>\n\n\n\n<p>Nous pouvons collecter des informations financi\u00e8res si vous effectuez un achat sur la Plateforme. Les informations de paiement incluent vos coordonn\u00e9es bancaires et\/ou votre num\u00e9ro de carte de cr\u00e9dit et\/ou de d\u00e9bit, y compris votre code CVV et sa date d&#039;expiration.<\/p>\n\n\n\n<p>Nous pouvons \u00e9galement collecter des informations professionnelles et d&#039;autres informations sur votre entreprise, telles que le nom et le site Web de l&#039;entreprise, ainsi que le budget annuel d&#039;emballage, afin de r\u00e9pondre \u00e0 votre demande plus pr\u00e9cis\u00e9ment en vous fournissant des informations plus d\u00e9taill\u00e9es et cibl\u00e9es.<\/p>\n\n\n\n<p>Si vous postulez \u00e0 un emploi, nous pouvons recueillir les informations que vous nous fournissez dans le cadre du processus de candidature ou d&#039;entretien, notamment des informations sur votre formation et votre parcours professionnel, ainsi que d&#039;autres donn\u00e9es d\u00e9mographiques. Ces informations peuvent inclure les \u00e9tablissements que vous avez fr\u00e9quent\u00e9s et vos pr\u00e9c\u00e9dents employeurs. Elles peuvent \u00e9galement inclure votre sexe, votre origine ethnique, votre statut de handicap\u00e9 et d&#039;ancien combattant, ainsi que le contenu de votre CV.<\/p>\n\n\n\n<p>Nous pouvons \u00e9galement collecter des informations sur votre utilisation et votre appareil lorsque vous visitez notre Plateforme. Ces informations peuvent inclure des informations sur le navigateur et le syst\u00e8me d&#039;exploitation que vous utilisez, ainsi que sur l&#039;appareil que vous utilisez. Ces informations incluent notamment votre adresse IP (Internet Protocol), votre FAI, le type de navigateur, la date et l&#039;heure de la visite, la page de r\u00e9f\u00e9rence, les pages web que vous consultez, etc.<\/p>\n\n\n\n<h6 class=\"wp-block-heading\"><strong>Comment nous recueillons vos informations personnelles<\/strong><\/h6>\n\n\n\n<p>Nous collectons des informations de diverses mani\u00e8res. Nous collectons des informations directement aupr\u00e8s de vous, par exemple lorsque vous cr\u00e9ez un compte, effectuez un achat ou communiquez avec nous via notre plateforme. De m\u00eame, nous collectons des informations directement aupr\u00e8s de vous lorsque vous postulez \u00e0 un poste que nous publions.<\/p>\n\n\n\n<p>Nous collectons \u00e9galement des informations vous concernant de mani\u00e8re passive. Notre Plateforme utilise des outils de suivi tels que les cookies, les pixels et les balises web. Nous le faisons \u00e0 la fois sur notre Plateforme et dans les e-mails que nous vous envoyons. Gr\u00e2ce \u00e0 ces outils, nous collectons des informations sur les utilisateurs au fil de leur utilisation de notre Plateforme. Cette collecte comprend des informations sur l&#039;utilisation et le navigateur. Nous pouvons \u00e9galement faire appel \u00e0 des tiers pour collecter des informations personnelles de cette mani\u00e8re. Pour plus d&#039;informations sur les traceurs que nous utilisons, veuillez consulter la section \u00ab\u00a0Cookies et autres technologies web\u00a0\u00bb ci-dessous.<\/p>\n\n\n\n<h6 class=\"wp-block-heading\"><strong>Combinaison d&#039;informations<\/strong><\/h6>\n\n\n\n<p>Nous pouvons combiner les informations personnelles que nous obtenons. Par exemple, nous pouvons combiner les informations collect\u00e9es en ligne avec celles collect\u00e9es hors ligne, par exemple lors d&#039;appels entre vous et notre \u00e9quipe d&#039;assistance. Nous pouvons \u00e9galement combiner les informations collect\u00e9es sur des sites tiers ou aupr\u00e8s de tiers avec celles dont nous disposons d\u00e9j\u00e0. Enfin, nous combinons les informations sur diff\u00e9rents appareils.<\/p>\n\n\n\n<h6 class=\"wp-block-heading\"><strong>Comment nous utilisons vos informations personnelles<\/strong><\/h6>\n\n\n\n<p>Nous utilisons vos informations personnelles de plusieurs mani\u00e8res. Par exemple, nous les utilisons pour r\u00e9pondre \u00e0 vos questions ou pour vous fournir les produits, services ou informations que vous demandez. Nous pouvons \u00e9galement utiliser vos informations personnelles pour vous tenir inform\u00e9 de nos nouvelles offres de produits et services ou pour vous informer des \u00e9v\u00e9nements \u00e0 venir. Si vous souhaitez vous d\u00e9sabonner de nos communications promotionnelles ou marketing, veuillez consulter la section \u00ab\u00a0Vos choix\u00a0\u00bb ci-dessous.<\/p>\n\n\n\n<p>En outre, nous pouvons utiliser les informations personnelles que nous collectons \u00e0 votre sujet pour :<\/p>\n\n\n\n<ul class=\"wp-block-list\">\n<li>Cr\u00e9ez et g\u00e9rez votre compte en ligne, y compris l&#039;acc\u00e8s \u00e0 votre historique d&#039;achat<\/li>\n\n\n\n<li>Aider \u00e0 la s\u00e9lection et au r\u00e9approvisionnement des produits<\/li>\n\n\n\n<li>Pour adapter les publicit\u00e9s qui vous sont affich\u00e9es sur notre plateforme et ailleurs \u00e0 vos int\u00e9r\u00eats et \u00e0 votre historique avec nous<\/li>\n\n\n\n<li>Exploiter, \u00e9valuer et am\u00e9liorer notre activit\u00e9 (notamment en d\u00e9veloppant de nouveaux services et en proposant des produits suppl\u00e9mentaires ; en effectuant des analyses de donn\u00e9es ; en am\u00e9liorant les performances techniques et le fonctionnement de notre plateforme ; en g\u00e9rant nos communications ; et en effectuant des t\u00e2ches de comptabilit\u00e9, d&#039;audit et\/ou d&#039;autres fonctions internes)<\/li>\n\n\n\n<li>\u00c0 des fins de s\u00e9curit\u00e9 et pour identifier et prot\u00e9ger contre la fraude et toute autre utilisation abusive de notre Plateforme<\/li>\n\n\n\n<li>Se conformer aux exigences l\u00e9gales applicables, aux normes de l&#039;industrie et aux autres politiques<\/li>\n\n\n\n<li>Traitez votre demande d&#039;emploi et \u00e9valuez votre candidature si vous postulez \u00e0 un poste que nous publions<\/li>\n\n\n\n<li>Ex\u00e9cuter des activit\u00e9s autrement autoris\u00e9es par les lois applicables<\/li>\n<\/ul>\n\n\n\n<h6 class=\"wp-block-heading\"><strong>Comment nous divulguons vos informations personnelles<\/strong><\/h6>\n\n\n\n<p>Nous pouvons partager vos informations avec nos soci\u00e9t\u00e9s affili\u00e9es, filiales, employ\u00e9s, prestataires de services, sous-traitants ou consultants.<\/p>\n\n\n\n<p>En r\u00e8gle g\u00e9n\u00e9rale, nous ne vendrons, ne distribuerons, ne publierons, ne divulguerons ni ne partagerons vos informations personnelles avec des tiers non affili\u00e9s sans votre consentement. Cependant, dans certaines situations, nous pouvons divulguer vos informations personnelles \u00e0 des tiers non affili\u00e9s, notamment\u00a0:<\/p>\n\n\n\n<ul class=\"wp-block-list\">\n<li><strong>Nos prestataires de services.<\/strong>\u00a0Nous pouvons partager vos informations personnelles avec des fournisseurs de services tiers qui nous fournissent des produits ou des services (des exemples de ces fournisseurs de services incluent des entit\u00e9s qui traitent les paiements par carte de cr\u00e9dit, fournissent des services de marketing, h\u00e9bergent notre chat Web et des services d&#039;optimisation de sites Web).<\/li>\n\n\n\n<li><strong>Partenaires commerciaux.<\/strong>\u00a0Nous pouvons partager des informations personnelles avec nos partenaires tiers de confiance. Par exemple, nous pouvons partager des informations avec des partenaires lorsque nous co-sponsorisons une promotion. Ces partenaires peuvent utiliser vos informations, entre autres, pour vous envoyer des informations ou vous contacter au sujet de nos services et produits.<\/li>\n\n\n\n<li><strong>Services de publicit\u00e9.<\/strong>\u00a0Nous pouvons parfois faire appel \u00e0 des services publicitaires pour promouvoir notre Plateforme et notre marque. Ces services peuvent cibler des publicit\u00e9s sur des sites web tiers en fonction de cookies ou d&#039;autres informations indiquant une interaction ant\u00e9rieure avec notre Plateforme.<\/li>\n\n\n\n<li><strong>Forces de l\u2019ordre, agences gouvernementales et tribunaux.<\/strong>\u00a0Nous pouvons divulguer des renseignements personnels afin de nous conformer \u00e0 la loi, de r\u00e9pondre \u00e0 une demande de renseignements, une ordonnance, une assignation ou un mandat de perquisition l\u00e9galement valable, ou de prot\u00e9ger nos employ\u00e9s, nos clients ou le public. Nous pouvons \u00e9galement divulguer ces renseignements pour exercer nos droits ou nous d\u00e9fendre contre une action en justice, ou lorsque la loi l&#039;exige ou le permet.<\/li>\n\n\n\n<li><strong>Soci\u00e9t\u00e9s impliqu\u00e9es dans des op\u00e9rations de fusions et acquisitions.<\/strong>\u00a0Si nous participons \u00e0 une transaction d&#039;entreprise, telle qu&#039;une fusion ou une vente d&#039;actifs, nous pouvons \u00eatre amen\u00e9s \u00e0 fournir vos informations personnelles dans le cadre de cette transaction. Toute information collect\u00e9e via la Plateforme, y compris les informations personnelles, peut figurer parmi les \u00e9l\u00e9ments vendus ou transf\u00e9r\u00e9s dans le cadre d&#039;une telle transaction.<\/li>\n\n\n\n<li><strong>Fraude et autres enqu\u00eates.<\/strong>\u00a0Nous pouvons partager vos informations personnelles afin de faire respecter nos Conditions g\u00e9n\u00e9rales et autres accords ou politiques. Nous pouvons \u00e9galement partager vos informations personnelles dans le cadre d&#039;une enqu\u00eate ou pour pr\u00e9venir une violation li\u00e9e \u00e0 une fraude, une activit\u00e9 ill\u00e9gale ou pr\u00e9judiciable, ou toute autre violation contractuelle.<\/li>\n<\/ul>\n\n\n\n<p>Nous pouvons transf\u00e9rer vos informations personnelles \u00e0 des destinataires situ\u00e9s dans des pays autres que celui o\u00f9 elles ont \u00e9t\u00e9 initialement collect\u00e9es, et vos informations personnelles peuvent \u00eatre stock\u00e9es et trait\u00e9es hors de votre pays de r\u00e9sidence. Ces pays peuvent ne pas appliquer les m\u00eames lois sur la protection des donn\u00e9es que votre pays de r\u00e9sidence, et vos informations personnelles peuvent \u00eatre soumises \u00e0 des lois \u00e9trang\u00e8res applicables.<\/p>\n\n\n\n<h6 class=\"wp-block-heading\"><strong>Vos choix<\/strong><\/h6>\n\n\n\n<p>Vous disposez de certains choix quant \u00e0 l&#039;utilisation de vos informations personnelles. Si vous souhaitez vous d\u00e9sinscrire de nos communications promotionnelles ou marketing, demander la mise \u00e0 jour ou la modification de vos informations personnelles, ou demander leur suppression, veuillez nous en informer par e-mail \u00e0 l&#039;adresse\u00a0<a href=\"mailto:sales@berlinpackaging.cn\" data-type=\"mailto\" data-id=\"mailto:sales@berlinpackaging.cn\">sales@berlinpackaging.cn<\/a>Veuillez nous indiquer votre nom complet et votre adresse e-mail (ou toute autre information pertinente) lorsque vous nous contactez. Vous pouvez \u00e9galement vous d\u00e9sabonner \u00e0 tout moment des e-mails promotionnels en cliquant sur le lien de d\u00e9sabonnement figurant au bas de chaque e-mail marketing.<\/p>\n\n\n\n<p>Veuillez noter que le traitement de votre demande de d\u00e9sinscription peut prendre plusieurs jours et que vous pourriez continuer \u00e0 recevoir des communications promotionnelles ou marketing pendant cette p\u00e9riode. De plus, veuillez noter que votre d\u00e9sinscription ne nous emp\u00eachera pas de vous envoyer d&#039;autres types de messages non promotionnels, tels que des e-mails concernant votre compte enregistr\u00e9 ou vos commandes.<\/p>\n\n\n\n<h6 class=\"wp-block-heading\"><strong>Sites Web et r\u00e9seaux sociaux tiers<\/strong><\/h6>\n\n\n\n<p>Notre Plateforme peut contenir des liens vers des sites web qui ne sont pas sous notre contr\u00f4le, et nous d\u00e9clinons toute responsabilit\u00e9 quant aux pratiques de confidentialit\u00e9 de ces sites externes. Par exemple, nous proposons des liens vers des associations et des instituts du secteur de l&#039;emballage, ainsi que d&#039;autres secteurs. Nous proposons \u00e9galement des liens vers des r\u00e9seaux sociaux tels que Facebook, Twitter et LinkedIn. Nous ne sommes pas responsables des pratiques de confidentialit\u00e9 de ces sites web externes ni de leur utilisation de vos informations. Nous vous encourageons \u00e0 consulter les politiques de confidentialit\u00e9 de ces sites web.<\/p>\n\n\n\n<h6 class=\"wp-block-heading\"><strong>Publicit\u00e9 cibl\u00e9e<\/strong><\/h6>\n\n\n\n<p>Nous pouvons conclure des contrats avec des r\u00e9seaux publicitaires tiers (<em>par exemple, Google<\/em>) qui collectent des adresses IP et d&#039;autres informations via l&#039;utilisation de cookies et de journaux de serveur web sur notre Plateforme et nos e-mails, sur des sites web tiers, des r\u00e9seaux sociaux et des e-mails, ainsi que sur nos publicit\u00e9s diffus\u00e9es sur ces sites. Ces r\u00e9seaux publicitaires utilisent ces informations pour vous proposer des publicit\u00e9s de produits et services adapt\u00e9es \u00e0 vos centres d&#039;int\u00e9r\u00eat (y compris pour des entreprises non affili\u00e9es \u00e0 nous). Vous pouvez voir ces publicit\u00e9s sur notre Plateforme ou sur d&#039;autres sites web tiers. Ces processus nous aident \u00e9galement \u00e0 tester et \u00e0 suivre l&#039;efficacit\u00e9 de nos actions marketing.<\/p>\n\n\n\n<p>Facebook fait partie des r\u00e9seaux publicitaires avec lesquels nous collaborons. Pour plus d&#039;informations sur l&#039;utilisation de vos donn\u00e9es personnelles par Facebook, veuillez consulter le site\u00a0<a href=\"https:\/\/www.facebook.com\/policy.php\" target=\"_blank\" rel=\"noopener\">Politique de donn\u00e9es de Facebook<\/a>Pour en savoir plus sur la fa\u00e7on de refuser l&#039;utilisation de vos informations par Facebook, veuillez cliquer sur\u00a0<a href=\"https:\/\/www.facebook.com\/settings?tab=ads\" target=\"_blank\" rel=\"noopener\">ici<\/a>\u00a0lorsque vous \u00eates connect\u00e9 \u00e0 votre compte Facebook.<\/p>\n\n\n\n<h6 class=\"wp-block-heading\"><strong>Conservation des donn\u00e9es<\/strong><\/h6>\n\n\n\n<p>Nous conservons les informations personnelles collect\u00e9es pendant toute la dur\u00e9e de notre relation, plus une p\u00e9riode raisonnable par la suite, afin de respecter nos obligations l\u00e9gales, de r\u00e9soudre les litiges, de faire respecter nos accords, de prot\u00e9ger nos droits et de mener \u00e0 bien nos activit\u00e9s. Nous collectons et conservons \u00e9galement des informations agr\u00e9g\u00e9es, anonymis\u00e9es ou pseudonymis\u00e9es, que nous pouvons conserver ind\u00e9finiment pour prot\u00e9ger la s\u00e9curit\u00e9 de notre Plateforme, am\u00e9liorer nos services ou respecter nos obligations l\u00e9gales. Si vous souhaitez recevoir des communications marketing de notre part, nous conserverons les informations n\u00e9cessaires \u00e0 leur envoi apr\u00e8s la fin de notre relation client ou apr\u00e8s leur collecte, si vous \u00eates un client potentiel.<\/p>\n\n\n\n<p>Pour d\u00e9terminer la p\u00e9riode de conservation appropri\u00e9e des informations personnelles, nous pouvons prendre en compte les exigences l\u00e9gales applicables, la quantit\u00e9, la nature et la sensibilit\u00e9 des informations personnelles, certains facteurs de risque, les finalit\u00e9s pour lesquelles nous traitons vos informations personnelles et si nous pouvons atteindre ces objectifs par d\u2019autres moyens.<\/p>\n\n\n\n<h6 class=\"wp-block-heading\"><strong>Questions ou commentaires<\/strong><\/h6>\n\n\n\n<p>Si vous avez des questions ou des commentaires sur les informations contenues dans cette politique de confidentialit\u00e9, veuillez nous en informer en nous envoyant un e-mail \u00e0\u00a0<a href=\"mailto:sales@berlinpackaging.cn\" data-type=\"mailto\" data-id=\"mailto:sales@berlinpackaging.cn\">sales@berlinpackaging.cn<\/a>.<\/p>\n\n\n\n<p><\/p>","protected":false},"excerpt":{"rendered":"<p>With the following policy Berlin Packaging China (hereinafter referred as\u00a0&#8220;Berlin Packaging APAC&#8221;,\u00a0&#8220;we&#8221;,\u00a0&#8220;our&#8221;), a company belonging to the Berlin Packaging group, wants to inform the users visiting the website\u00a0berlinpackagingapac.com\u00a0(hereinafter referred as the &#8220;Site&#8220;) about the policy adopted for the protection of personal data, highlighting its commitment and attention to the protection of the Site users&#8217; personal [&hellip;]<\/p>\n","protected":false},"author":263638842,"featured_media":0,"parent":0,"menu_order":0,"comment_status":"closed","ping_status":"closed","template":"","meta":{"footnotes":""},"class_list":["post-7522","page","type-page","status-publish","hentry"],"blocksy_meta":[],"jetpack_sharing_enabled":true,"jetpack_likes_enabled":true,"jetpack_shortlink":"https:\/\/wp.me\/PguUSw-1Xk","_links":{"self":[{"href":"https:\/\/berlinpackagingapac.com\/fr\/wp-json\/wp\/v2\/pages\/7522","targetHints":{"allow":["GET"]}}],"collection":[{"href":"https:\/\/berlinpackagingapac.com\/fr\/wp-json\/wp\/v2\/pages"}],"about":[{"href":"https:\/\/berlinpackagingapac.com\/fr\/wp-json\/wp\/v2\/types\/page"}],"author":[{"embeddable":true,"href":"https:\/\/berlinpackagingapac.com\/fr\/wp-json\/wp\/v2\/users\/263638842"}],"replies":[{"embeddable":true,"href":"https:\/\/berlinpackagingapac.com\/fr\/wp-json\/wp\/v2\/comments?post=7522"}],"version-history":[{"count":13,"href":"https:\/\/berlinpackagingapac.com\/fr\/wp-json\/wp\/v2\/pages\/7522\/revisions"}],"predecessor-version":[{"id":7535,"href":"https:\/\/berlinpackagingapac.com\/fr\/wp-json\/wp\/v2\/pages\/7522\/revisions\/7535"}],"wp:attachment":[{"href":"https:\/\/berlinpackagingapac.com\/fr\/wp-json\/wp\/v2\/media?parent=7522"}],"curies":[{"name":"wp","href":"https:\/\/api.w.org\/{rel}","templated":true}]}}