{"id":8590,"date":"2025-10-23T16:40:09","date_gmt":"2025-10-23T08:40:09","guid":{"rendered":"https:\/\/berlinpackagingapac.com\/?page_id=8590"},"modified":"2026-04-03T10:45:21","modified_gmt":"2026-04-03T02:45:21","slug":"informations-sur-lindustrie","status":"publish","type":"page","link":"https:\/\/berlinpackagingapac.com\/fr\/industry-insights\/","title":{"rendered":"Perspectives du secteur"},"content":{"rendered":"<div class=\"wp-block-group alignfull is-content-justification-center is-layout-constrained wp-container-core-group-is-layout-c7f866ca wp-block-group-is-layout-constrained\" style=\"margin-top:0;margin-bottom:0;padding-top:calc( 0.5 * var(--wp--style--root--padding-right, var(--wp--custom--gap--horizontal)));padding-right:var(--wp--style--root--padding-right, var(--wp--custom--gap--horizontal));padding-bottom:calc( 0.5 * var(--wp--style--root--padding-right, var(--wp--custom--gap--horizontal)));padding-left:var(--wp--style--root--padding-left, var(--wp--custom--gap--horizontal))\">\n<div style=\"height:calc( 0.25 * var(--wp--style--root--padding-right, var(--wp--custom--gap--horizontal)))\" aria-hidden=\"true\" class=\"wp-block-spacer\"><\/div>\n\n\n\n<div class=\"wp-block-columns alignfull is-layout-flex wp-container-core-columns-is-layout-7c9548a8 wp-block-columns-is-layout-flex\" style=\"padding-top:0;padding-right:0;padding-bottom:0;padding-left:0\">\n<div class=\"wp-block-column is-layout-flow wp-block-column-is-layout-flow\">\n<div class=\"wp-block-cover is-light\"><img fetchpriority=\"high\" decoding=\"async\" width=\"1024\" height=\"768\" data-attachment-id=\"8408\" data-permalink=\"https:\/\/berlinpackagingapac.com\/fr\/different-spirits-bottles-6\/\" data-orig-file=\"https:\/\/berlinpackagingapac.com\/wp-content\/uploads\/2025\/09\/different-spirits-bottles-4-edited.jpg\" data-orig-size=\"2048,1536\" data-comments-opened=\"1\" data-image-meta=\"{&quot;aperture&quot;:&quot;0&quot;,&quot;credit&quot;:&quot;&quot;,&quot;camera&quot;:&quot;&quot;,&quot;caption&quot;:&quot;&quot;,&quot;created_timestamp&quot;:&quot;0&quot;,&quot;copyright&quot;:&quot;&quot;,&quot;focal_length&quot;:&quot;0&quot;,&quot;iso&quot;:&quot;0&quot;,&quot;shutter_speed&quot;:&quot;0&quot;,&quot;title&quot;:&quot;&quot;,&quot;orientation&quot;:&quot;0&quot;}\" data-image-title=\"different spirits bottles\" data-image-description=\"\" data-image-caption=\"\" data-large-file=\"https:\/\/berlinpackagingapac.com\/wp-content\/uploads\/2025\/09\/different-spirits-bottles-4-edited-1024x768.jpg\" class=\"wp-block-cover__image-background wp-image-8408 size-large\" alt=\"bouteilles d&#039;alcool\" src=\"https:\/\/berlinpackagingapac.com\/wp-content\/uploads\/2025\/09\/different-spirits-bottles-4-edited-1024x768.jpg\" data-object-fit=\"cover\" srcset=\"https:\/\/berlinpackagingapac.com\/wp-content\/uploads\/2025\/09\/different-spirits-bottles-4-edited-1024x768.jpg 1024w, https:\/\/berlinpackagingapac.com\/wp-content\/uploads\/2025\/09\/different-spirits-bottles-4-edited-300x225.jpg 300w, https:\/\/berlinpackagingapac.com\/wp-content\/uploads\/2025\/09\/different-spirits-bottles-4-edited-768x576.jpg 768w, https:\/\/berlinpackagingapac.com\/wp-content\/uploads\/2025\/09\/different-spirits-bottles-4-edited-1536x1152.jpg 1536w, https:\/\/berlinpackagingapac.com\/wp-content\/uploads\/2025\/09\/different-spirits-bottles-4-edited-16x12.jpg 16w, https:\/\/berlinpackagingapac.com\/wp-content\/uploads\/2025\/09\/different-spirits-bottles-4-edited-1200x900.jpg?crop=1 1200w, https:\/\/berlinpackagingapac.com\/wp-content\/uploads\/2025\/09\/different-spirits-bottles-4-edited-800x600.jpg?crop=1 800w, https:\/\/berlinpackagingapac.com\/wp-content\/uploads\/2025\/09\/different-spirits-bottles-4-edited-600x450.jpg?crop=1 600w, https:\/\/berlinpackagingapac.com\/wp-content\/uploads\/2025\/09\/different-spirits-bottles-4-edited-400x300.jpg?crop=1 400w, https:\/\/berlinpackagingapac.com\/wp-content\/uploads\/2025\/09\/different-spirits-bottles-4-edited-200x150.jpg?crop=1 200w, https:\/\/berlinpackagingapac.com\/wp-content\/uploads\/2025\/09\/different-spirits-bottles-4-edited-1320x990.jpg 1320w, https:\/\/berlinpackagingapac.com\/wp-content\/uploads\/2025\/09\/different-spirits-bottles-4-edited.jpg 2048w\" sizes=\"(max-width: 1024px) 100vw, 1024px\" \/><span aria-hidden=\"true\" class=\"wp-block-cover__background has-background-dim-0 has-background-dim\" style=\"background-color:#41352e\"><\/span><div class=\"wp-block-cover__inner-container is-layout-flow wp-block-cover-is-layout-flow\">\n<p class=\"has-text-align-center has-large-font-size\"><\/p>\n<\/div><\/div>\n<\/div>\n\n\n\n<div class=\"wp-block-column is-vertically-aligned-center is-layout-constrained wp-container-core-column-is-layout-254f1302 wp-block-column-is-layout-constrained\" style=\"padding-top:0;padding-right:0;padding-bottom:0;padding-left:0\">\n<div class=\"wp-block-group alignfull is-layout-flow wp-block-group-is-layout-flow\" style=\"margin-top:var(--wp--preset--spacing--40);margin-bottom:var(--wp--preset--spacing--40);padding-top:0px;padding-right:60px;padding-bottom:0px;padding-left:60px\">\n<h2 class=\"wp-block-heading has-text-align-left has-large-font-size\">Le guide incroyable des bouteilles d&#039;alcool\u00a0: tailles, designs et conseils d&#039;experts<\/h2>\n\n\n\n<p style=\"margin-bottom:var(--wp--preset--spacing--40)\"><\/p>\n\n\n\n<div class=\"wp-block-buttons is-layout-flex wp-block-buttons-is-layout-flex\" style=\"margin-top:64px\">\n<div class=\"wp-block-button has-custom-font-size\"><a class=\"wp-block-button__link has-text-align-left wp-element-button\" href=\"https:\/\/berlinpackagingapac.com\/fr\/industry-insights-incredible-liquor-bottle-sizes-guide\/\" target=\"_blank\" rel=\"noreferrer noopener\">Apprendre encore plus<\/a><\/div>\n<\/div>\n<\/div>\n<\/div>\n<\/div>\n\n\n\n<div class=\"wp-block-columns alignfull is-layout-flex wp-container-core-columns-is-layout-7c9548a8 wp-block-columns-is-layout-flex\" style=\"padding-top:0;padding-right:0;padding-bottom:0;padding-left:0\">\n<div class=\"wp-block-column is-vertically-aligned-center is-layout-flow wp-block-column-is-layout-flow\" style=\"padding-top:0;padding-right:0;padding-bottom:0;padding-left:0\">\n<div class=\"wp-block-group is-layout-constrained wp-container-core-group-is-layout-bd9266ff wp-block-group-is-layout-constrained\" style=\"padding-top:50px;padding-right:50px;padding-bottom:50px;padding-left:50px\">\n<div class=\"wp-block-group is-layout-flow wp-block-group-is-layout-flow\">\n<h2 class=\"wp-block-heading has-text-align-left has-large-font-size\"><strong>Ma\u00eetriser l&#039;art de la s\u00e9lection des bouteilles de vin<\/strong><\/h2>\n\n\n\n<p style=\"margin-top:25px;margin-right:0;margin-bottom:0;margin-left:0;padding-top:0;padding-right:0;padding-bottom:0;padding-left:0\"><\/p>\n\n\n\n<div class=\"wp-block-buttons is-layout-flex wp-block-buttons-is-layout-flex\" style=\"margin-top:64px\">\n<div class=\"wp-block-button has-custom-font-size\"><a class=\"wp-block-button__link has-text-align-left wp-element-button\" href=\"https:\/\/berlinpackagingapac.com\/fr\/informations-sur-lindustrie\/guide-des-bouteilles-de-vin-types-tailles-emballage\/\">Apprendre encore plus<\/a><\/div>\n<\/div>\n<\/div>\n<\/div>\n\n\n\n<h2 class=\"wp-block-heading\"><\/h2>\n<\/div>\n\n\n\n<div class=\"wp-block-column is-vertically-aligned-center is-layout-flow wp-block-column-is-layout-flow\">\n<div class=\"wp-block-cover\"><img decoding=\"async\" width=\"1024\" height=\"768\" data-attachment-id=\"8410\" data-permalink=\"https:\/\/berlinpackagingapac.com\/fr\/a-wall-of-vintage-wine-bottles\/\" data-orig-file=\"https:\/\/berlinpackagingapac.com\/wp-content\/uploads\/2025\/09\/klara-kulikova-CPMZguYURMw-unsplash-edited.jpg\" data-orig-size=\"3648,2737\" data-comments-opened=\"1\" data-image-meta=\"{&quot;aperture&quot;:&quot;0&quot;,&quot;credit&quot;:&quot;&quot;,&quot;camera&quot;:&quot;&quot;,&quot;caption&quot;:&quot;&quot;,&quot;created_timestamp&quot;:&quot;0&quot;,&quot;copyright&quot;:&quot;&quot;,&quot;focal_length&quot;:&quot;0&quot;,&quot;iso&quot;:&quot;0&quot;,&quot;shutter_speed&quot;:&quot;0&quot;,&quot;title&quot;:&quot;&quot;,&quot;orientation&quot;:&quot;0&quot;}\" data-image-title=\"A wall of vintage wine bottles\" data-image-description=\"\" data-image-caption=\"\" data-large-file=\"https:\/\/berlinpackagingapac.com\/wp-content\/uploads\/2025\/09\/klara-kulikova-CPMZguYURMw-unsplash-edited-1024x768.jpg\" class=\"wp-block-cover__image-background wp-image-8410 size-large\" alt=\"Vue l\u00e9g\u00e8rement inclin\u00e9e d&#039;un grand casier \u00e0 vin bien rempli, avec plusieurs \u00e9tag\u00e8res accueillant des dizaines de bouteilles de vin rouge et blanc. L&#039;arri\u00e8re-plan, un mur de briques, cr\u00e9e une ambiance classique de cave.\" src=\"https:\/\/berlinpackagingapac.com\/wp-content\/uploads\/2025\/09\/klara-kulikova-CPMZguYURMw-unsplash-edited-1024x768.jpg\" data-object-fit=\"cover\" srcset=\"https:\/\/berlinpackagingapac.com\/wp-content\/uploads\/2025\/09\/klara-kulikova-CPMZguYURMw-unsplash-edited-1024x768.jpg 1024w, https:\/\/berlinpackagingapac.com\/wp-content\/uploads\/2025\/09\/klara-kulikova-CPMZguYURMw-unsplash-edited-300x225.jpg 300w, https:\/\/berlinpackagingapac.com\/wp-content\/uploads\/2025\/09\/klara-kulikova-CPMZguYURMw-unsplash-edited-768x576.jpg 768w, https:\/\/berlinpackagingapac.com\/wp-content\/uploads\/2025\/09\/klara-kulikova-CPMZguYURMw-unsplash-edited-1536x1152.jpg 1536w, https:\/\/berlinpackagingapac.com\/wp-content\/uploads\/2025\/09\/klara-kulikova-CPMZguYURMw-unsplash-edited-2048x1537.jpg 2048w, https:\/\/berlinpackagingapac.com\/wp-content\/uploads\/2025\/09\/klara-kulikova-CPMZguYURMw-unsplash-edited-16x12.jpg 16w, https:\/\/berlinpackagingapac.com\/wp-content\/uploads\/2025\/09\/klara-kulikova-CPMZguYURMw-unsplash-edited-1200x900.jpg?crop=1 1200w, https:\/\/berlinpackagingapac.com\/wp-content\/uploads\/2025\/09\/klara-kulikova-CPMZguYURMw-unsplash-edited-800x600.jpg?crop=1 800w, https:\/\/berlinpackagingapac.com\/wp-content\/uploads\/2025\/09\/klara-kulikova-CPMZguYURMw-unsplash-edited-600x450.jpg?crop=1 600w, https:\/\/berlinpackagingapac.com\/wp-content\/uploads\/2025\/09\/klara-kulikova-CPMZguYURMw-unsplash-edited-400x300.jpg?crop=1 400w, https:\/\/berlinpackagingapac.com\/wp-content\/uploads\/2025\/09\/klara-kulikova-CPMZguYURMw-unsplash-edited-200x150.jpg?crop=1 200w, https:\/\/berlinpackagingapac.com\/wp-content\/uploads\/2025\/09\/klara-kulikova-CPMZguYURMw-unsplash-edited-1320x990.jpg 1320w\" sizes=\"(max-width: 1024px) 100vw, 1024px\" \/><span aria-hidden=\"true\" class=\"wp-block-cover__background has-background-dim-0 has-background-dim\" style=\"background-color:#5e4b39\"><\/span><div class=\"wp-block-cover__inner-container is-layout-flow wp-block-cover-is-layout-flow\">\n<p class=\"has-text-align-center has-large-font-size\"><\/p>\n<\/div><\/div>\n<\/div>\n<\/div>\n\n\n\n<div class=\"wp-block-columns alignfull is-layout-flex wp-container-core-columns-is-layout-7c9548a8 wp-block-columns-is-layout-flex\" style=\"padding-top:0;padding-right:0;padding-bottom:0;padding-left:0\">\n<div class=\"wp-block-column is-layout-flow wp-block-column-is-layout-flow\">\n<div class=\"wp-block-cover is-light\"><img decoding=\"async\" width=\"1024\" height=\"576\" data-attachment-id=\"8597\" data-permalink=\"https:\/\/berlinpackagingapac.com\/fr\/industry-insights\/mason-jars-1\/\" data-orig-file=\"https:\/\/berlinpackagingapac.com\/wp-content\/uploads\/2025\/10\/Mason-Jars-1.jpg\" data-orig-size=\"1920,1080\" data-comments-opened=\"1\" data-image-meta=\"{&quot;aperture&quot;:&quot;0&quot;,&quot;credit&quot;:&quot;&quot;,&quot;camera&quot;:&quot;&quot;,&quot;caption&quot;:&quot;&quot;,&quot;created_timestamp&quot;:&quot;0&quot;,&quot;copyright&quot;:&quot;&quot;,&quot;focal_length&quot;:&quot;0&quot;,&quot;iso&quot;:&quot;0&quot;,&quot;shutter_speed&quot;:&quot;0&quot;,&quot;title&quot;:&quot;&quot;,&quot;orientation&quot;:&quot;1&quot;}\" data-image-title=\"Mason Jars (1)\" data-image-description=\"\" data-image-caption=\"\" data-large-file=\"https:\/\/berlinpackagingapac.com\/wp-content\/uploads\/2025\/10\/Mason-Jars-1-1024x576.jpg\" class=\"wp-block-cover__image-background wp-image-8597 size-large\" alt=\"\" src=\"https:\/\/berlinpackagingapac.com\/wp-content\/uploads\/2025\/10\/Mason-Jars-1-1024x576.jpg\" data-object-fit=\"cover\" srcset=\"https:\/\/berlinpackagingapac.com\/wp-content\/uploads\/2025\/10\/Mason-Jars-1-1024x576.jpg 1024w, https:\/\/berlinpackagingapac.com\/wp-content\/uploads\/2025\/10\/Mason-Jars-1-300x169.jpg 300w, https:\/\/berlinpackagingapac.com\/wp-content\/uploads\/2025\/10\/Mason-Jars-1-768x432.jpg 768w, https:\/\/berlinpackagingapac.com\/wp-content\/uploads\/2025\/10\/Mason-Jars-1-1536x864.jpg 1536w, https:\/\/berlinpackagingapac.com\/wp-content\/uploads\/2025\/10\/Mason-Jars-1-18x10.jpg 18w, https:\/\/berlinpackagingapac.com\/wp-content\/uploads\/2025\/10\/Mason-Jars-1-1200x675.jpg 1200w, https:\/\/berlinpackagingapac.com\/wp-content\/uploads\/2025\/10\/Mason-Jars-1-1320x743.jpg 1320w, https:\/\/berlinpackagingapac.com\/wp-content\/uploads\/2025\/10\/Mason-Jars-1-600x338.jpg 600w, https:\/\/berlinpackagingapac.com\/wp-content\/uploads\/2025\/10\/Mason-Jars-1.jpg 1920w\" sizes=\"(max-width: 1024px) 100vw, 1024px\" \/><span aria-hidden=\"true\" class=\"wp-block-cover__background has-background-dim-0 has-background-dim\" style=\"background-color:#f8f8f8\"><\/span><div class=\"wp-block-cover__inner-container is-layout-flow wp-block-cover-is-layout-flow\">\n<p class=\"has-text-align-center has-large-font-size\"><\/p>\n<\/div><\/div>\n<\/div>\n\n\n\n<div class=\"wp-block-column is-vertically-aligned-center is-layout-constrained wp-container-core-column-is-layout-254f1302 wp-block-column-is-layout-constrained\" style=\"padding-top:0;padding-right:0;padding-bottom:0;padding-left:0\">\n<div class=\"wp-block-group alignfull is-layout-flow wp-block-group-is-layout-flow\" style=\"margin-top:var(--wp--preset--spacing--40);margin-bottom:var(--wp--preset--spacing--40);padding-top:0px;padding-right:60px;padding-bottom:0px;padding-left:60px\">\n<h2 class=\"wp-block-heading has-text-align-left has-large-font-size\">Guide ultime des bocaux Mason\u00a0: 6 choses \u00e0 savoir<\/h2>\n\n\n\n<p style=\"margin-bottom:var(--wp--preset--spacing--40)\"><\/p>\n\n\n\n<div class=\"wp-block-buttons is-layout-flex wp-block-buttons-is-layout-flex\" style=\"margin-top:64px\">\n<div class=\"wp-block-button has-custom-font-size\"><a class=\"wp-block-button__link has-text-align-left wp-element-button\" href=\"https:\/\/berlinpackagingapac.com\/fr\/industry-insights-ultimate-guide-to-mason-jars\/\" target=\"_blank\" rel=\"noreferrer noopener\">Apprendre encore plus<\/a><\/div>\n<\/div>\n<\/div>\n<\/div>\n<\/div>\n\n\n\n<div class=\"wp-block-columns alignfull is-layout-flex wp-container-core-columns-is-layout-7c9548a8 wp-block-columns-is-layout-flex\" style=\"padding-top:0;padding-right:0;padding-bottom:0;padding-left:0\">\n<div class=\"wp-block-column is-vertically-aligned-center is-layout-flow wp-block-column-is-layout-flow\" style=\"padding-top:0;padding-right:0;padding-bottom:0;padding-left:0\">\n<div class=\"wp-block-group is-layout-constrained wp-container-core-group-is-layout-bd9266ff wp-block-group-is-layout-constrained\" style=\"padding-top:50px;padding-right:50px;padding-bottom:50px;padding-left:50px\">\n<div class=\"wp-block-group is-layout-flow wp-block-group-is-layout-flow\">\n<h2 class=\"wp-block-heading has-text-align-left has-large-font-size\"><strong><strong>Le guide ultime de la bouteille d&#039;huile d&#039;olive\u00a0: ma\u00eetriser la science des mat\u00e9riaux, la cha\u00eene d&#039;approvisionnement mondiale et le design haut de gamme pour r\u00e9ussir dans le secteur de l&#039;huile d&#039;olive extra vierge.<\/strong><\/strong><\/h2>\n\n\n\n<p style=\"margin-top:25px;margin-right:0;margin-bottom:0;margin-left:0;padding-top:0;padding-right:0;padding-bottom:0;padding-left:0\"><\/p>\n\n\n\n<div class=\"wp-block-buttons is-layout-flex wp-block-buttons-is-layout-flex\" style=\"margin-top:64px\">\n<div class=\"wp-block-button has-custom-font-size\"><a class=\"wp-block-button__link has-text-align-left wp-element-button\" href=\"https:\/\/berlinpackagingapac.com\/fr\/olive-oil-bottle-guide-brand-packaging\/\" target=\"_blank\" rel=\"noreferrer noopener\">Apprendre encore plus<\/a><\/div>\n<\/div>\n<\/div>\n<\/div>\n\n\n\n<h2 class=\"wp-block-heading\"><\/h2>\n<\/div>\n\n\n\n<div class=\"wp-block-column is-vertically-aligned-center is-layout-flow wp-block-column-is-layout-flow\">\n<div class=\"wp-block-cover is-light\"><img loading=\"lazy\" decoding=\"async\" width=\"1024\" height=\"1024\" data-attachment-id=\"157\" data-permalink=\"https:\/\/berlinpackagingapac.com\/fr\/5\/\" data-orig-file=\"https:\/\/berlinpackagingapac.com\/wp-content\/uploads\/2025\/04\/5.jpg\" data-orig-size=\"3000,1875\" data-comments-opened=\"1\" data-image-meta=\"{&quot;aperture&quot;:&quot;7.1&quot;,&quot;credit&quot;:&quot;&quot;,&quot;camera&quot;:&quot;ILCE-7M3&quot;,&quot;caption&quot;:&quot;&quot;,&quot;created_timestamp&quot;:&quot;1679646503&quot;,&quot;copyright&quot;:&quot;&quot;,&quot;focal_length&quot;:&quot;70&quot;,&quot;iso&quot;:&quot;200&quot;,&quot;shutter_speed&quot;:&quot;0.008&quot;,&quot;title&quot;:&quot;&quot;,&quot;orientation&quot;:&quot;1&quot;}\" data-image-title=\"olive oil bottles\" data-image-description=\"&lt;p&gt;olive oil bottles&lt;\/p&gt;\" data-image-caption=\"&lt;p&gt;olive oil bottles&lt;\/p&gt;\" data-large-file=\"https:\/\/berlinpackagingapac.com\/wp-content\/uploads\/2025\/04\/5-1024x1024.jpg\" class=\"wp-block-cover__image-background wp-image-157 size-large\" alt=\"bouteilles d&#039;huile d&#039;olive\" src=\"https:\/\/berlinpackagingapac.com\/wp-content\/uploads\/2025\/04\/5-1024x1024.jpg\" data-object-fit=\"cover\" srcset=\"https:\/\/berlinpackagingapac.com\/wp-content\/uploads\/2025\/04\/5-1024x1024.jpg 1024w, https:\/\/berlinpackagingapac.com\/wp-content\/uploads\/2025\/04\/5-300x300.jpg 300w, https:\/\/berlinpackagingapac.com\/wp-content\/uploads\/2025\/04\/5-100x100.jpg?crop=1 100w, https:\/\/berlinpackagingapac.com\/wp-content\/uploads\/2025\/04\/5-150x150.jpg 150w\" sizes=\"(max-width: 1024px) 100vw, 1024px\" \/><span aria-hidden=\"true\" class=\"wp-block-cover__background has-background-dim-0 has-background-dim\" style=\"background-color:#b9b5b2\"><\/span><div class=\"wp-block-cover__inner-container is-layout-flow wp-block-cover-is-layout-flow\">\n<p class=\"has-text-align-center has-large-font-size\"><\/p>\n<\/div><\/div>\n<\/div>\n<\/div>\n<\/div>","protected":false},"excerpt":{"rendered":"<p>The Incredible Guide to Liquor Bottles: Sizes, Designs &amp; Expert Tips Mastering the Art of Wine Bottle Selection Ultimate Guide to Mason Jars \u2013 6 Things You Need to Know The Definitive Guide to the Olive Oil Bottle: Mastering Material Science, Global Supply Chain, and Premium Design for EVOO Success<\/p>","protected":false},"author":263638842,"featured_media":0,"parent":0,"menu_order":0,"comment_status":"closed","ping_status":"closed","template":"","meta":{"footnotes":""},"class_list":["post-8590","page","type-page","status-publish","hentry"],"blocksy_meta":[],"jetpack_sharing_enabled":true,"jetpack_likes_enabled":true,"jetpack_shortlink":"https:\/\/wp.me\/PguUSw-2ey","_links":{"self":[{"href":"https:\/\/berlinpackagingapac.com\/fr\/wp-json\/wp\/v2\/pages\/8590","targetHints":{"allow":["GET"]}}],"collection":[{"href":"https:\/\/berlinpackagingapac.com\/fr\/wp-json\/wp\/v2\/pages"}],"about":[{"href":"https:\/\/berlinpackagingapac.com\/fr\/wp-json\/wp\/v2\/types\/page"}],"author":[{"embeddable":true,"href":"https:\/\/berlinpackagingapac.com\/fr\/wp-json\/wp\/v2\/users\/263638842"}],"replies":[{"embeddable":true,"href":"https:\/\/berlinpackagingapac.com\/fr\/wp-json\/wp\/v2\/comments?post=8590"}],"version-history":[{"count":17,"href":"https:\/\/berlinpackagingapac.com\/fr\/wp-json\/wp\/v2\/pages\/8590\/revisions"}],"predecessor-version":[{"id":10025,"href":"https:\/\/berlinpackagingapac.com\/fr\/wp-json\/wp\/v2\/pages\/8590\/revisions\/10025"}],"wp:attachment":[{"href":"https:\/\/berlinpackagingapac.com\/fr\/wp-json\/wp\/v2\/media?parent=8590"}],"curies":[{"name":"wp","href":"https:\/\/api.w.org\/{rel}","templated":true}]}}