{"id":3881,"date":"2025-05-22T16:08:48","date_gmt":"2025-05-22T08:08:48","guid":{"rendered":"https:\/\/berlinpackagingapac.com\/?post_type=product&#038;p=3881"},"modified":"2025-06-25T10:40:51","modified_gmt":"2025-06-25T02:40:51","slug":"flacon-de-lotion-acrylique-bpzk310-design-elegant-et-incurve-debit-de-023-ml-emballage-de-soins-de-la-peau-personnalisable","status":"publish","type":"product","link":"https:\/\/berlinpackagingapac.com\/fr\/product\/acrylic-lotion-bottle-bpzk310-elegant-curve-design-0-23ml-discharge-rate-customizable-skincare-packaging\/","title":{"rendered":"Flacon de lotion en acrylique BPZK310 \u2013 Design incurv\u00e9 \u00e9l\u00e9gant | D\u00e9bit de 0,23 ml | Emballage personnalisable pour soins de la peau"},"content":{"rendered":"<p data-start=\"510\" data-end=\"817\">Le <strong>BPZK-310<\/strong> est un flacon de lotion en acrylique au design \u00e9l\u00e9gant qui allie esth\u00e9tique raffin\u00e9e et performances fonctionnelles. <strong data-start=\"641\" data-end=\"673\">corps translucide de couleur ambre<\/strong>, <strong data-start=\"675\" data-end=\"695\">escarpins \u00e0 accent dor\u00e9<\/strong>, et <strong data-start=\"701\" data-end=\"732\">silhouette de sablier courb\u00e9e<\/strong>, ce flacon est id\u00e9al pour les marques de soins de la peau de luxe qui recherchent une pr\u00e9sence en rayon \u00e0 fort impact.<\/p>\n<p data-start=\"819\" data-end=\"1057\">Con\u00e7u avec un <strong data-start=\"837\" data-end=\"862\">D\u00e9bit de d\u00e9charge de 0,23 ml<\/strong>Le BPZK-310 offre une application douce et pr\u00e9cise, id\u00e9ale pour les lotions, s\u00e9rums et soins anti-\u00e2ge. Sa paroi ext\u00e9rieure en PMMA double couche durable am\u00e9liore la protection du produit et son attrait visuel.<\/p>\n<h3 data-start=\"1948\" data-end=\"1982\"><strong data-start=\"1952\" data-end=\"1980\">Personnalisation et services<\/strong><\/h3>\n<p data-start=\"1983\" data-end=\"2162\">Nous offrons un support OEM\/ODM complet pour la couleur, la finition et la valorisation de la marque. Nos ing\u00e9nieurs en emballage et nos \u00e9quipes de conception sont \u00e0 votre disposition pour vous accompagner dans la r\u00e9alisation de votre projet, du dessin au produit pr\u00eat \u00e0 \u00eatre commercialis\u00e9.<\/p>","protected":false},"excerpt":{"rendered":"<table width=\"404\">\n<tbody>\n<tr data-start=\"1096\" data-end=\"1159\">\n<td width=\"140\">Article<\/td>\n<td width=\"264\">D\u00e9tails<\/td>\n<\/tr>\n<tr>\n<td>Mod\u00e8le<\/td>\n<td data-start=\"1248\" data-end=\"1287\" data-col-size=\"md\">BPZK-310<\/td>\n<\/tr>\n<tr data-start=\"1288\" data-end=\"1368\">\n<td data-start=\"1288\" data-end=\"1312\" data-col-size=\"sm\">Capacit\u00e9<\/td>\n<td data-start=\"1312\" data-end=\"1368\" data-col-size=\"md\">Disponible en plusieurs tailles (par exemple 15 ml, 30 ml, 50 ml)<\/td>\n<\/tr>\n<tr>\n<td>Diam\u00e8tre<\/td>\n<td>43 mm<\/td>\n<\/tr>\n<tr data-start=\"1369\" data-end=\"1432\">\n<td data-start=\"1369\" data-end=\"1393\" data-col-size=\"sm\">Taux de d\u00e9charge<\/td>\n<td data-start=\"1393\" data-end=\"1432\" data-col-size=\"md\">0,23 ml par pompe<\/td>\n<\/tr>\n<tr data-start=\"1433\" data-end=\"1498\">\n<td data-start=\"1433\" data-end=\"1457\" data-col-size=\"sm\">Mat\u00e9riel<\/td>\n<td data-start=\"1457\" data-end=\"1498\" data-col-size=\"md\">R\u00e9cipient int\u00e9rieur en PP + coque ext\u00e9rieure en PMMA<\/td>\n<\/tr>\n<tr data-start=\"1499\" data-end=\"1568\">\n<td data-start=\"1499\" data-end=\"1523\" data-col-size=\"sm\">Options de couleur<\/td>\n<td data-start=\"1523\" data-end=\"1568\" data-col-size=\"md\">Ambre (standard), couleurs personnalis\u00e9es disponibles<\/td>\n<\/tr>\n<tr data-start=\"1569\" data-end=\"1632\">\n<td data-start=\"1569\" data-end=\"1593\" data-col-size=\"sm\">T\u00eate de pompe<\/td>\n<td data-start=\"1593\" data-end=\"1632\" data-col-size=\"md\">Finition m\u00e9tallique dor\u00e9e, verrouillable<\/td>\n<\/tr>\n<tr data-start=\"1633\" data-end=\"1696\">\n<td data-start=\"1633\" data-end=\"1657\" data-col-size=\"sm\">Finition de surface<\/td>\n<td data-start=\"1657\" data-end=\"1696\" data-col-size=\"md\">Acrylique brillant et translucide<\/td>\n<\/tr>\n<tr data-start=\"1697\" data-end=\"1763\">\n<td data-start=\"1697\" data-end=\"1721\" data-col-size=\"sm\">Options de d\u00e9coration<\/td>\n<td data-start=\"1721\" data-end=\"1763\" data-col-size=\"md\">Marquage \u00e0 chaud, s\u00e9rigraphie, impression UV<\/td>\n<\/tr>\n<tr data-start=\"1764\" data-end=\"1827\">\n<td data-start=\"1764\" data-end=\"1788\" data-col-size=\"sm\">Application<\/td>\n<td data-start=\"1788\" data-end=\"1827\" data-col-size=\"md\">Lotion, s\u00e9rum, essence, cr\u00e8me hydratante<\/td>\n<\/tr>\n<tr data-start=\"1828\" data-end=\"1891\">\n<td data-start=\"1828\" data-end=\"1852\" data-col-size=\"sm\">Quantit\u00e9 minimale de commande<\/td>\n<td data-start=\"1852\" data-end=\"1891\" data-col-size=\"md\">5 000 pi\u00e8ces (peut varier selon la d\u00e9coration)<\/td>\n<\/tr>\n<\/tbody>\n<\/table>","protected":false},"featured_media":3885,"comment_status":"open","ping_status":"closed","template":"","meta":{"jetpack_post_was_ever_published":false,"jetpack_publicize_message":"","jetpack_publicize_feature_enabled":true,"jetpack_social_post_already_shared":true,"jetpack_social_options":{"image_generator_settings":{"template":"highway","default_image_id":0,"font":"","enabled":false},"version":2},"_wpas_customize_per_network":false},"product_brand":[1391],"product_cat":[1377,1538,1500],"product_tag":[1496],"class_list":{"0":"post-3881","1":"product","2":"type-product","3":"status-publish","4":"has-post-thumbnail","6":"product_brand-berlin-packaging","7":"product_cat-cosmetics-personal-care","8":"product_cat-plastic","9":"product_cat-skincare","10":"product_tag-personal-care","12":"first","13":"outofstock","14":"shipping-taxable","15":"product-type-simple"},"exclude_global_add_ons":[],"addons":[],"jetpack_publicize_connections":[],"jetpack_sharing_enabled":true,"jetpack_likes_enabled":true,"_links":{"self":[{"href":"https:\/\/berlinpackagingapac.com\/fr\/wp-json\/wp\/v2\/product\/3881","targetHints":{"allow":["GET"]}}],"collection":[{"href":"https:\/\/berlinpackagingapac.com\/fr\/wp-json\/wp\/v2\/product"}],"about":[{"href":"https:\/\/berlinpackagingapac.com\/fr\/wp-json\/wp\/v2\/types\/product"}],"replies":[{"embeddable":true,"href":"https:\/\/berlinpackagingapac.com\/fr\/wp-json\/wp\/v2\/comments?post=3881"}],"version-history":[{"count":3,"href":"https:\/\/berlinpackagingapac.com\/fr\/wp-json\/wp\/v2\/product\/3881\/revisions"}],"predecessor-version":[{"id":3886,"href":"https:\/\/berlinpackagingapac.com\/fr\/wp-json\/wp\/v2\/product\/3881\/revisions\/3886"}],"wp:featuredmedia":[{"embeddable":true,"href":"https:\/\/berlinpackagingapac.com\/fr\/wp-json\/wp\/v2\/media\/3885"}],"wp:attachment":[{"href":"https:\/\/berlinpackagingapac.com\/fr\/wp-json\/wp\/v2\/media?parent=3881"}],"wp:term":[{"taxonomy":"product_brand","embeddable":true,"href":"https:\/\/berlinpackagingapac.com\/fr\/wp-json\/wp\/v2\/product_brand?post=3881"},{"taxonomy":"product_cat","embeddable":true,"href":"https:\/\/berlinpackagingapac.com\/fr\/wp-json\/wp\/v2\/product_cat?post=3881"},{"taxonomy":"product_tag","embeddable":true,"href":"https:\/\/berlinpackagingapac.com\/fr\/wp-json\/wp\/v2\/product_tag?post=3881"}],"curies":[{"name":"wp","href":"https:\/\/api.w.org\/{rel}","templated":true}]}}