{"id":3888,"date":"2025-05-22T16:24:53","date_gmt":"2025-05-22T08:24:53","guid":{"rendered":"https:\/\/berlinpackagingapac.com\/?post_type=product&#038;p=3888"},"modified":"2025-07-28T16:48:15","modified_gmt":"2025-07-28T08:48:15","slug":"pot-de-creme-airless-15-ml-30-ml-distributeur-de-type-presse-en-materiau-ppa-pour-soins-de-la-peau-bpzk714","status":"publish","type":"product","link":"https:\/\/berlinpackagingapac.com\/fr\/product\/airless-cream-jar-15ml-30ml-ppas-material-press-type-dispenser-for-skincare-bpzk714\/","title":{"rendered":"Pot de cr\u00e8me airless \u2013 15 ml et 30 ml | Mat\u00e9riau PP+AS | Distributeur \u00e0 pression pour soins de la peau, BPZK714"},"content":{"rendered":"<p>Le BPZK714 est un pot de cr\u00e8me compact et sans air, con\u00e7u pour les marques de soins qui privil\u00e9gient l&#039;hygi\u00e8ne, la pr\u00e9cision et une exp\u00e9rience utilisateur moderne. Disponible en 15 ml et 30 ml, ce pot est dot\u00e9 d&#039;un bouchon doseur \u00e0 pression qui emp\u00eache les doigts de p\u00e9n\u00e9trer dans le produit, r\u00e9duisant ainsi la contamination et le gaspillage.<\/p>\n<p>Avec sa couche ext\u00e9rieure givr\u00e9e et son corps translucide, il offre un look \u00e9l\u00e9gant. Mat\u00e9riau\u00a0: PP+PMMA, compatible avec la plupart des formules de soins.<\/p>\n<p>Id\u00e9al pour les cr\u00e8mes, les gels, les baumes et les \u00e9mulsions \u00e0 haute viscosit\u00e9, le BPZK714 allie fonctionnalit\u00e9 et attrait esth\u00e9tique, parfait pour les lignes de luxe et dermocosm\u00e9tiques.<\/p>\n<h3 data-start=\"2625\" data-end=\"2654\"><strong data-start=\"2629\" data-end=\"2654\">Options de personnalisation<\/strong><\/h3>\n<p data-start=\"2656\" data-end=\"2702\">Berlin Packaging propose des services OEM\/ODM complets :<\/p>\n<ul data-start=\"2704\" data-end=\"2917\">\n<li data-start=\"2704\" data-end=\"2752\">\n<p data-start=\"2706\" data-end=\"2752\">Injection de couleur personnalis\u00e9e (corps, couvercle, actionneur)<\/p>\n<\/li>\n<li data-start=\"2753\" data-end=\"2809\">\n<p data-start=\"2755\" data-end=\"2809\">D\u00e9coration du logo et de l&#039;\u00e9tiquette (s\u00e9rigraphie, estampage \u00e0 chaud)<\/p>\n<\/li>\n<li data-start=\"2810\" data-end=\"2849\">\n<p data-start=\"2812\" data-end=\"2849\">Solutions d&#039;emballage de d\u00e9marrage \u00e0 faible MOQ<\/p>\n<\/li>\n<li data-start=\"2850\" data-end=\"2917\">\n<p data-start=\"2852\" data-end=\"2917\">Flacons airless et pompes \u00e0 lotion assortis pour des gammes compl\u00e8tes de soins de la peau<\/p>\n<\/li>\n<\/ul>","protected":false},"excerpt":{"rendered":"<table width=\"404\" data-start=\"1268\" data-end=\"2002\">\n<tbody>\n<tr data-start=\"1268\" data-end=\"1325\">\n<td width=\"140\">Article<\/td>\n<td width=\"264\">D\u00e9tails<\/td>\n<\/tr>\n<tr data-start=\"1385\" data-end=\"1443\">\n<td width=\"140\" data-start=\"1385\" data-end=\"1407\" data-col-size=\"sm\">Mod\u00e8le<\/td>\n<td width=\"264\" data-start=\"1407\" data-end=\"1443\" data-col-size=\"md\">BPZK714<\/td>\n<\/tr>\n<tr data-start=\"1444\" data-end=\"1502\">\n<td width=\"140\" data-start=\"1444\" data-end=\"1466\" data-col-size=\"sm\">Tailles disponibles<\/td>\n<td width=\"264\" data-col-size=\"md\" data-start=\"1466\" data-end=\"1502\">15 ml \/ 30 ml<\/td>\n<\/tr>\n<tr data-start=\"1503\" data-end=\"1561\">\n<td width=\"140\" data-start=\"1503\" data-end=\"1525\" data-col-size=\"sm\">Type de distribution<\/td>\n<td width=\"264\" data-col-size=\"md\" data-start=\"1525\" data-end=\"1561\">Couvercle de pompe airless de type presse<\/td>\n<\/tr>\n<tr data-start=\"1562\" data-end=\"1627\">\n<td width=\"140\" data-start=\"1562\" data-end=\"1584\" data-col-size=\"sm\">Mat\u00e9riel<\/td>\n<td width=\"264\" data-col-size=\"md\" data-start=\"1584\" data-end=\"1627\">PP+PMMA<\/td>\n<\/tr>\n<tr data-start=\"1687\" data-end=\"1752\">\n<td width=\"140\" data-start=\"1687\" data-end=\"1709\" data-col-size=\"sm\">Options de couleur<\/td>\n<td width=\"264\" data-col-size=\"md\" data-start=\"1709\" data-end=\"1752\">Naturel, blanc, couleurs personnalis\u00e9es disponibles<\/td>\n<\/tr>\n<tr data-start=\"1753\" data-end=\"1811\">\n<td width=\"140\" data-start=\"1753\" data-end=\"1775\" data-col-size=\"sm\">Finition de surface<\/td>\n<td width=\"264\" data-col-size=\"md\" data-start=\"1775\" data-end=\"1811\">Mat, translucide, personnalisable<\/td>\n<\/tr>\n<tr data-start=\"1812\" data-end=\"1873\">\n<td width=\"140\" data-start=\"1812\" data-end=\"1834\" data-col-size=\"sm\">Options de d\u00e9coration<\/td>\n<td width=\"264\" data-col-size=\"md\" data-start=\"1834\" data-end=\"1873\">S\u00e9rigraphie, marquage \u00e0 chaud, \u00e9tiquetage<\/td>\n<\/tr>\n<tr data-start=\"1874\" data-end=\"1943\">\n<td width=\"140\" data-start=\"1874\" data-end=\"1896\" data-col-size=\"sm\">Application<\/td>\n<td width=\"264\" data-col-size=\"md\" data-start=\"1896\" data-end=\"1943\">Cr\u00e8mes, baumes, gel pour les yeux, hydratants pour le visage<\/td>\n<\/tr>\n<tr data-start=\"1944\" data-end=\"2002\">\n<td width=\"140\" data-start=\"1944\" data-end=\"1966\" data-col-size=\"sm\">Quantit\u00e9 minimale de commande<\/td>\n<td width=\"264\" data-col-size=\"md\" data-start=\"1966\" data-end=\"2002\">5 000 pi\u00e8ces<\/td>\n<\/tr>\n<\/tbody>\n<\/table>","protected":false},"featured_media":7332,"comment_status":"open","ping_status":"closed","template":"","meta":{"jetpack_publicize_message":"","jetpack_publicize_feature_enabled":true,"jetpack_social_post_already_shared":true,"jetpack_social_options":{"image_generator_settings":{"template":"highway","default_image_id":0,"font":"","enabled":false},"version":2},"_wpas_customize_per_network":false},"product_brand":[1391],"product_cat":[1377,1538,1500],"product_tag":[1496],"class_list":{"0":"post-3888","1":"product","2":"type-product","3":"status-publish","4":"has-post-thumbnail","6":"product_brand-berlin-packaging","7":"product_cat-cosmetics-personal-care","8":"product_cat-plastic","9":"product_cat-skincare","10":"product_tag-personal-care","12":"first","13":"outofstock","14":"shipping-taxable","15":"product-type-simple"},"exclude_global_add_ons":[],"addons":[],"jetpack_publicize_connections":[],"jetpack_sharing_enabled":true,"jetpack_likes_enabled":true,"_links":{"self":[{"href":"https:\/\/berlinpackagingapac.com\/fr\/wp-json\/wp\/v2\/product\/3888","targetHints":{"allow":["GET"]}}],"collection":[{"href":"https:\/\/berlinpackagingapac.com\/fr\/wp-json\/wp\/v2\/product"}],"about":[{"href":"https:\/\/berlinpackagingapac.com\/fr\/wp-json\/wp\/v2\/types\/product"}],"replies":[{"embeddable":true,"href":"https:\/\/berlinpackagingapac.com\/fr\/wp-json\/wp\/v2\/comments?post=3888"}],"version-history":[{"count":4,"href":"https:\/\/berlinpackagingapac.com\/fr\/wp-json\/wp\/v2\/product\/3888\/revisions"}],"predecessor-version":[{"id":7542,"href":"https:\/\/berlinpackagingapac.com\/fr\/wp-json\/wp\/v2\/product\/3888\/revisions\/7542"}],"wp:featuredmedia":[{"embeddable":true,"href":"https:\/\/berlinpackagingapac.com\/fr\/wp-json\/wp\/v2\/media\/7332"}],"wp:attachment":[{"href":"https:\/\/berlinpackagingapac.com\/fr\/wp-json\/wp\/v2\/media?parent=3888"}],"wp:term":[{"taxonomy":"product_brand","embeddable":true,"href":"https:\/\/berlinpackagingapac.com\/fr\/wp-json\/wp\/v2\/product_brand?post=3888"},{"taxonomy":"product_cat","embeddable":true,"href":"https:\/\/berlinpackagingapac.com\/fr\/wp-json\/wp\/v2\/product_cat?post=3888"},{"taxonomy":"product_tag","embeddable":true,"href":"https:\/\/berlinpackagingapac.com\/fr\/wp-json\/wp\/v2\/product_tag?post=3888"}],"curies":[{"name":"wp","href":"https:\/\/api.w.org\/{rel}","templated":true}]}}