{"id":3893,"date":"2025-05-22T16:35:49","date_gmt":"2025-05-22T08:35:49","guid":{"rendered":"https:\/\/berlinpackagingapac.com\/?post_type=product&#038;p=3893"},"modified":"2025-07-11T12:36:07","modified_gmt":"2025-07-11T04:36:07","slug":"pot-de-creme-carre-givre-15-ml-30-ml-50-ml-emballage-minimaliste-pour-soins-de-la-peau-pppmma-bpzk712","status":"publish","type":"product","link":"https:\/\/berlinpackagingapac.com\/fr\/product\/frosted-square-cream-jar-15ml-30ml-50ml-pppmma-minimalist-skincare-packaging-bpzk712\/","title":{"rendered":"Pot de cr\u00e8me carr\u00e9 givr\u00e9 \u2013 15 ml \/ 30 ml \/ 50 ml | PP+PMMA | Emballage minimaliste pour soins de la peau, BPZK712"},"content":{"rendered":"<p data-start=\"493\" data-end=\"744\">Le <strong data-start=\"497\" data-end=\"508\">BPZK712<\/strong> est un pot de cr\u00e8me carr\u00e9, \u00e9l\u00e9gant et moderne, con\u00e7u pour rehausser l&#039;apparence et la fonctionnalit\u00e9 de votre gamme de soins. Dot\u00e9 d&#039;un <strong data-start=\"631\" data-end=\"658\">paroi ext\u00e9rieure en PMMA d\u00e9poli<\/strong> et un <strong data-start=\"665\" data-end=\"694\">capuchon int\u00e9rieur en PP blanc brillant<\/strong>, ce pot allie attrait visuel et durabilit\u00e9.<\/p>\n<p data-start=\"746\" data-end=\"996\">Disponible en <strong data-start=\"759\" data-end=\"783\">15 ml, 30 ml et 50 ml<\/strong>Il est id\u00e9al pour les cr\u00e8mes pour le visage, les gels contour des yeux, les cr\u00e8mes hydratantes et autres formules de soins semi-solides. Son ouverture large facilite le remplissage et l&#039;application, tandis que sa silhouette minimaliste renforce l&#039;image de marque.<\/p>\n<p data-start=\"998\" data-end=\"1146\">Que vous soyez une marque de soins de la peau haut de gamme ou que vous lanciez une collection lifestyle, le BPZK712 offre une polyvalence \u00e9l\u00e9gante dans un format carr\u00e9 peu encombrant.<\/p>\n<h3 data-start=\"2556\" data-end=\"2588\"><strong data-start=\"2560\" data-end=\"2588\">Image de marque et personnalisation<\/strong><\/h3>\n<p data-start=\"2590\" data-end=\"2642\">Berlin Packaging propose des services OEM\/ODM de bout en bout :<\/p>\n<ul data-start=\"2644\" data-end=\"2843\">\n<li data-start=\"2644\" data-end=\"2689\">\n<p data-start=\"2646\" data-end=\"2689\">Correspondance des couleurs pour le pot, le couvercle ou la tasse int\u00e9rieure<\/p>\n<\/li>\n<li data-start=\"2690\" data-end=\"2743\">\n<p data-start=\"2692\" data-end=\"2743\">Marquage par s\u00e9rigraphie, marquage \u00e0 chaud<\/p>\n<\/li>\n<li data-start=\"2744\" data-end=\"2792\">\n<p data-start=\"2746\" data-end=\"2792\">Support de conception d&#039;emballages (\u00e9tiquettes, bo\u00eetes, ensembles)<\/p>\n<\/li>\n<li data-start=\"2793\" data-end=\"2843\">\n<p data-start=\"2795\" data-end=\"2843\">Production flexible pour les startups ou les marques mondiales<\/p>\n<\/li>\n<\/ul>","protected":false},"excerpt":{"rendered":"<table width=\"404\">\n<tbody>\n<tr data-start=\"1185\" data-end=\"1248\">\n<td width=\"140\">Article<\/td>\n<td width=\"264\">D\u00e9tails<\/td>\n<\/tr>\n<tr>\n<td>Mod\u00e8le<\/td>\n<td data-start=\"1336\" data-end=\"1378\" data-col-size=\"md\">BPZK712<\/td>\n<\/tr>\n<tr data-start=\"1379\" data-end=\"1443\">\n<td data-start=\"1379\" data-end=\"1401\" data-col-size=\"sm\">Tailles disponibles<\/td>\n<td data-start=\"1401\" data-end=\"1443\" data-col-size=\"md\">15 ml \/ 30 ml \/ 50 ml<\/td>\n<\/tr>\n<tr data-start=\"1444\" data-end=\"1508\">\n<td data-start=\"1444\" data-end=\"1466\" data-col-size=\"sm\">Forme<\/td>\n<td data-start=\"1466\" data-end=\"1508\" data-col-size=\"md\">Carr\u00e9 aux coins arrondis<\/td>\n<\/tr>\n<tr data-start=\"1509\" data-end=\"1575\">\n<td data-start=\"1509\" data-end=\"1531\" data-col-size=\"sm\">Mat\u00e9riel<\/td>\n<td data-start=\"1531\" data-end=\"1575\" data-col-size=\"md\">PP (gobelet int\u00e9rieur et couvercle) + PMMA (paroi ext\u00e9rieure)<\/td>\n<\/tr>\n<tr data-start=\"1576\" data-end=\"1640\">\n<td data-start=\"1576\" data-end=\"1598\" data-col-size=\"sm\">Finition<\/td>\n<td data-start=\"1598\" data-end=\"1640\" data-col-size=\"md\">Corps givr\u00e9 + capuchon blanc brillant<\/td>\n<\/tr>\n<tr data-start=\"1641\" data-end=\"1713\">\n<td data-start=\"1641\" data-end=\"1663\" data-col-size=\"sm\">Options de couleur<\/td>\n<td data-start=\"1663\" data-end=\"1713\" data-col-size=\"md\">Blanc\/givr\u00e9 par d\u00e9faut, couleurs personnalis\u00e9es disponibles<\/td>\n<\/tr>\n<tr data-start=\"1714\" data-end=\"1779\">\n<td data-start=\"1714\" data-end=\"1736\" data-col-size=\"sm\">Options de d\u00e9coration<\/td>\n<td data-start=\"1736\" data-end=\"1779\" data-col-size=\"md\">S\u00e9rigraphie, marquage \u00e0 chaud, \u00e9tiquetage<\/td>\n<\/tr>\n<tr data-start=\"1780\" data-end=\"1846\">\n<td data-start=\"1780\" data-end=\"1802\" data-col-size=\"sm\">Application<\/td>\n<td data-start=\"1802\" data-end=\"1846\" data-col-size=\"md\">Cr\u00e8me pour le visage, cr\u00e8me pour les yeux, baume, cr\u00e8me hydratante<\/td>\n<\/tr>\n<tr data-start=\"1847\" data-end=\"1912\">\n<td data-start=\"1847\" data-end=\"1869\" data-col-size=\"sm\">Quantit\u00e9 minimale de commande<\/td>\n<td data-start=\"1869\" data-end=\"1912\" data-col-size=\"md\">5 000 pi\u00e8ces (varie selon la taille et la d\u00e9coration)<\/td>\n<\/tr>\n<\/tbody>\n<\/table>","protected":false},"featured_media":3896,"comment_status":"open","ping_status":"closed","template":"","meta":{"jetpack_publicize_message":"","jetpack_publicize_feature_enabled":true,"jetpack_social_post_already_shared":true,"jetpack_social_options":{"image_generator_settings":{"template":"highway","default_image_id":0,"font":"","enabled":false},"version":2},"_wpas_customize_per_network":false},"product_brand":[1391],"product_cat":[1377,1538,1500],"product_tag":[1496],"class_list":{"0":"post-3893","1":"product","2":"type-product","3":"status-publish","4":"has-post-thumbnail","6":"product_brand-berlin-packaging","7":"product_cat-cosmetics-personal-care","8":"product_cat-plastic","9":"product_cat-skincare","10":"product_tag-personal-care","12":"first","13":"outofstock","14":"shipping-taxable","15":"product-type-simple"},"exclude_global_add_ons":[],"addons":[],"jetpack_publicize_connections":[],"jetpack_sharing_enabled":true,"jetpack_likes_enabled":true,"_links":{"self":[{"href":"https:\/\/berlinpackagingapac.com\/fr\/wp-json\/wp\/v2\/product\/3893","targetHints":{"allow":["GET"]}}],"collection":[{"href":"https:\/\/berlinpackagingapac.com\/fr\/wp-json\/wp\/v2\/product"}],"about":[{"href":"https:\/\/berlinpackagingapac.com\/fr\/wp-json\/wp\/v2\/types\/product"}],"replies":[{"embeddable":true,"href":"https:\/\/berlinpackagingapac.com\/fr\/wp-json\/wp\/v2\/comments?post=3893"}],"version-history":[{"count":4,"href":"https:\/\/berlinpackagingapac.com\/fr\/wp-json\/wp\/v2\/product\/3893\/revisions"}],"predecessor-version":[{"id":6196,"href":"https:\/\/berlinpackagingapac.com\/fr\/wp-json\/wp\/v2\/product\/3893\/revisions\/6196"}],"wp:featuredmedia":[{"embeddable":true,"href":"https:\/\/berlinpackagingapac.com\/fr\/wp-json\/wp\/v2\/media\/3896"}],"wp:attachment":[{"href":"https:\/\/berlinpackagingapac.com\/fr\/wp-json\/wp\/v2\/media?parent=3893"}],"wp:term":[{"taxonomy":"product_brand","embeddable":true,"href":"https:\/\/berlinpackagingapac.com\/fr\/wp-json\/wp\/v2\/product_brand?post=3893"},{"taxonomy":"product_cat","embeddable":true,"href":"https:\/\/berlinpackagingapac.com\/fr\/wp-json\/wp\/v2\/product_cat?post=3893"},{"taxonomy":"product_tag","embeddable":true,"href":"https:\/\/berlinpackagingapac.com\/fr\/wp-json\/wp\/v2\/product_tag?post=3893"}],"curies":[{"name":"wp","href":"https:\/\/api.w.org\/{rel}","templated":true}]}}