{"id":4490,"date":"2025-05-29T15:10:08","date_gmt":"2025-05-29T07:10:08","guid":{"rendered":"https:\/\/berlinpackagingapac.com\/?post_type=product&#038;p=4490"},"modified":"2025-07-11T12:34:26","modified_gmt":"2025-07-11T04:34:26","slug":"pot-carre-de-4-oz-bphzcf12218","status":"publish","type":"product","link":"https:\/\/berlinpackagingapac.com\/fr\/product\/4oz-sqaure-jar-bphzcf12218\/","title":{"rendered":"Pot carr\u00e9 de 113 ml, BPHZCF12218"},"content":{"rendered":"<p>Pot en verre carr\u00e9 de 4 oz | BPHZCF12218 Ce pot en verre carr\u00e9 de qualit\u00e9 sup\u00e9rieure de 4 oz (120 ml) offre la combinaison parfaite de style et de fonctionnalit\u00e9 pour <a href=\"https:\/\/berlinpackagingapac.com\/fr\/categorie-produit\/bouteille-de-nourriture-bocal-de-nourriture\/\">emballage alimentaire<\/a>Sa forme carr\u00e9e moderne offre une excellente visibilit\u00e9 sur les \u00e9tag\u00e8res tout en permettant un empilage optimis\u00e9. Fabriqu\u00e9 en verre haute transparence pour une mise en valeur optimale du contenu, il est dot\u00e9 d&#039;une ouverture standard pour une fermeture herm\u00e9tique avec couvercles compatibles.<\/p>","protected":false},"excerpt":{"rendered":"<table style=\"border-collapse: collapse; width: 515.02pt;\" border=\"0\" width=\"1030\" cellspacing=\"0\" cellpadding=\"0\">\n<tbody>\n<tr style=\"height: 21.75pt;\">\n<td class=\"et3\" style=\"height: 21.75pt; width: 92.00pt;\" width=\"184\" height=\"43\">Capacit\u00e9 d\u00e9bordante<\/td>\n<td class=\"et3\" style=\"width: 92.00pt;\" width=\"184\">Poids<\/td>\n<td class=\"et3\" style=\"width: 147.35pt;\" width=\"294\">Finition<\/td>\n<td class=\"et3\" style=\"width: 92.00pt;\" width=\"184\">Diam\u00e8tre<\/td>\n<td class=\"et3\" style=\"width: 92.00pt;\" width=\"184\">Hauteur<\/td>\n<\/tr>\n<tr style=\"height: 21.75pt;\">\n<td class=\"et4\" style=\"height: 21.75pt;\" height=\"43\">126<\/td>\n<td class=\"et4\">120<\/td>\n<td class=\"et4\">GPI 43-485<\/td>\n<td class=\"et4\">L43xL43<\/td>\n<td class=\"et4\">104<\/td>\n<\/tr>\n<\/tbody>\n<\/table>","protected":false},"featured_media":4492,"comment_status":"open","ping_status":"closed","template":"","meta":{"jetpack_publicize_message":"","jetpack_publicize_feature_enabled":true,"jetpack_social_post_already_shared":true,"jetpack_social_options":{"image_generator_settings":{"template":"highway","default_image_id":0,"font":"","enabled":false},"version":2},"_wpas_customize_per_network":false},"product_brand":[1391],"product_cat":[1375,1453,1537,1508],"product_tag":[1383],"class_list":{"0":"post-4490","1":"product","2":"type-product","3":"status-publish","4":"has-post-thumbnail","6":"product_brand-berlin-packaging","7":"product_cat-food-bottle-food-jar","8":"product_cat-100-200ml-food-jar","9":"product_cat-glass","10":"product_cat-square-jar","11":"product_tag-food","13":"first","14":"outofstock","15":"shipping-taxable","16":"product-type-simple"},"exclude_global_add_ons":[],"addons":[],"jetpack_publicize_connections":[],"jetpack_sharing_enabled":true,"jetpack_likes_enabled":true,"_links":{"self":[{"href":"https:\/\/berlinpackagingapac.com\/fr\/wp-json\/wp\/v2\/product\/4490","targetHints":{"allow":["GET"]}}],"collection":[{"href":"https:\/\/berlinpackagingapac.com\/fr\/wp-json\/wp\/v2\/product"}],"about":[{"href":"https:\/\/berlinpackagingapac.com\/fr\/wp-json\/wp\/v2\/types\/product"}],"replies":[{"embeddable":true,"href":"https:\/\/berlinpackagingapac.com\/fr\/wp-json\/wp\/v2\/comments?post=4490"}],"version-history":[{"count":2,"href":"https:\/\/berlinpackagingapac.com\/fr\/wp-json\/wp\/v2\/product\/4490\/revisions"}],"predecessor-version":[{"id":4493,"href":"https:\/\/berlinpackagingapac.com\/fr\/wp-json\/wp\/v2\/product\/4490\/revisions\/4493"}],"wp:featuredmedia":[{"embeddable":true,"href":"https:\/\/berlinpackagingapac.com\/fr\/wp-json\/wp\/v2\/media\/4492"}],"wp:attachment":[{"href":"https:\/\/berlinpackagingapac.com\/fr\/wp-json\/wp\/v2\/media?parent=4490"}],"wp:term":[{"taxonomy":"product_brand","embeddable":true,"href":"https:\/\/berlinpackagingapac.com\/fr\/wp-json\/wp\/v2\/product_brand?post=4490"},{"taxonomy":"product_cat","embeddable":true,"href":"https:\/\/berlinpackagingapac.com\/fr\/wp-json\/wp\/v2\/product_cat?post=4490"},{"taxonomy":"product_tag","embeddable":true,"href":"https:\/\/berlinpackagingapac.com\/fr\/wp-json\/wp\/v2\/product_tag?post=4490"}],"curies":[{"name":"wp","href":"https:\/\/api.w.org\/{rel}","templated":true}]}}