{"id":4502,"date":"2025-05-29T15:36:07","date_gmt":"2025-05-29T07:36:07","guid":{"rendered":"https:\/\/berlinpackagingapac.com\/?post_type=product&#038;p=4502"},"modified":"2025-08-13T15:20:39","modified_gmt":"2025-08-13T07:20:39","slug":"pot-hexagonal-de-145-ml-bpc-042","status":"publish","type":"product","link":"https:\/\/berlinpackagingapac.com\/fr\/product\/145ml-hexagon-jar-bpc-042\/","title":{"rendered":"Pot hexagonal de 145 ml, BPC-042"},"content":{"rendered":"<p>Bocal hexagonal 145 ml | BPC-042 Ce bocal hexagonal en verre haut de gamme de 145 ml allie fonctionnalit\u00e9 et esth\u00e9tique moderne. Il est id\u00e9al pour conserver les \u00e9pices, le miel, les feuilles de th\u00e9 et autres produits secs. Son design unique \u00e0 six c\u00f4t\u00e9s offre un bel aspect en rayon tout en restant empilable pour un gain de place optimal. Fabriqu\u00e9 en verre haute transparence, il met en valeur le contenu.<\/p>","protected":false},"excerpt":{"rendered":"<table style=\"border-collapse: collapse; width: 515.02pt;\" border=\"0\" width=\"1030\" cellspacing=\"0\" cellpadding=\"0\">\n<tbody>\n<tr style=\"height: 21.75pt;\">\n<td class=\"et3\" style=\"height: 21.75pt; width: 92.00pt;\" width=\"184\" height=\"43\">Capacit\u00e9 d\u00e9bordante<\/td>\n<td class=\"et3\" style=\"width: 92.00pt;\" width=\"184\">Poids<\/td>\n<td class=\"et3\" style=\"width: 147.35pt;\" width=\"294\">Finition<\/td>\n<td class=\"et3\" style=\"width: 92.00pt;\" width=\"184\">Diam\u00e8tre<\/td>\n<td class=\"et3\" style=\"width: 92.00pt;\" width=\"184\">Hauteur<\/td>\n<\/tr>\n<tr style=\"height: 21.75pt;\">\n<td class=\"et4\" style=\"height: 21.75pt;\" height=\"43\">145<\/td>\n<td class=\"et4\">108<\/td>\n<td class=\"et4\">Cosse de 53 mm<\/td>\n<td class=\"et4\">55.8&#215;60.5<\/td>\n<td class=\"et4\">79.1<\/td>\n<\/tr>\n<\/tbody>\n<\/table>","protected":false},"featured_media":5414,"comment_status":"open","ping_status":"closed","template":"","meta":{"jetpack_publicize_message":"","jetpack_publicize_feature_enabled":true,"jetpack_social_post_already_shared":true,"jetpack_social_options":{"image_generator_settings":{"template":"highway","default_image_id":0,"font":"","enabled":false},"version":2},"_wpas_customize_per_network":false},"product_brand":[1391],"product_cat":[1375,1453,1537,1506],"product_tag":[1383],"class_list":{"0":"post-4502","1":"product","2":"type-product","3":"status-publish","4":"has-post-thumbnail","6":"product_brand-berlin-packaging","7":"product_cat-food-bottle-food-jar","8":"product_cat-100-200ml-food-jar","9":"product_cat-glass","10":"product_cat-hexagon-jar","11":"product_tag-food","13":"first","14":"instock","15":"shipping-taxable","16":"product-type-simple"},"exclude_global_add_ons":[],"addons":[],"jetpack_publicize_connections":[],"jetpack_sharing_enabled":true,"jetpack_likes_enabled":true,"_links":{"self":[{"href":"https:\/\/berlinpackagingapac.com\/fr\/wp-json\/wp\/v2\/product\/4502","targetHints":{"allow":["GET"]}}],"collection":[{"href":"https:\/\/berlinpackagingapac.com\/fr\/wp-json\/wp\/v2\/product"}],"about":[{"href":"https:\/\/berlinpackagingapac.com\/fr\/wp-json\/wp\/v2\/types\/product"}],"replies":[{"embeddable":true,"href":"https:\/\/berlinpackagingapac.com\/fr\/wp-json\/wp\/v2\/comments?post=4502"}],"version-history":[{"count":3,"href":"https:\/\/berlinpackagingapac.com\/fr\/wp-json\/wp\/v2\/product\/4502\/revisions"}],"predecessor-version":[{"id":5413,"href":"https:\/\/berlinpackagingapac.com\/fr\/wp-json\/wp\/v2\/product\/4502\/revisions\/5413"}],"wp:featuredmedia":[{"embeddable":true,"href":"https:\/\/berlinpackagingapac.com\/fr\/wp-json\/wp\/v2\/media\/5414"}],"wp:attachment":[{"href":"https:\/\/berlinpackagingapac.com\/fr\/wp-json\/wp\/v2\/media?parent=4502"}],"wp:term":[{"taxonomy":"product_brand","embeddable":true,"href":"https:\/\/berlinpackagingapac.com\/fr\/wp-json\/wp\/v2\/product_brand?post=4502"},{"taxonomy":"product_cat","embeddable":true,"href":"https:\/\/berlinpackagingapac.com\/fr\/wp-json\/wp\/v2\/product_cat?post=4502"},{"taxonomy":"product_tag","embeddable":true,"href":"https:\/\/berlinpackagingapac.com\/fr\/wp-json\/wp\/v2\/product_tag?post=4502"}],"curies":[{"name":"wp","href":"https:\/\/api.w.org\/{rel}","templated":true}]}}