{"id":4565,"date":"2025-05-30T10:45:17","date_gmt":"2025-05-30T02:45:17","guid":{"rendered":"https:\/\/berlinpackagingapac.com\/?post_type=product&#038;p=4565"},"modified":"2025-07-16T10:36:16","modified_gmt":"2025-07-16T02:36:16","slug":"pot-rond-de-250-ml-bpd-410","status":"publish","type":"product","link":"https:\/\/berlinpackagingapac.com\/fr\/product\/250ml-round-jar-bpd-410\/","title":{"rendered":"Pot rond de 250 ml, BPD-410"},"content":{"rendered":"<p>Bocal rond 250 ml | BPD-410 Ce bocal rond polyvalent en verre de 250 ml (8,5 oz) pr\u00e9sente un design cylindrique intemporel et une ouverture large de 70 mm, parfait pour les \u00e9pices, les sauces, les cornichons ou les produits secs. Fabriqu\u00e9 en verre transparent de qualit\u00e9 alimentaire pour mettre en valeur son contenu, il garantit la fra\u00eecheur gr\u00e2ce \u00e0 une fermeture herm\u00e9tique gr\u00e2ce \u00e0 des couvercles compatibles.<\/p>","protected":false},"excerpt":{"rendered":"<table style=\"border-collapse: collapse; width: 515.02pt;\" border=\"0\" width=\"1030\" cellspacing=\"0\" cellpadding=\"0\">\n<tbody>\n<tr style=\"height: 21.75pt;\">\n<td class=\"et3\" style=\"height: 21.75pt; width: 92.00pt;\" width=\"184\" height=\"43\">Capacit\u00e9 d\u00e9bordante<\/td>\n<td class=\"et3\" style=\"width: 92.00pt;\" width=\"184\">Poids<\/td>\n<td class=\"et3\" style=\"width: 147.35pt;\" width=\"294\">Finition<\/td>\n<td class=\"et3\" style=\"width: 92.00pt;\" width=\"184\">Diam\u00e8tre<\/td>\n<td class=\"et3\" style=\"width: 92.00pt;\" width=\"184\">Hauteur<\/td>\n<\/tr>\n<tr style=\"height: 21.75pt;\">\n<td class=\"et4\" style=\"height: 21.75pt;\" height=\"43\">251.5<\/td>\n<td class=\"et4\">150<\/td>\n<td class=\"et4\">GPI 63-2030<\/td>\n<td class=\"et4\">68.8<\/td>\n<td class=\"et4\">92<\/td>\n<\/tr>\n<\/tbody>\n<\/table>","protected":false},"featured_media":4567,"comment_status":"open","ping_status":"closed","template":"","meta":{"jetpack_publicize_message":"","jetpack_publicize_feature_enabled":true,"jetpack_social_post_already_shared":true,"jetpack_social_options":{"image_generator_settings":{"template":"highway","default_image_id":0,"font":"","enabled":false},"version":2},"_wpas_customize_per_network":false},"product_brand":[1391],"product_cat":[1375,1454,1537],"product_tag":[1383],"class_list":{"0":"post-4565","1":"product","2":"type-product","3":"status-publish","4":"has-post-thumbnail","6":"product_brand-berlin-packaging","7":"product_cat-food-bottle-food-jar","8":"product_cat-200-300ml-food-jar","9":"product_cat-glass","10":"product_tag-food","12":"first","13":"outofstock","14":"shipping-taxable","15":"product-type-simple"},"exclude_global_add_ons":[],"addons":[],"jetpack_publicize_connections":[],"jetpack_sharing_enabled":true,"jetpack_likes_enabled":true,"_links":{"self":[{"href":"https:\/\/berlinpackagingapac.com\/fr\/wp-json\/wp\/v2\/product\/4565","targetHints":{"allow":["GET"]}}],"collection":[{"href":"https:\/\/berlinpackagingapac.com\/fr\/wp-json\/wp\/v2\/product"}],"about":[{"href":"https:\/\/berlinpackagingapac.com\/fr\/wp-json\/wp\/v2\/types\/product"}],"replies":[{"embeddable":true,"href":"https:\/\/berlinpackagingapac.com\/fr\/wp-json\/wp\/v2\/comments?post=4565"}],"version-history":[{"count":4,"href":"https:\/\/berlinpackagingapac.com\/fr\/wp-json\/wp\/v2\/product\/4565\/revisions"}],"predecessor-version":[{"id":4581,"href":"https:\/\/berlinpackagingapac.com\/fr\/wp-json\/wp\/v2\/product\/4565\/revisions\/4581"}],"wp:featuredmedia":[{"embeddable":true,"href":"https:\/\/berlinpackagingapac.com\/fr\/wp-json\/wp\/v2\/media\/4567"}],"wp:attachment":[{"href":"https:\/\/berlinpackagingapac.com\/fr\/wp-json\/wp\/v2\/media?parent=4565"}],"wp:term":[{"taxonomy":"product_brand","embeddable":true,"href":"https:\/\/berlinpackagingapac.com\/fr\/wp-json\/wp\/v2\/product_brand?post=4565"},{"taxonomy":"product_cat","embeddable":true,"href":"https:\/\/berlinpackagingapac.com\/fr\/wp-json\/wp\/v2\/product_cat?post=4565"},{"taxonomy":"product_tag","embeddable":true,"href":"https:\/\/berlinpackagingapac.com\/fr\/wp-json\/wp\/v2\/product_tag?post=4565"}],"curies":[{"name":"wp","href":"https:\/\/api.w.org\/{rel}","templated":true}]}}