{"id":4694,"date":"2025-05-30T16:45:29","date_gmt":"2025-05-30T08:45:29","guid":{"rendered":"https:\/\/berlinpackagingapac.com\/?post_type=product&#038;p=4694"},"modified":"2025-07-16T10:39:56","modified_gmt":"2025-07-16T02:39:56","slug":"pot-en-verre-de-375-ml-63-2030-18-oz-de-conserve-legere-bpd-975","status":"publish","type":"product","link":"https:\/\/berlinpackagingapac.com\/fr\/product\/375ml-glass-jar-63-2030-18oz-preserve-light-bpd-975\/","title":{"rendered":"Bocal en verre de 375 ml, 63-2030\/18 oz, Preserve Light, BPD-975"},"content":{"rendered":"<p>Le bocal en verre 375 ml 63-2030\/18 oz Preserve Light, r\u00e9f\u00e9rence BPD-975, est une solution polyvalente et pratique pour conserver vos cr\u00e9ations maison. Avec sa g\u00e9n\u00e9reuse capacit\u00e9 de 53 cl (\u00e9quivalent \u00e0 375 ml), ce bocal en verre l\u00e9ger est id\u00e9al pour la mise en conserve de confitures, gel\u00e9es, conserves de fruits et sauces. Sa conception en verre transparent vous permet de visualiser facilement le contenu, facilitant ainsi l&#039;organisation de votre garde-manger. Son design \u00e0 la fois classique et fonctionnel assure une fermeture herm\u00e9tique fiable pour pr\u00e9server la fra\u00eecheur de vos aliments. Que vous soyez un sp\u00e9cialiste de la mise en conserve chevronn\u00e9 ou d\u00e9butant, ce bocal durable et r\u00e9utilisable est un indispensable pour une conservation \u00e9l\u00e9gante et efficace des aliments.<\/p>","protected":false},"excerpt":{"rendered":"<table style=\"border-collapse: collapse; width: 515.02pt;\" border=\"0\" width=\"1030\" cellspacing=\"0\" cellpadding=\"0\">\n<tbody>\n<tr style=\"height: 21.75pt;\">\n<td class=\"et3\" style=\"height: 21.75pt; width: 92.00pt;\" width=\"184\" height=\"43\">Capacit\u00e9 d\u00e9bordante<\/td>\n<td class=\"et3\" style=\"width: 92.00pt;\" width=\"184\">Poids<\/td>\n<td class=\"et3\" style=\"width: 147.35pt;\" width=\"294\">Finition<\/td>\n<td class=\"et3\" style=\"width: 92.00pt;\" width=\"184\">Diam\u00e8tre<\/td>\n<td class=\"et3\" style=\"width: 92.00pt;\" width=\"184\">Hauteur<\/td>\n<\/tr>\n<tr style=\"height: 21.75pt;\">\n<td class=\"et4\" style=\"height: 21.75pt;\" height=\"43\">414<\/td>\n<td class=\"et4\">210<\/td>\n<td class=\"et4\">IGP 63 2030<\/td>\n<td class=\"et4\">72.17<\/td>\n<td class=\"et4\">134.16<\/td>\n<\/tr>\n<\/tbody>\n<\/table>","protected":false},"featured_media":4695,"comment_status":"open","ping_status":"closed","template":"","meta":{"jetpack_publicize_message":"","jetpack_publicize_feature_enabled":true,"jetpack_social_post_already_shared":true,"jetpack_social_options":{"image_generator_settings":{"template":"highway","default_image_id":0,"font":"","enabled":false},"version":2},"_wpas_customize_per_network":false},"product_brand":[1391],"product_cat":[1375,1455,1537],"product_tag":[1383],"class_list":{"0":"post-4694","1":"product","2":"type-product","3":"status-publish","4":"has-post-thumbnail","6":"product_brand-berlin-packaging","7":"product_cat-food-bottle-food-jar","8":"product_cat-300-500ml-food-jar","9":"product_cat-glass","10":"product_tag-food","12":"first","13":"outofstock","14":"shipping-taxable","15":"product-type-simple"},"exclude_global_add_ons":[],"addons":[],"jetpack_publicize_connections":[],"jetpack_sharing_enabled":true,"jetpack_likes_enabled":true,"_links":{"self":[{"href":"https:\/\/berlinpackagingapac.com\/fr\/wp-json\/wp\/v2\/product\/4694","targetHints":{"allow":["GET"]}}],"collection":[{"href":"https:\/\/berlinpackagingapac.com\/fr\/wp-json\/wp\/v2\/product"}],"about":[{"href":"https:\/\/berlinpackagingapac.com\/fr\/wp-json\/wp\/v2\/types\/product"}],"replies":[{"embeddable":true,"href":"https:\/\/berlinpackagingapac.com\/fr\/wp-json\/wp\/v2\/comments?post=4694"}],"version-history":[{"count":2,"href":"https:\/\/berlinpackagingapac.com\/fr\/wp-json\/wp\/v2\/product\/4694\/revisions"}],"predecessor-version":[{"id":4697,"href":"https:\/\/berlinpackagingapac.com\/fr\/wp-json\/wp\/v2\/product\/4694\/revisions\/4697"}],"wp:featuredmedia":[{"embeddable":true,"href":"https:\/\/berlinpackagingapac.com\/fr\/wp-json\/wp\/v2\/media\/4695"}],"wp:attachment":[{"href":"https:\/\/berlinpackagingapac.com\/fr\/wp-json\/wp\/v2\/media?parent=4694"}],"wp:term":[{"taxonomy":"product_brand","embeddable":true,"href":"https:\/\/berlinpackagingapac.com\/fr\/wp-json\/wp\/v2\/product_brand?post=4694"},{"taxonomy":"product_cat","embeddable":true,"href":"https:\/\/berlinpackagingapac.com\/fr\/wp-json\/wp\/v2\/product_cat?post=4694"},{"taxonomy":"product_tag","embeddable":true,"href":"https:\/\/berlinpackagingapac.com\/fr\/wp-json\/wp\/v2\/product_tag?post=4694"}],"curies":[{"name":"wp","href":"https:\/\/api.w.org\/{rel}","templated":true}]}}