{"id":4736,"date":"2025-06-01T16:09:37","date_gmt":"2025-06-01T08:09:37","guid":{"rendered":"https:\/\/berlinpackagingapac.com\/?post_type=product&#038;p=4736"},"modified":"2025-07-16T10:38:39","modified_gmt":"2025-07-16T02:38:39","slug":"mayonnaise-16-oz-bpad11003c","status":"publish","type":"product","link":"https:\/\/berlinpackagingapac.com\/fr\/product\/16oz-mayo-bpad11003c\/","title":{"rendered":"Mayonnaise 16 oz, BPAD11003C"},"content":{"rendered":"<p>Le pot \u00e0 mayonnaise de 47 cl pr\u00e9sente la forme classique de la mayonnaise, ce qui en fait un excellent choix pour diverses sauces, tartinades et condiments. Sa construction robuste en verre assure la durabilit\u00e9 et pr\u00e9serve la fra\u00eecheur de vos aliments. Sa transparence offre une visibilit\u00e9 optimale du contenu, id\u00e9al pour la vente au d\u00e9tail comme pour un usage domestique.<\/p>","protected":false},"excerpt":{"rendered":"<table style=\"border-collapse: collapse; width: 515.02pt;\" border=\"0\" width=\"1030\" cellspacing=\"0\" cellpadding=\"0\">\n<tbody>\n<tr style=\"height: 21.75pt;\">\n<td class=\"et3\" style=\"height: 21.75pt; width: 92.00pt;\" width=\"184\" height=\"43\">Capacit\u00e9 d\u00e9bordante<\/td>\n<td class=\"et3\" style=\"width: 92.00pt;\" width=\"184\">Poids<\/td>\n<td class=\"et3\" style=\"width: 147.35pt;\" width=\"294\">Finition<\/td>\n<td class=\"et3\" style=\"width: 92.00pt;\" width=\"184\">Diam\u00e8tre<\/td>\n<td class=\"et3\" style=\"width: 92.00pt;\" width=\"184\">Hauteur<\/td>\n<\/tr>\n<tr style=\"height: 21.75pt;\">\n<td class=\"et4\" style=\"height: 21.75pt;\" height=\"43\">488<\/td>\n<td class=\"et4\">250<\/td>\n<td class=\"et4\">70-2035<\/td>\n<td class=\"et4\">79.6<\/td>\n<td class=\"et4\">130.5<\/td>\n<\/tr>\n<\/tbody>\n<\/table>","protected":false},"featured_media":4737,"comment_status":"open","ping_status":"closed","template":"","meta":{"jetpack_publicize_message":"","jetpack_publicize_feature_enabled":true,"jetpack_social_post_already_shared":true,"jetpack_social_options":{"image_generator_settings":{"template":"highway","default_image_id":0,"font":"","enabled":false},"version":2},"_wpas_customize_per_network":false},"product_brand":[1391],"product_cat":[1375,1455,1537],"product_tag":[1383],"class_list":{"0":"post-4736","1":"product","2":"type-product","3":"status-publish","4":"has-post-thumbnail","6":"product_brand-berlin-packaging","7":"product_cat-food-bottle-food-jar","8":"product_cat-300-500ml-food-jar","9":"product_cat-glass","10":"product_tag-food","12":"first","13":"outofstock","14":"shipping-taxable","15":"product-type-simple"},"exclude_global_add_ons":[],"addons":[],"jetpack_publicize_connections":[],"jetpack_sharing_enabled":true,"jetpack_likes_enabled":true,"_links":{"self":[{"href":"https:\/\/berlinpackagingapac.com\/fr\/wp-json\/wp\/v2\/product\/4736","targetHints":{"allow":["GET"]}}],"collection":[{"href":"https:\/\/berlinpackagingapac.com\/fr\/wp-json\/wp\/v2\/product"}],"about":[{"href":"https:\/\/berlinpackagingapac.com\/fr\/wp-json\/wp\/v2\/types\/product"}],"replies":[{"embeddable":true,"href":"https:\/\/berlinpackagingapac.com\/fr\/wp-json\/wp\/v2\/comments?post=4736"}],"version-history":[{"count":3,"href":"https:\/\/berlinpackagingapac.com\/fr\/wp-json\/wp\/v2\/product\/4736\/revisions"}],"predecessor-version":[{"id":4740,"href":"https:\/\/berlinpackagingapac.com\/fr\/wp-json\/wp\/v2\/product\/4736\/revisions\/4740"}],"wp:featuredmedia":[{"embeddable":true,"href":"https:\/\/berlinpackagingapac.com\/fr\/wp-json\/wp\/v2\/media\/4737"}],"wp:attachment":[{"href":"https:\/\/berlinpackagingapac.com\/fr\/wp-json\/wp\/v2\/media?parent=4736"}],"wp:term":[{"taxonomy":"product_brand","embeddable":true,"href":"https:\/\/berlinpackagingapac.com\/fr\/wp-json\/wp\/v2\/product_brand?post=4736"},{"taxonomy":"product_cat","embeddable":true,"href":"https:\/\/berlinpackagingapac.com\/fr\/wp-json\/wp\/v2\/product_cat?post=4736"},{"taxonomy":"product_tag","embeddable":true,"href":"https:\/\/berlinpackagingapac.com\/fr\/wp-json\/wp\/v2\/product_tag?post=4736"}],"curies":[{"name":"wp","href":"https:\/\/api.w.org\/{rel}","templated":true}]}}