{"id":4746,"date":"2025-06-01T16:22:02","date_gmt":"2025-06-01T08:22:02","guid":{"rendered":"https:\/\/berlinpackagingapac.com\/?post_type=product&#038;p=4746"},"modified":"2025-07-11T12:28:47","modified_gmt":"2025-07-11T04:28:47","slug":"pot-paragon-16-oz-bpag10693d","status":"publish","type":"product","link":"https:\/\/berlinpackagingapac.com\/fr\/product\/16oz-paragon-jar-bpag10693d\/","title":{"rendered":"Pot Paragon 16 oz, BPAG10693D"},"content":{"rendered":"<p>Le bocal Paragon de 47 cl (BPAG10693D) pr\u00e9sente un design haut et fin distinctif, id\u00e9al pour pr\u00e9senter avec \u00e9l\u00e9gance une vari\u00e9t\u00e9 de produits tels que sauces, vinaigrettes, sirops et sp\u00e9cialit\u00e9s culinaires. Sa structure en verre transparent offre une excellente visibilit\u00e9 du produit et rehausse son attrait en rayon. Sa construction robuste assure un stockage fiable, tandis que sa forme classique ajoute une touche de sophistication \u00e0 votre emballage.<\/p>","protected":false},"excerpt":{"rendered":"<table style=\"border-collapse: collapse; width: 515.02pt;\" border=\"0\" width=\"1030\" cellspacing=\"0\" cellpadding=\"0\">\n<tbody>\n<tr style=\"height: 21.75pt;\">\n<td class=\"et3\" style=\"height: 21.75pt; width: 92.00pt;\" width=\"184\" height=\"43\">Capacit\u00e9 d\u00e9bordante<\/td>\n<td class=\"et3\" style=\"width: 92.00pt;\" width=\"184\">Poids<\/td>\n<td class=\"et3\" style=\"width: 147.35pt;\" width=\"294\">Finition<\/td>\n<td class=\"et3\" style=\"width: 92.00pt;\" width=\"184\">Diam\u00e8tre<\/td>\n<td class=\"et3\" style=\"width: 92.00pt;\" width=\"184\">Hauteur<\/td>\n<\/tr>\n<tr style=\"height: 21.75pt;\">\n<td class=\"et4\" style=\"height: 21.75pt;\" height=\"43\">495<\/td>\n<td class=\"et4\">270<\/td>\n<td class=\"et4\">63-2030<\/td>\n<td class=\"et4\">72.15<\/td>\n<td class=\"et4\">160.35<\/td>\n<\/tr>\n<\/tbody>\n<\/table>","protected":false},"featured_media":4747,"comment_status":"open","ping_status":"closed","template":"","meta":{"jetpack_publicize_message":"","jetpack_publicize_feature_enabled":true,"jetpack_social_post_already_shared":true,"jetpack_social_options":{"image_generator_settings":{"template":"highway","default_image_id":0,"font":"","enabled":false},"version":2},"_wpas_customize_per_network":false},"product_brand":[1391],"product_cat":[1375,1455,1537,1523],"product_tag":[1383],"class_list":{"0":"post-4746","1":"product","2":"type-product","3":"status-publish","4":"has-post-thumbnail","6":"product_brand-berlin-packaging","7":"product_cat-food-bottle-food-jar","8":"product_cat-300-500ml-food-jar","9":"product_cat-glass","10":"product_cat-paragon-jar","11":"product_tag-food","13":"first","14":"outofstock","15":"shipping-taxable","16":"product-type-simple"},"exclude_global_add_ons":[],"addons":[],"jetpack_publicize_connections":[],"jetpack_sharing_enabled":true,"jetpack_likes_enabled":true,"_links":{"self":[{"href":"https:\/\/berlinpackagingapac.com\/fr\/wp-json\/wp\/v2\/product\/4746","targetHints":{"allow":["GET"]}}],"collection":[{"href":"https:\/\/berlinpackagingapac.com\/fr\/wp-json\/wp\/v2\/product"}],"about":[{"href":"https:\/\/berlinpackagingapac.com\/fr\/wp-json\/wp\/v2\/types\/product"}],"replies":[{"embeddable":true,"href":"https:\/\/berlinpackagingapac.com\/fr\/wp-json\/wp\/v2\/comments?post=4746"}],"version-history":[{"count":4,"href":"https:\/\/berlinpackagingapac.com\/fr\/wp-json\/wp\/v2\/product\/4746\/revisions"}],"predecessor-version":[{"id":7169,"href":"https:\/\/berlinpackagingapac.com\/fr\/wp-json\/wp\/v2\/product\/4746\/revisions\/7169"}],"wp:featuredmedia":[{"embeddable":true,"href":"https:\/\/berlinpackagingapac.com\/fr\/wp-json\/wp\/v2\/media\/4747"}],"wp:attachment":[{"href":"https:\/\/berlinpackagingapac.com\/fr\/wp-json\/wp\/v2\/media?parent=4746"}],"wp:term":[{"taxonomy":"product_brand","embeddable":true,"href":"https:\/\/berlinpackagingapac.com\/fr\/wp-json\/wp\/v2\/product_brand?post=4746"},{"taxonomy":"product_cat","embeddable":true,"href":"https:\/\/berlinpackagingapac.com\/fr\/wp-json\/wp\/v2\/product_cat?post=4746"},{"taxonomy":"product_tag","embeddable":true,"href":"https:\/\/berlinpackagingapac.com\/fr\/wp-json\/wp\/v2\/product_tag?post=4746"}],"curies":[{"name":"wp","href":"https:\/\/api.w.org\/{rel}","templated":true}]}}