{"id":4772,"date":"2025-06-02T09:13:16","date_gmt":"2025-06-02T01:13:16","guid":{"rendered":"https:\/\/berlinpackagingapac.com\/?post_type=product&#038;p=4772"},"modified":"2025-07-11T12:32:33","modified_gmt":"2025-07-11T04:32:33","slug":"pot-carre-de-19-oz-bpc-073","status":"publish","type":"product","link":"https:\/\/berlinpackagingapac.com\/fr\/product\/19oz-square-jar-bpc-073\/","title":{"rendered":"Pot carr\u00e9 de 19 oz, BPC-073"},"content":{"rendered":"<p>Pot carr\u00e9 560 ml | BPC-073\u00a0: Ce pot carr\u00e9 en verre haut de gamme de 560 ml (19 oz) offre un rangement compact pour les \u00e9pices, les cr\u00e8mes cosm\u00e9tiques et les produits secs. Empilable, il optimise l&#039;espace de rangement, tandis que le verre transparent met en valeur le contenu. La fermeture herm\u00e9tique garantit la fra\u00eecheur gr\u00e2ce aux couvercles compatibles. Couvercles vendus s\u00e9par\u00e9ment. Id\u00e9al pour les marques de d\u00e9tail et les emballages en vrac.<\/p>","protected":false},"excerpt":{"rendered":"<table style=\"border-collapse: collapse; width: 515.02pt;\" border=\"0\" width=\"1030\" cellspacing=\"0\" cellpadding=\"0\">\n<tbody>\n<tr style=\"height: 21.75pt;\">\n<td class=\"et3\" style=\"height: 21.75pt; width: 92.00pt;\" width=\"184\" height=\"43\">Capacit\u00e9 d\u00e9bordante<\/td>\n<td class=\"et3\" style=\"width: 92.00pt;\" width=\"184\">Poids<\/td>\n<td class=\"et3\" style=\"width: 147.35pt;\" width=\"294\">Finition<\/td>\n<td class=\"et3\" style=\"width: 92.00pt;\" width=\"184\">Diam\u00e8tre<\/td>\n<td class=\"et3\" style=\"width: 92.00pt;\" width=\"184\">Hauteur<\/td>\n<\/tr>\n<tr style=\"height: 21.75pt;\">\n<td class=\"et4\" style=\"height: 21.75pt;\" height=\"43\">596<\/td>\n<td class=\"et4\">330<\/td>\n<td class=\"et4\">GPI 20351-70<\/td>\n<td class=\"et4\">74.6<\/td>\n<td class=\"et4\">156<\/td>\n<\/tr>\n<\/tbody>\n<\/table>","protected":false},"featured_media":4773,"comment_status":"open","ping_status":"closed","template":"","meta":{"jetpack_publicize_message":"","jetpack_publicize_feature_enabled":true,"jetpack_social_post_already_shared":true,"jetpack_social_options":{"image_generator_settings":{"template":"highway","default_image_id":0,"font":"","enabled":false},"version":2},"_wpas_customize_per_network":false},"product_brand":[1391],"product_cat":[1375,1504,1537,1508],"product_tag":[1383],"class_list":{"0":"post-4772","1":"product","2":"type-product","3":"status-publish","4":"has-post-thumbnail","6":"product_brand-berlin-packaging","7":"product_cat-food-bottle-food-jar","8":"product_cat-500-1000ml-food-jar","9":"product_cat-glass","10":"product_cat-square-jar","11":"product_tag-food","13":"first","14":"outofstock","15":"shipping-taxable","16":"product-type-simple"},"exclude_global_add_ons":[],"addons":[],"jetpack_publicize_connections":[],"jetpack_sharing_enabled":true,"jetpack_likes_enabled":true,"_links":{"self":[{"href":"https:\/\/berlinpackagingapac.com\/fr\/wp-json\/wp\/v2\/product\/4772","targetHints":{"allow":["GET"]}}],"collection":[{"href":"https:\/\/berlinpackagingapac.com\/fr\/wp-json\/wp\/v2\/product"}],"about":[{"href":"https:\/\/berlinpackagingapac.com\/fr\/wp-json\/wp\/v2\/types\/product"}],"replies":[{"embeddable":true,"href":"https:\/\/berlinpackagingapac.com\/fr\/wp-json\/wp\/v2\/comments?post=4772"}],"version-history":[{"count":2,"href":"https:\/\/berlinpackagingapac.com\/fr\/wp-json\/wp\/v2\/product\/4772\/revisions"}],"predecessor-version":[{"id":4775,"href":"https:\/\/berlinpackagingapac.com\/fr\/wp-json\/wp\/v2\/product\/4772\/revisions\/4775"}],"wp:featuredmedia":[{"embeddable":true,"href":"https:\/\/berlinpackagingapac.com\/fr\/wp-json\/wp\/v2\/media\/4773"}],"wp:attachment":[{"href":"https:\/\/berlinpackagingapac.com\/fr\/wp-json\/wp\/v2\/media?parent=4772"}],"wp:term":[{"taxonomy":"product_brand","embeddable":true,"href":"https:\/\/berlinpackagingapac.com\/fr\/wp-json\/wp\/v2\/product_brand?post=4772"},{"taxonomy":"product_cat","embeddable":true,"href":"https:\/\/berlinpackagingapac.com\/fr\/wp-json\/wp\/v2\/product_cat?post=4772"},{"taxonomy":"product_tag","embeddable":true,"href":"https:\/\/berlinpackagingapac.com\/fr\/wp-json\/wp\/v2\/product_tag?post=4772"}],"curies":[{"name":"wp","href":"https:\/\/api.w.org\/{rel}","templated":true}]}}