{"id":4950,"date":"2025-06-03T10:35:26","date_gmt":"2025-06-03T02:35:26","guid":{"rendered":"https:\/\/berlinpackagingapac.com\/?post_type=product&#038;p=4950"},"modified":"2025-10-24T14:14:09","modified_gmt":"2025-10-24T06:14:09","slug":"dorica-ag-bp20710b-250-ml","status":"publish","type":"product","link":"https:\/\/berlinpackagingapac.com\/fr\/product\/250ml-dorica-ag-bp20710b\/","title":{"rendered":"Bouteilles Dorica 250 ml en stock, 2\u00a0208 pi\u00e8ces par palette courte"},"content":{"rendered":"<p>Ce produit est en stock et disponible imm\u00e9diatement. Les options de conditionnement sont de 2208 pi\u00e8ces par palette courte. Le prix FOB Shenzhen est de 1 TP4 0,223 USD par pi\u00e8ce. Pour toute demande de vente en gros, veuillez nous contacter.<\/p>\n<p>Cette bouteille Dorica AG de 250 ml (BP20710B) contient de l&#039;huile d&#039;olive vierge extra de premi\u00e8re qualit\u00e9, press\u00e9e \u00e0 froid \u00e0 partir d&#039;olives soigneusement s\u00e9lectionn\u00e9es pour pr\u00e9server son ar\u00f4me naturel, son go\u00fbt intense et ses bienfaits nutritionnels. Ce m\u00e9lange non filtr\u00e9 offre un profil fruit\u00e9 et robuste, rehauss\u00e9 de subtiles notes herbac\u00e9es, id\u00e9al pour rehausser salades, p\u00e2tes, l\u00e9gumes r\u00f4tis ou grillades, ainsi que pour la pr\u00e9paration de marinades et vinaigrettes savoureuses. Son format de 250 ml allie facilit\u00e9 d&#039;utilisation et fra\u00eecheur durable, tandis que sa bouteille en verre la prot\u00e8ge de la lumi\u00e8re et de la chaleur pour une qualit\u00e9 optimale. Sans additifs et peu transform\u00e9e, cette huile d&#039;olive incarne l&#039;h\u00e9ritage m\u00e9diterran\u00e9en et constitue un choix polyvalent et authentique pour les cuisiniers amateurs, les chefs et les personnes soucieuses de leur bien-\u00eatre, \u00e0 la recherche d&#039;ingr\u00e9dients naturels et de qualit\u00e9.<\/p>","protected":false},"excerpt":{"rendered":"<table style=\"border-collapse: collapse; width: 442.52pt;\" border=\"0\" width=\"885\" cellspacing=\"0\" cellpadding=\"0\">\n<tbody>\n<tr style=\"height: 21.75pt;\">\n<td class=\"et3\" style=\"height: 21.75pt; width: 92.00pt;\" width=\"184\" height=\"43\">Capacit\u00e9 d\u00e9bordante<\/td>\n<td class=\"et3\" style=\"width: 92.00pt;\" width=\"184\">Poids<\/td>\n<td class=\"et3\" style=\"width: 74.70pt;\" width=\"149\">Finition<\/td>\n<td class=\"et3\" style=\"width: 92.00pt;\" width=\"184\">Diam\u00e8tre<\/td>\n<td class=\"et3\" style=\"width: 92.00pt;\" width=\"184\">Hauteur<\/td>\n<\/tr>\n<tr style=\"height: 21.75pt;\">\n<td class=\"et4\" style=\"height: 21.75pt;\" height=\"43\">270<\/td>\n<td class=\"et4\">250<\/td>\n<td class=\"et4\">30,15 mm ROPP<\/td>\n<td class=\"et4\">49<\/td>\n<td class=\"et4\">231.5<\/td>\n<\/tr>\n<\/tbody>\n<\/table>\n<p>&nbsp;<\/p>\n<p>Pour les demandes de vente en gros, veuillez nous contacter.<\/p>","protected":false},"featured_media":5813,"comment_status":"open","ping_status":"closed","template":"","meta":{"jetpack_publicize_message":"","jetpack_publicize_feature_enabled":true,"jetpack_social_post_already_shared":true,"jetpack_social_options":{"image_generator_settings":{"template":"highway","default_image_id":0,"font":"","enabled":false},"version":2},"_wpas_customize_per_network":false},"product_brand":[1391],"product_cat":[1481,1454,1375,1537,1532],"product_tag":[1383,1475],"class_list":{"0":"post-4950","1":"product","2":"type-product","3":"status-publish","4":"has-post-thumbnail","6":"product_brand-berlin-packaging","7":"product_cat-olive-oil","8":"product_cat-200-300ml-food-jar","9":"product_cat-food-bottle-food-jar","10":"product_cat-glass","11":"product_cat-in-stock","12":"product_tag-food","13":"product_tag-olive-oil","15":"first","16":"instock","17":"shipping-taxable","18":"purchasable","19":"product-type-simple"},"exclude_global_add_ons":[],"addons":[],"jetpack_publicize_connections":[],"jetpack_sharing_enabled":true,"jetpack_likes_enabled":true,"_links":{"self":[{"href":"https:\/\/berlinpackagingapac.com\/fr\/wp-json\/wp\/v2\/product\/4950","targetHints":{"allow":["GET"]}}],"collection":[{"href":"https:\/\/berlinpackagingapac.com\/fr\/wp-json\/wp\/v2\/product"}],"about":[{"href":"https:\/\/berlinpackagingapac.com\/fr\/wp-json\/wp\/v2\/types\/product"}],"replies":[{"embeddable":true,"href":"https:\/\/berlinpackagingapac.com\/fr\/wp-json\/wp\/v2\/comments?post=4950"}],"version-history":[{"count":9,"href":"https:\/\/berlinpackagingapac.com\/fr\/wp-json\/wp\/v2\/product\/4950\/revisions"}],"predecessor-version":[{"id":8613,"href":"https:\/\/berlinpackagingapac.com\/fr\/wp-json\/wp\/v2\/product\/4950\/revisions\/8613"}],"wp:featuredmedia":[{"embeddable":true,"href":"https:\/\/berlinpackagingapac.com\/fr\/wp-json\/wp\/v2\/media\/5813"}],"wp:attachment":[{"href":"https:\/\/berlinpackagingapac.com\/fr\/wp-json\/wp\/v2\/media?parent=4950"}],"wp:term":[{"taxonomy":"product_brand","embeddable":true,"href":"https:\/\/berlinpackagingapac.com\/fr\/wp-json\/wp\/v2\/product_brand?post=4950"},{"taxonomy":"product_cat","embeddable":true,"href":"https:\/\/berlinpackagingapac.com\/fr\/wp-json\/wp\/v2\/product_cat?post=4950"},{"taxonomy":"product_tag","embeddable":true,"href":"https:\/\/berlinpackagingapac.com\/fr\/wp-json\/wp\/v2\/product_tag?post=4950"}],"curies":[{"name":"wp","href":"https:\/\/api.w.org\/{rel}","templated":true}]}}