{"id":5035,"date":"2025-06-03T12:42:59","date_gmt":"2025-06-03T04:42:59","guid":{"rendered":"https:\/\/berlinpackagingapac.com\/?post_type=product&#038;p=5035"},"modified":"2025-07-16T10:29:41","modified_gmt":"2025-07-16T02:29:41","slug":"bouteille-de-boisson-de-200-ml-bp10653","status":"publish","type":"product","link":"https:\/\/berlinpackagingapac.com\/fr\/product\/200ml-beverage-bottle-bp10653\/","title":{"rendered":"Bouteille de boisson de 200 ml, BP10653"},"content":{"rendered":"<p>Cette bouteille de 200 ml (BP10653) est un contenant en plastique durable et sans BPA pour jus, sodas et boissons \u00e9nergisantes. Compacte et l\u00e9g\u00e8re, elle se glisse facilement dans un sac ou un porte-gobelet, id\u00e9ale pour les trajets domicile-travail, l&#039;\u00e9cole ou les activit\u00e9s de plein air. Son bouchon \u00e0 vis s\u00e9curis\u00e9 emp\u00eache les fuites, tandis que son corps translucide laisse appara\u00eetre le contenu. Recyclable et disponible en format individuel, elle offre praticit\u00e9 et respect de l&#039;environnement pour une hydratation quotidienne.<\/p>","protected":false},"excerpt":{"rendered":"<table style=\"border-collapse: collapse; width: 442.52pt;\" border=\"0\" width=\"885\" cellspacing=\"0\" cellpadding=\"0\">\n<tbody>\n<tr style=\"height: 21.75pt;\">\n<td class=\"et3\" style=\"height: 21.75pt; width: 92.00pt;\" width=\"184\" height=\"43\">Capacit\u00e9 d\u00e9bordante<\/td>\n<td class=\"et3\" style=\"width: 92.00pt;\" width=\"184\">Poids<\/td>\n<td class=\"et3\" style=\"width: 74.70pt;\" width=\"149\">Finition<\/td>\n<td class=\"et3\" style=\"width: 92.00pt;\" width=\"184\">Diam\u00e8tre<\/td>\n<td class=\"et3\" style=\"width: 92.00pt;\" width=\"184\">Hauteur<\/td>\n<\/tr>\n<tr style=\"height: 21.75pt;\">\n<td class=\"et5\" style=\"height: 21.75pt;\" height=\"43\">220<\/td>\n<td class=\"et5\">158<\/td>\n<td class=\"et5\">38 \u00c0<\/td>\n<td class=\"et5\">55.8<\/td>\n<td class=\"et5\">142.5<\/td>\n<\/tr>\n<\/tbody>\n<\/table>","protected":false},"featured_media":5039,"comment_status":"open","ping_status":"closed","template":"","meta":{"jetpack_publicize_message":"","jetpack_publicize_feature_enabled":true,"jetpack_social_post_already_shared":true,"jetpack_social_options":{"image_generator_settings":{"template":"highway","default_image_id":0,"font":"","enabled":false},"version":2},"_wpas_customize_per_network":false},"product_brand":[1391],"product_cat":[1376,1436,1537],"product_tag":[1384],"class_list":{"0":"post-5035","1":"product","2":"type-product","3":"status-publish","4":"has-post-thumbnail","6":"product_brand-berlin-packaging","7":"product_cat-beverage","8":"product_cat-100-330ml-beverage","9":"product_cat-glass","10":"product_tag-beverage","12":"first","13":"outofstock","14":"shipping-taxable","15":"product-type-simple"},"exclude_global_add_ons":[],"addons":[],"jetpack_publicize_connections":[],"jetpack_sharing_enabled":true,"jetpack_likes_enabled":true,"_links":{"self":[{"href":"https:\/\/berlinpackagingapac.com\/fr\/wp-json\/wp\/v2\/product\/5035","targetHints":{"allow":["GET"]}}],"collection":[{"href":"https:\/\/berlinpackagingapac.com\/fr\/wp-json\/wp\/v2\/product"}],"about":[{"href":"https:\/\/berlinpackagingapac.com\/fr\/wp-json\/wp\/v2\/types\/product"}],"replies":[{"embeddable":true,"href":"https:\/\/berlinpackagingapac.com\/fr\/wp-json\/wp\/v2\/comments?post=5035"}],"version-history":[{"count":3,"href":"https:\/\/berlinpackagingapac.com\/fr\/wp-json\/wp\/v2\/product\/5035\/revisions"}],"predecessor-version":[{"id":5042,"href":"https:\/\/berlinpackagingapac.com\/fr\/wp-json\/wp\/v2\/product\/5035\/revisions\/5042"}],"wp:featuredmedia":[{"embeddable":true,"href":"https:\/\/berlinpackagingapac.com\/fr\/wp-json\/wp\/v2\/media\/5039"}],"wp:attachment":[{"href":"https:\/\/berlinpackagingapac.com\/fr\/wp-json\/wp\/v2\/media?parent=5035"}],"wp:term":[{"taxonomy":"product_brand","embeddable":true,"href":"https:\/\/berlinpackagingapac.com\/fr\/wp-json\/wp\/v2\/product_brand?post=5035"},{"taxonomy":"product_cat","embeddable":true,"href":"https:\/\/berlinpackagingapac.com\/fr\/wp-json\/wp\/v2\/product_cat?post=5035"},{"taxonomy":"product_tag","embeddable":true,"href":"https:\/\/berlinpackagingapac.com\/fr\/wp-json\/wp\/v2\/product_tag?post=5035"}],"curies":[{"name":"wp","href":"https:\/\/api.w.org\/{rel}","templated":true}]}}