{"id":5066,"date":"2025-06-03T14:55:43","date_gmt":"2025-06-03T06:55:43","guid":{"rendered":"https:\/\/berlinpackagingapac.com\/?post_type=product&#038;p=5066"},"modified":"2025-07-16T10:29:01","modified_gmt":"2025-07-16T02:29:01","slug":"gobelet-en-verre-de-350-ml-bpd1068","status":"publish","type":"product","link":"https:\/\/berlinpackagingapac.com\/fr\/product\/350ml-glass-gottle-bpd1068\/","title":{"rendered":"Gobelet en verre de 350 ml, BPD1068"},"content":{"rendered":"<p>Cette bouteille en verre de 350 ml (BPD1068) est une bouteille haut de gamme pour l&#039;eau, les jus ou les smoothies. Son design \u00e9l\u00e9gant et transparent garantit clart\u00e9 et modernit\u00e9, tandis que le verre durable offre une saveur pure et une r\u00e9sistance aux taches. Son bouchon \u00e0 vis s\u00e9curis\u00e9 emp\u00eache les fuites pour une utilisation nomade. Son format de 350 ml est pratique pour une portion individuelle, r\u00e9utilisable et lavable au lave-vaisselle pour une durabilit\u00e9 accrue. Id\u00e9ale pour l&#039;hydratation quotidienne, la salle de sport ou les trajets quotidiens, elle affiche une \u00e9l\u00e9gance minimaliste.<\/p>","protected":false},"excerpt":{"rendered":"<table style=\"border-collapse: collapse; width: 442.52pt;\" border=\"0\" width=\"885\" cellspacing=\"0\" cellpadding=\"0\">\n<tbody>\n<tr style=\"height: 21.75pt;\">\n<td class=\"et3\" style=\"height: 21.75pt; width: 92.00pt;\" width=\"184\" height=\"43\">Capacit\u00e9 d\u00e9bordante<\/td>\n<td class=\"et3\" style=\"width: 92.00pt;\" width=\"184\">Poids<\/td>\n<td class=\"et3\" style=\"width: 74.70pt;\" width=\"149\">Finition<\/td>\n<td class=\"et3\" style=\"width: 92.00pt;\" width=\"184\">Diam\u00e8tre<\/td>\n<td class=\"et3\" style=\"width: 92.00pt;\" width=\"184\">Hauteur<\/td>\n<\/tr>\n<tr style=\"height: 21.75pt;\">\n<td class=\"et5\" style=\"height: 21.75pt;\" height=\"43\">372<\/td>\n<td class=\"et5\">240<\/td>\n<td class=\"et5\">38-2000<\/td>\n<td class=\"et5\">59.8<\/td>\n<td class=\"et5\">194<\/td>\n<\/tr>\n<\/tbody>\n<\/table>","protected":false},"featured_media":5067,"comment_status":"open","ping_status":"closed","template":"","meta":{"jetpack_publicize_message":"","jetpack_publicize_feature_enabled":true,"jetpack_social_post_already_shared":true,"jetpack_social_options":{"image_generator_settings":{"template":"highway","default_image_id":0,"font":"","enabled":false},"version":2},"_wpas_customize_per_network":false},"product_brand":[1391],"product_cat":[1376,1437,1537],"product_tag":[1384],"class_list":{"0":"post-5066","1":"product","2":"type-product","3":"status-publish","4":"has-post-thumbnail","6":"product_brand-berlin-packaging","7":"product_cat-beverage","8":"product_cat-330-500ml-beverage","9":"product_cat-glass","10":"product_tag-beverage","12":"first","13":"outofstock","14":"shipping-taxable","15":"product-type-simple"},"exclude_global_add_ons":[],"addons":[],"jetpack_publicize_connections":[],"jetpack_sharing_enabled":true,"jetpack_likes_enabled":true,"_links":{"self":[{"href":"https:\/\/berlinpackagingapac.com\/fr\/wp-json\/wp\/v2\/product\/5066","targetHints":{"allow":["GET"]}}],"collection":[{"href":"https:\/\/berlinpackagingapac.com\/fr\/wp-json\/wp\/v2\/product"}],"about":[{"href":"https:\/\/berlinpackagingapac.com\/fr\/wp-json\/wp\/v2\/types\/product"}],"replies":[{"embeddable":true,"href":"https:\/\/berlinpackagingapac.com\/fr\/wp-json\/wp\/v2\/comments?post=5066"}],"version-history":[{"count":3,"href":"https:\/\/berlinpackagingapac.com\/fr\/wp-json\/wp\/v2\/product\/5066\/revisions"}],"predecessor-version":[{"id":5070,"href":"https:\/\/berlinpackagingapac.com\/fr\/wp-json\/wp\/v2\/product\/5066\/revisions\/5070"}],"wp:featuredmedia":[{"embeddable":true,"href":"https:\/\/berlinpackagingapac.com\/fr\/wp-json\/wp\/v2\/media\/5067"}],"wp:attachment":[{"href":"https:\/\/berlinpackagingapac.com\/fr\/wp-json\/wp\/v2\/media?parent=5066"}],"wp:term":[{"taxonomy":"product_brand","embeddable":true,"href":"https:\/\/berlinpackagingapac.com\/fr\/wp-json\/wp\/v2\/product_brand?post=5066"},{"taxonomy":"product_cat","embeddable":true,"href":"https:\/\/berlinpackagingapac.com\/fr\/wp-json\/wp\/v2\/product_cat?post=5066"},{"taxonomy":"product_tag","embeddable":true,"href":"https:\/\/berlinpackagingapac.com\/fr\/wp-json\/wp\/v2\/product_tag?post=5066"}],"curies":[{"name":"wp","href":"https:\/\/api.w.org\/{rel}","templated":true}]}}