{"id":5165,"date":"2025-06-04T10:35:15","date_gmt":"2025-06-04T02:35:15","guid":{"rendered":"https:\/\/berlinpackagingapac.com\/?post_type=product&#038;p=5165"},"modified":"2025-07-16T10:27:09","modified_gmt":"2025-07-16T02:27:09","slug":"1-pot-a-lait-en-verre-de-89-l-bpdn-088","status":"publish","type":"product","link":"https:\/\/berlinpackagingapac.com\/fr\/product\/1-89l-glass-milk-jug-bpdn-088\/","title":{"rendered":"Pot \u00e0 lait en verre de 1,89\u00a0L, BPDN-088"},"content":{"rendered":"<p>Ce pot \u00e0 lait en verre de 1,89 L (BPDN-088) est un r\u00e9cipient en verre haut de gamme pour le lait, les jus ou les boissons v\u00e9g\u00e9tales. Sa grande capacit\u00e9 de 1,89 L convient aux familles, aux caf\u00e9s et aux traiteurs, r\u00e9duisant ainsi les d\u00e9chets plastiques. Son verre \u00e9pais et r\u00e9sistant garantit fra\u00eecheur et visibilit\u00e9, et son bouchon s\u00e9curis\u00e9 emp\u00eache les fuites. Sans BPA, r\u00e9utilisable et lavable au lave-vaisselle, il est respectueux de l&#039;environnement. Son design classique facilite la manipulation et le versement, id\u00e9al pour un usage quotidien ou pour mettre en valeur vos m\u00e9langes maison.<\/p>","protected":false},"excerpt":{"rendered":"<table style=\"border-collapse: collapse; width: 442.52pt;\" border=\"0\" width=\"885\" cellspacing=\"0\" cellpadding=\"0\">\n<tbody>\n<tr style=\"height: 21.75pt;\">\n<td class=\"et3\" style=\"height: 21.75pt; width: 92.00pt;\" width=\"184\" height=\"43\">Capacit\u00e9 d\u00e9bordante<\/td>\n<td class=\"et3\" style=\"width: 92.00pt;\" width=\"184\">Poids<\/td>\n<td class=\"et3\" style=\"width: 74.70pt;\" width=\"149\">Finition<\/td>\n<td class=\"et3\" style=\"width: 92.00pt;\" width=\"184\">Diam\u00e8tre<\/td>\n<td class=\"et3\" style=\"width: 92.00pt;\" width=\"184\">Hauteur<\/td>\n<\/tr>\n<tr style=\"height: 23.00pt;\">\n<td class=\"et4\" style=\"height: 23.00pt;\" height=\"46\">1928<\/td>\n<td class=\"et4\">890<\/td>\n<td class=\"et4\">N \/ A<\/td>\n<td class=\"et4\">L 126,2 x l 98,85 mm<\/td>\n<td class=\"et4\">253.5<\/td>\n<\/tr>\n<\/tbody>\n<\/table>","protected":false},"featured_media":5167,"comment_status":"open","ping_status":"closed","template":"","meta":{"jetpack_publicize_message":"","jetpack_publicize_feature_enabled":true,"jetpack_social_post_already_shared":true,"jetpack_social_options":{"image_generator_settings":{"template":"highway","default_image_id":0,"font":"","enabled":false},"version":2},"_wpas_customize_per_network":false},"product_brand":[1391],"product_cat":[1376,1537,1440],"product_tag":[1384],"class_list":{"0":"post-5165","1":"product","2":"type-product","3":"status-publish","4":"has-post-thumbnail","6":"product_brand-berlin-packaging","7":"product_cat-beverage","8":"product_cat-glass","9":"product_cat-others-beverage","10":"product_tag-beverage","12":"first","13":"outofstock","14":"shipping-taxable","15":"product-type-simple"},"exclude_global_add_ons":[],"addons":[],"jetpack_publicize_connections":[],"jetpack_sharing_enabled":true,"jetpack_likes_enabled":true,"_links":{"self":[{"href":"https:\/\/berlinpackagingapac.com\/fr\/wp-json\/wp\/v2\/product\/5165","targetHints":{"allow":["GET"]}}],"collection":[{"href":"https:\/\/berlinpackagingapac.com\/fr\/wp-json\/wp\/v2\/product"}],"about":[{"href":"https:\/\/berlinpackagingapac.com\/fr\/wp-json\/wp\/v2\/types\/product"}],"replies":[{"embeddable":true,"href":"https:\/\/berlinpackagingapac.com\/fr\/wp-json\/wp\/v2\/comments?post=5165"}],"version-history":[{"count":2,"href":"https:\/\/berlinpackagingapac.com\/fr\/wp-json\/wp\/v2\/product\/5165\/revisions"}],"predecessor-version":[{"id":5168,"href":"https:\/\/berlinpackagingapac.com\/fr\/wp-json\/wp\/v2\/product\/5165\/revisions\/5168"}],"wp:featuredmedia":[{"embeddable":true,"href":"https:\/\/berlinpackagingapac.com\/fr\/wp-json\/wp\/v2\/media\/5167"}],"wp:attachment":[{"href":"https:\/\/berlinpackagingapac.com\/fr\/wp-json\/wp\/v2\/media?parent=5165"}],"wp:term":[{"taxonomy":"product_brand","embeddable":true,"href":"https:\/\/berlinpackagingapac.com\/fr\/wp-json\/wp\/v2\/product_brand?post=5165"},{"taxonomy":"product_cat","embeddable":true,"href":"https:\/\/berlinpackagingapac.com\/fr\/wp-json\/wp\/v2\/product_cat?post=5165"},{"taxonomy":"product_tag","embeddable":true,"href":"https:\/\/berlinpackagingapac.com\/fr\/wp-json\/wp\/v2\/product_tag?post=5165"}],"curies":[{"name":"wp","href":"https:\/\/api.w.org\/{rel}","templated":true}]}}