{"id":5633,"date":"2025-06-09T10:21:49","date_gmt":"2025-06-09T02:21:49","guid":{"rendered":"https:\/\/berlinpackagingapac.com\/?post_type=product&#038;p=5633"},"modified":"2025-07-16T10:46:17","modified_gmt":"2025-07-16T02:46:17","slug":"bouteille-de-vin-w0119-bpdb20579a","status":"publish","type":"product","link":"https:\/\/berlinpackagingapac.com\/fr\/product\/w0119-wine-bottle-bpdb20579a\/","title":{"rendered":"Bouteille de vin W0119, BPDB20579A"},"content":{"rendered":"<p>Cette bouteille \u00e0 vin W0119 (BPDB20579A) allie sophistication et praticit\u00e9 pour les vins rouges. Fabriqu\u00e9e en verre de haute qualit\u00e9 de 750 ml, son design \u00e9l\u00e9gant et contemporain convient \u00e0 un usage commercial et domestique, ajoutant une touche d&#039;\u00e9l\u00e9gance \u00e0 tout d\u00e9cor. Sa construction robuste garantit un stockage et un transport s\u00e9curis\u00e9s, ce qui en fait un choix polyvalent pour mettre en valeur vos vins au charme intemporel.<\/p>","protected":false},"excerpt":{"rendered":"<table width=\"591\">\n<tbody>\n<tr>\n<td width=\"123\">Capacit\u00e9 d\u00e9bordante<\/td>\n<td width=\"123\">Poids<\/td>\n<td width=\"99\">Finition<\/td>\n<td width=\"123\">Diam\u00e8tre<\/td>\n<td width=\"123\">Hauteur<\/td>\n<\/tr>\n<tr>\n<td>760<\/td>\n<td>530<\/td>\n<td>GPI 30-1680-03<\/td>\n<td>81.2<\/td>\n<td>297<\/td>\n<\/tr>\n<\/tbody>\n<\/table>","protected":false},"featured_media":5635,"comment_status":"open","ping_status":"closed","template":"","meta":{"jetpack_publicize_message":"","jetpack_publicize_feature_enabled":true,"jetpack_social_post_already_shared":true,"jetpack_social_options":{"image_generator_settings":{"template":"highway","default_image_id":0,"font":"","enabled":false},"version":2},"_wpas_customize_per_network":false},"product_brand":[1391],"product_cat":[1381,1458,1537],"product_tag":[1482],"class_list":{"0":"post-5633","1":"product","2":"type-product","3":"status-publish","4":"has-post-thumbnail","6":"product_brand-berlin-packaging","7":"product_cat-wine-bottles","8":"product_cat-750ml-wine","9":"product_cat-glass","10":"product_tag-wine","12":"first","13":"outofstock","14":"shipping-taxable","15":"product-type-simple"},"exclude_global_add_ons":[],"addons":[],"jetpack_publicize_connections":[],"jetpack_sharing_enabled":true,"jetpack_likes_enabled":true,"_links":{"self":[{"href":"https:\/\/berlinpackagingapac.com\/fr\/wp-json\/wp\/v2\/product\/5633","targetHints":{"allow":["GET"]}}],"collection":[{"href":"https:\/\/berlinpackagingapac.com\/fr\/wp-json\/wp\/v2\/product"}],"about":[{"href":"https:\/\/berlinpackagingapac.com\/fr\/wp-json\/wp\/v2\/types\/product"}],"replies":[{"embeddable":true,"href":"https:\/\/berlinpackagingapac.com\/fr\/wp-json\/wp\/v2\/comments?post=5633"}],"version-history":[{"count":3,"href":"https:\/\/berlinpackagingapac.com\/fr\/wp-json\/wp\/v2\/product\/5633\/revisions"}],"predecessor-version":[{"id":5638,"href":"https:\/\/berlinpackagingapac.com\/fr\/wp-json\/wp\/v2\/product\/5633\/revisions\/5638"}],"wp:featuredmedia":[{"embeddable":true,"href":"https:\/\/berlinpackagingapac.com\/fr\/wp-json\/wp\/v2\/media\/5635"}],"wp:attachment":[{"href":"https:\/\/berlinpackagingapac.com\/fr\/wp-json\/wp\/v2\/media?parent=5633"}],"wp:term":[{"taxonomy":"product_brand","embeddable":true,"href":"https:\/\/berlinpackagingapac.com\/fr\/wp-json\/wp\/v2\/product_brand?post=5633"},{"taxonomy":"product_cat","embeddable":true,"href":"https:\/\/berlinpackagingapac.com\/fr\/wp-json\/wp\/v2\/product_cat?post=5633"},{"taxonomy":"product_tag","embeddable":true,"href":"https:\/\/berlinpackagingapac.com\/fr\/wp-json\/wp\/v2\/product_tag?post=5633"}],"curies":[{"name":"wp","href":"https:\/\/api.w.org\/{rel}","templated":true}]}}