{"id":5798,"date":"2025-06-12T17:13:29","date_gmt":"2025-06-12T09:13:29","guid":{"rendered":"https:\/\/berlinpackagingapac.com\/?post_type=product&#038;p=5798"},"modified":"2025-06-12T17:13:30","modified_gmt":"2025-06-12T09:13:30","slug":"bordeaux-750-ml-bpw3118","status":"publish","type":"product","link":"https:\/\/berlinpackagingapac.com\/fr\/product\/750ml-bordeaux-bpw3118\/","title":{"rendered":"Bordeaux 750 ml, BPW3118"},"content":{"rendered":"<p>Le Bordeaux BPW3118 de 750 ml pr\u00e9sente un design traditionnel \u00e0 \u00e9paulement haut et une base stable. Son verre anti-UV assure une conservation optimale du vin. Id\u00e9al pour les caves commerciales et les producteurs de marques de distributeur.<\/p>","protected":false},"excerpt":{"rendered":"<table width=\"591\">\n<tbody>\n<tr>\n<td width=\"123\">Capacit\u00e9 d\u00e9bordante<\/td>\n<td width=\"123\">Poids<\/td>\n<td width=\"99\">Finition<\/td>\n<td width=\"123\">Diam\u00e8tre<\/td>\n<td width=\"123\">Hauteur<\/td>\n<\/tr>\n<tr>\n<td>771.8<\/td>\n<td>396.89<\/td>\n<td>li\u00e8ge<\/td>\n<td>75.34<\/td>\n<td>290.53<\/td>\n<\/tr>\n<\/tbody>\n<\/table>","protected":false},"featured_media":5799,"comment_status":"open","ping_status":"closed","template":"","meta":{"jetpack_post_was_ever_published":false,"jetpack_publicize_message":"","jetpack_publicize_feature_enabled":true,"jetpack_social_post_already_shared":true,"jetpack_social_options":{"image_generator_settings":{"template":"highway","default_image_id":0,"font":"","enabled":false},"version":2},"_wpas_customize_per_network":false},"product_brand":[1391],"product_cat":[1381,1458,1537],"product_tag":[1482],"class_list":{"0":"post-5798","1":"product","2":"type-product","3":"status-publish","4":"has-post-thumbnail","6":"product_brand-berlin-packaging","7":"product_cat-wine-bottles","8":"product_cat-750ml-wine","9":"product_cat-glass","10":"product_tag-wine","12":"first","13":"outofstock","14":"shipping-taxable","15":"product-type-simple"},"exclude_global_add_ons":[],"addons":[],"jetpack_publicize_connections":[],"jetpack_sharing_enabled":true,"jetpack_likes_enabled":true,"_links":{"self":[{"href":"https:\/\/berlinpackagingapac.com\/fr\/wp-json\/wp\/v2\/product\/5798","targetHints":{"allow":["GET"]}}],"collection":[{"href":"https:\/\/berlinpackagingapac.com\/fr\/wp-json\/wp\/v2\/product"}],"about":[{"href":"https:\/\/berlinpackagingapac.com\/fr\/wp-json\/wp\/v2\/types\/product"}],"replies":[{"embeddable":true,"href":"https:\/\/berlinpackagingapac.com\/fr\/wp-json\/wp\/v2\/comments?post=5798"}],"version-history":[{"count":3,"href":"https:\/\/berlinpackagingapac.com\/fr\/wp-json\/wp\/v2\/product\/5798\/revisions"}],"predecessor-version":[{"id":5802,"href":"https:\/\/berlinpackagingapac.com\/fr\/wp-json\/wp\/v2\/product\/5798\/revisions\/5802"}],"wp:featuredmedia":[{"embeddable":true,"href":"https:\/\/berlinpackagingapac.com\/fr\/wp-json\/wp\/v2\/media\/5799"}],"wp:attachment":[{"href":"https:\/\/berlinpackagingapac.com\/fr\/wp-json\/wp\/v2\/media?parent=5798"}],"wp:term":[{"taxonomy":"product_brand","embeddable":true,"href":"https:\/\/berlinpackagingapac.com\/fr\/wp-json\/wp\/v2\/product_brand?post=5798"},{"taxonomy":"product_cat","embeddable":true,"href":"https:\/\/berlinpackagingapac.com\/fr\/wp-json\/wp\/v2\/product_cat?post=5798"},{"taxonomy":"product_tag","embeddable":true,"href":"https:\/\/berlinpackagingapac.com\/fr\/wp-json\/wp\/v2\/product_tag?post=5798"}],"curies":[{"name":"wp","href":"https:\/\/api.w.org\/{rel}","templated":true}]}}