{"id":5965,"date":"2025-06-23T12:35:30","date_gmt":"2025-06-23T04:35:30","guid":{"rendered":"https:\/\/berlinpackagingapac.com\/?post_type=product&#038;p=5965"},"modified":"2025-06-23T12:35:31","modified_gmt":"2025-06-23T04:35:31","slug":"embouts-de-fond-de-bombe-aerosol-bases-en-forme-de-dome-pour-bombes-en-fer-blanc-en-aluminium-de-45-52-57-60-et-65-mm","status":"publish","type":"product","link":"https:\/\/berlinpackagingapac.com\/fr\/product\/aerosol-can-bottom-ends-dome-bases-for-o45-52-57-60-65mm-aluminum-tinplate-cans\/","title":{"rendered":"Fond de bombe a\u00e9rosol \u2013 Bases en forme de d\u00f4me pour bombes a\u00e9rosols \u00d8 45\/52\/57\/60\/65 mm en aluminium et fer blanc"},"content":{"rendered":"<p>D\u00f4mes de fond haute r\u00e9sistance con\u00e7us pour les a\u00e9rosols de \u00d8 45 mm \u00e0 \u00d8 65 mm. Id\u00e9als pour les conditionnements sous pression dans les secteurs des soins personnels, de l&#039;automobile, des produits m\u00e9nagers et des gaz techniques.<\/p>","protected":false},"excerpt":{"rendered":"<p><strong>Pr\u00e9sentation du produit<\/strong><br \/>\nNos fonds d&#039;a\u00e9rosols sont con\u00e7us pour assurer stabilit\u00e9, \u00e9tanch\u00e9it\u00e9 et r\u00e9sistance \u00e0 la pression. Fabriqu\u00e9s en fer blanc ou en aluminium, ces fonds bomb\u00e9s garantissent l&#039;int\u00e9grit\u00e9 structurelle des a\u00e9rosols de soins personnels et industriels.<\/p>\n<p><strong>Diam\u00e8tres compatibles<\/strong><br \/>\n\u00d845mm<br \/>\n\u00d852mm<br \/>\n\u00d857mm<br \/>\n\u00d860mm<br \/>\n\u00d865mm<\/p>\n<p><strong>Applications<\/strong><br \/>\nSprays coiffants<br \/>\nD\u00e9sodorisants et neutralisants d&#039;odeurs<br \/>\nProduits de pulv\u00e9risation pour automobiles<br \/>\nA\u00e9rosols \u00e0 base de butane et de gaz<br \/>\nBombes a\u00e9rosols sous pression g\u00e9n\u00e9rales<\/p>\n<p><strong>Options de finition<\/strong><br \/>\nMat\u00e9riau : fer blanc ou aluminium<br \/>\nCouleurs personnalis\u00e9es sur demande<\/p>\n<p><strong>Avec ou sans rev\u00eatement de protection interne<\/strong><\/p>","protected":false},"featured_media":5967,"comment_status":"open","ping_status":"closed","template":"","meta":{"jetpack_publicize_message":"","jetpack_publicize_feature_enabled":true,"jetpack_social_post_already_shared":true,"jetpack_social_options":{"image_generator_settings":{"template":"highway","default_image_id":0,"font":"","enabled":false},"version":2},"_wpas_customize_per_network":false},"product_brand":[1391],"product_cat":[1539,1540,1377,1379,1380],"product_tag":[1541],"class_list":{"0":"post-5965","1":"product","2":"type-product","3":"status-publish","4":"has-post-thumbnail","6":"product_brand-berlin-packaging","7":"product_cat-metal","8":"product_cat-aluminum-aerosol-can","9":"product_cat-cosmetics-personal-care","10":"product_cat-home-cleaning","11":"product_cat-industrial-chemical-packaging","12":"product_tag-aluminum-aerosol-can","14":"first","15":"outofstock","16":"shipping-taxable","17":"product-type-simple"},"exclude_global_add_ons":[],"addons":[],"jetpack_publicize_connections":[],"jetpack_sharing_enabled":true,"jetpack_likes_enabled":true,"_links":{"self":[{"href":"https:\/\/berlinpackagingapac.com\/fr\/wp-json\/wp\/v2\/product\/5965","targetHints":{"allow":["GET"]}}],"collection":[{"href":"https:\/\/berlinpackagingapac.com\/fr\/wp-json\/wp\/v2\/product"}],"about":[{"href":"https:\/\/berlinpackagingapac.com\/fr\/wp-json\/wp\/v2\/types\/product"}],"replies":[{"embeddable":true,"href":"https:\/\/berlinpackagingapac.com\/fr\/wp-json\/wp\/v2\/comments?post=5965"}],"version-history":[{"count":3,"href":"https:\/\/berlinpackagingapac.com\/fr\/wp-json\/wp\/v2\/product\/5965\/revisions"}],"predecessor-version":[{"id":5973,"href":"https:\/\/berlinpackagingapac.com\/fr\/wp-json\/wp\/v2\/product\/5965\/revisions\/5973"}],"wp:featuredmedia":[{"embeddable":true,"href":"https:\/\/berlinpackagingapac.com\/fr\/wp-json\/wp\/v2\/media\/5967"}],"wp:attachment":[{"href":"https:\/\/berlinpackagingapac.com\/fr\/wp-json\/wp\/v2\/media?parent=5965"}],"wp:term":[{"taxonomy":"product_brand","embeddable":true,"href":"https:\/\/berlinpackagingapac.com\/fr\/wp-json\/wp\/v2\/product_brand?post=5965"},{"taxonomy":"product_cat","embeddable":true,"href":"https:\/\/berlinpackagingapac.com\/fr\/wp-json\/wp\/v2\/product_cat?post=5965"},{"taxonomy":"product_tag","embeddable":true,"href":"https:\/\/berlinpackagingapac.com\/fr\/wp-json\/wp\/v2\/product_tag?post=5965"}],"curies":[{"name":"wp","href":"https:\/\/api.w.org\/{rel}","templated":true}]}}