{"id":6020,"date":"2025-06-24T15:10:41","date_gmt":"2025-06-24T07:10:41","guid":{"rendered":"https:\/\/berlinpackagingapac.com\/?post_type=product&#038;p=6020"},"modified":"2025-06-24T15:10:41","modified_gmt":"2025-06-24T07:10:41","slug":"flacon-de-parfum-carre-plat-en-verre-transparent-edge-dot-de-108-ml","status":"publish","type":"product","link":"https:\/\/berlinpackagingapac.com\/fr\/product\/edge-dot-108ml-flat-square-clear-glass-perfume-bottle\/","title":{"rendered":"Flacon de parfum carr\u00e9 plat en verre transparent Edge Dot 108 ml"},"content":{"rendered":"<p data-start=\"488\" data-end=\"755\"><strong data-start=\"488\" data-end=\"508\">Pr\u00e9sentation du produit<\/strong><br data-start=\"508\" data-end=\"511\" \/>Le Edge Dot 108 est un flacon de parfum plat et carr\u00e9 en verre, au design minimaliste et \u00e0 la surface lisse, id\u00e9al pour une image de marque haut de gamme. Fabriqu\u00e9 en verre transparent, ses proportions \u00e9quilibr\u00e9es et son poids premium offrent une sensation luxueuse en main.<\/p>\n<p data-start=\"757\" data-end=\"882\">Ce flacon convient \u00e0 diverses applications de parfum et est compatible avec les pompes de pulv\u00e9risation \u00e0 col serti FEA standard de 15,3 mm.<\/p>\n<p data-start=\"884\" data-end=\"902\"><strong data-start=\"884\" data-end=\"900\">Applications<\/strong><\/p>\n<ul data-start=\"903\" data-end=\"1056\">\n<li data-start=\"903\" data-end=\"938\">\n<p data-start=\"905\" data-end=\"938\">Eau de parfum \/ Eau de toilette<\/p>\n<\/li>\n<li data-start=\"939\" data-end=\"972\">\n<p data-start=\"941\" data-end=\"972\">Brume capillaire et spray parfum\u00e9<\/p>\n<\/li>\n<li data-start=\"973\" data-end=\"1016\">\n<p data-start=\"975\" data-end=\"1016\">Parfums de niche neutres ou de luxe<\/p>\n<\/li>\n<li data-start=\"1017\" data-end=\"1056\">\n<p data-start=\"1019\" data-end=\"1056\">Lignes de parfums pour soins de la peau et cosm\u00e9tiques<\/p>\n<\/li>\n<\/ul>\n<p data-start=\"1058\" data-end=\"1082\"><strong data-start=\"1058\" data-end=\"1080\">Options de d\u00e9coration<\/strong><\/p>\n<ul data-start=\"1083\" data-end=\"1196\">\n<li data-start=\"1083\" data-end=\"1107\">\n<p data-start=\"1085\" data-end=\"1107\">S\u00e9rigraphie<\/p>\n<\/li>\n<li data-start=\"1108\" data-end=\"1139\">\n<p data-start=\"1110\" data-end=\"1139\">Rev\u00eatement UV \/ pulv\u00e9risation de couleur<\/p>\n<\/li>\n<li data-start=\"1140\" data-end=\"1172\">\n<p data-start=\"1142\" data-end=\"1172\">Estampage \u00e0 chaud \/ m\u00e9tallisation<\/p>\n<\/li>\n<li data-start=\"1173\" data-end=\"1196\">\n<p data-start=\"1175\" data-end=\"1196\">\u00c9tiquetage et gla\u00e7age<\/p>\n<\/li>\n<\/ul>","protected":false},"excerpt":{"rendered":"<table width=\"528\">\n<tbody>\n<tr>\n<td width=\"126\">Capacit\u00e9 \u00e0 ras bord ml<\/td>\n<td width=\"131\">Capacit\u00e9 de remplissage ml<\/td>\n<td width=\"60\">Poids g<\/td>\n<td width=\"68\">Finition mm<\/td>\n<td width=\"74\">Diam\u00e8tre mm<\/td>\n<td width=\"69\">Hauteur mm<\/td>\n<\/tr>\n<tr>\n<td>108<\/td>\n<td>N \/ A<\/td>\n<td>235<\/td>\n<td>15.3<\/td>\n<td>65.6&#215;37<\/td>\n<td>95.5<\/td>\n<\/tr>\n<\/tbody>\n<\/table>","protected":false},"featured_media":6022,"comment_status":"open","ping_status":"closed","template":"","meta":{"jetpack_publicize_message":"","jetpack_publicize_feature_enabled":true,"jetpack_social_post_already_shared":true,"jetpack_social_options":{"image_generator_settings":{"template":"highway","default_image_id":0,"font":"","enabled":false},"version":2},"_wpas_customize_per_network":false},"product_brand":[1391],"product_cat":[1537,1377,1542],"product_tag":[1543],"class_list":{"0":"post-6020","1":"product","2":"type-product","3":"status-publish","4":"has-post-thumbnail","6":"product_brand-berlin-packaging","7":"product_cat-glass","8":"product_cat-cosmetics-personal-care","9":"product_cat-perfume","10":"product_tag-perfume","12":"first","13":"outofstock","14":"shipping-taxable","15":"product-type-simple"},"exclude_global_add_ons":[],"addons":[],"jetpack_publicize_connections":[],"jetpack_sharing_enabled":true,"jetpack_likes_enabled":true,"_links":{"self":[{"href":"https:\/\/berlinpackagingapac.com\/fr\/wp-json\/wp\/v2\/product\/6020","targetHints":{"allow":["GET"]}}],"collection":[{"href":"https:\/\/berlinpackagingapac.com\/fr\/wp-json\/wp\/v2\/product"}],"about":[{"href":"https:\/\/berlinpackagingapac.com\/fr\/wp-json\/wp\/v2\/types\/product"}],"replies":[{"embeddable":true,"href":"https:\/\/berlinpackagingapac.com\/fr\/wp-json\/wp\/v2\/comments?post=6020"}],"version-history":[{"count":2,"href":"https:\/\/berlinpackagingapac.com\/fr\/wp-json\/wp\/v2\/product\/6020\/revisions"}],"predecessor-version":[{"id":6026,"href":"https:\/\/berlinpackagingapac.com\/fr\/wp-json\/wp\/v2\/product\/6020\/revisions\/6026"}],"wp:featuredmedia":[{"embeddable":true,"href":"https:\/\/berlinpackagingapac.com\/fr\/wp-json\/wp\/v2\/media\/6022"}],"wp:attachment":[{"href":"https:\/\/berlinpackagingapac.com\/fr\/wp-json\/wp\/v2\/media?parent=6020"}],"wp:term":[{"taxonomy":"product_brand","embeddable":true,"href":"https:\/\/berlinpackagingapac.com\/fr\/wp-json\/wp\/v2\/product_brand?post=6020"},{"taxonomy":"product_cat","embeddable":true,"href":"https:\/\/berlinpackagingapac.com\/fr\/wp-json\/wp\/v2\/product_cat?post=6020"},{"taxonomy":"product_tag","embeddable":true,"href":"https:\/\/berlinpackagingapac.com\/fr\/wp-json\/wp\/v2\/product_tag?post=6020"}],"curies":[{"name":"wp","href":"https:\/\/api.w.org\/{rel}","templated":true}]}}