{"id":6098,"date":"2025-06-24T17:06:52","date_gmt":"2025-06-24T09:06:52","guid":{"rendered":"https:\/\/berlinpackagingapac.com\/?post_type=product&#038;p=6098"},"modified":"2025-06-24T17:06:52","modified_gmt":"2025-06-24T09:06:52","slug":"flacon-bp30127-de-200-ml","status":"publish","type":"product","link":"https:\/\/berlinpackagingapac.com\/fr\/product\/bp30127-200ml-flask\/","title":{"rendered":"BP30127, flacon de 200 ml"},"content":{"rendered":"<p>La flasque BP30127 de 200 ml offre un design \u00e9l\u00e9gant et compact pour les whiskies haut de gamme et les spiritueux artisanaux. Pr\u00eate pour une exp\u00e9dition en vrac imm\u00e9diate, elle est id\u00e9ale pour les distilleries artisanales et les boutiques hors taxes \u00e0 la recherche d&#039;un emballage plat et distinctif.<\/p>","protected":false},"excerpt":{"rendered":"<table width=\"591\">\n<tbody>\n<tr>\n<td width=\"123\">Capacit\u00e9 d\u00e9bordante<\/td>\n<td width=\"123\">Poids<\/td>\n<td width=\"99\">Finition<\/td>\n<td width=\"123\">Diam\u00e8tre<\/td>\n<td width=\"123\">Hauteur<\/td>\n<\/tr>\n<tr>\n<td>211<\/td>\n<td>177<\/td>\n<td>GF305V<\/td>\n<td>Ll73,4xL34,5<\/td>\n<td>171.3<\/td>\n<\/tr>\n<\/tbody>\n<\/table>","protected":false},"featured_media":6111,"comment_status":"open","ping_status":"closed","template":"","meta":{"jetpack_publicize_message":"","jetpack_publicize_feature_enabled":true,"jetpack_social_post_already_shared":true,"jetpack_social_options":{"image_generator_settings":{"template":"highway","default_image_id":0,"font":"","enabled":false},"version":2},"_wpas_customize_per_network":false},"product_brand":[1391],"product_cat":[1444,1465,1537],"product_tag":[1492],"class_list":{"0":"post-6098","1":"product","2":"type-product","3":"status-publish","4":"has-post-thumbnail","6":"product_brand-berlin-packaging","7":"product_cat-spirits-bottles","8":"product_cat-100-500ml-spirits","9":"product_cat-glass","10":"product_tag-spirits","12":"first","13":"outofstock","14":"shipping-taxable","15":"product-type-simple"},"exclude_global_add_ons":[],"addons":[],"jetpack_publicize_connections":[],"jetpack_sharing_enabled":true,"jetpack_likes_enabled":true,"_links":{"self":[{"href":"https:\/\/berlinpackagingapac.com\/fr\/wp-json\/wp\/v2\/product\/6098","targetHints":{"allow":["GET"]}}],"collection":[{"href":"https:\/\/berlinpackagingapac.com\/fr\/wp-json\/wp\/v2\/product"}],"about":[{"href":"https:\/\/berlinpackagingapac.com\/fr\/wp-json\/wp\/v2\/types\/product"}],"replies":[{"embeddable":true,"href":"https:\/\/berlinpackagingapac.com\/fr\/wp-json\/wp\/v2\/comments?post=6098"}],"version-history":[{"count":3,"href":"https:\/\/berlinpackagingapac.com\/fr\/wp-json\/wp\/v2\/product\/6098\/revisions"}],"predecessor-version":[{"id":6117,"href":"https:\/\/berlinpackagingapac.com\/fr\/wp-json\/wp\/v2\/product\/6098\/revisions\/6117"}],"wp:featuredmedia":[{"embeddable":true,"href":"https:\/\/berlinpackagingapac.com\/fr\/wp-json\/wp\/v2\/media\/6111"}],"wp:attachment":[{"href":"https:\/\/berlinpackagingapac.com\/fr\/wp-json\/wp\/v2\/media?parent=6098"}],"wp:term":[{"taxonomy":"product_brand","embeddable":true,"href":"https:\/\/berlinpackagingapac.com\/fr\/wp-json\/wp\/v2\/product_brand?post=6098"},{"taxonomy":"product_cat","embeddable":true,"href":"https:\/\/berlinpackagingapac.com\/fr\/wp-json\/wp\/v2\/product_cat?post=6098"},{"taxonomy":"product_tag","embeddable":true,"href":"https:\/\/berlinpackagingapac.com\/fr\/wp-json\/wp\/v2\/product_tag?post=6098"}],"curies":[{"name":"wp","href":"https:\/\/api.w.org\/{rel}","templated":true}]}}