{"id":6153,"date":"2025-06-25T10:10:01","date_gmt":"2025-06-25T02:10:01","guid":{"rendered":"https:\/\/berlinpackagingapac.com\/?post_type=product&#038;p=6153"},"modified":"2025-06-25T10:10:02","modified_gmt":"2025-06-25T02:10:02","slug":"bouteille-de-rhum-bpqd-sly-gb240005-a00-rev00-350-ml","status":"publish","type":"product","link":"https:\/\/berlinpackagingapac.com\/fr\/product\/bpqd-sly-gb240005-a00-rev00-rum-bottle-350ml\/","title":{"rendered":"BPQD-SLY-GB240005-A00-REV00, Bouteille de rhum 350 ml"},"content":{"rendered":"<p>La bouteille \u00e0 rhum 350 ml BPQD-SLY-GB240005-A00-REV00 est fabriqu\u00e9e en verre haut de gamme, sp\u00e9cialement con\u00e7ue pour les producteurs de rhum. Ses lignes \u00e9l\u00e9gantes sont id\u00e9ales pour les distilleries artisanales et les marques sp\u00e9cialis\u00e9es, avec des solutions de gravure et d&#039;\u00e9tiquetage personnalis\u00e9es disponibles.<\/p>","protected":false},"excerpt":{"rendered":"<table width=\"591\">\n<tbody>\n<tr>\n<td width=\"123\">Capacit\u00e9 d\u00e9bordante<\/td>\n<td width=\"123\">Poids<\/td>\n<td width=\"99\">Finition<\/td>\n<td width=\"123\">Diam\u00e8tre<\/td>\n<td width=\"123\">Hauteur<\/td>\n<\/tr>\n<tr>\n<td>368<\/td>\n<td>285<\/td>\n<td>GF305V<\/td>\n<td>62<\/td>\n<td>229<\/td>\n<\/tr>\n<\/tbody>\n<\/table>","protected":false},"featured_media":6157,"comment_status":"open","ping_status":"closed","template":"","meta":{"jetpack_publicize_message":"","jetpack_publicize_feature_enabled":true,"jetpack_social_post_already_shared":true,"jetpack_social_options":{"image_generator_settings":{"template":"highway","default_image_id":0,"font":"","enabled":false},"version":2},"_wpas_customize_per_network":false},"product_brand":[1391],"product_cat":[1537,1465,1444],"product_tag":[1492],"class_list":{"0":"post-6153","1":"product","2":"type-product","3":"status-publish","4":"has-post-thumbnail","6":"product_brand-berlin-packaging","7":"product_cat-glass","8":"product_cat-100-500ml-spirits","9":"product_cat-spirits-bottles","10":"product_tag-spirits","12":"first","13":"outofstock","14":"shipping-taxable","15":"product-type-simple"},"exclude_global_add_ons":[],"addons":[],"jetpack_publicize_connections":[],"jetpack_sharing_enabled":true,"jetpack_likes_enabled":true,"_links":{"self":[{"href":"https:\/\/berlinpackagingapac.com\/fr\/wp-json\/wp\/v2\/product\/6153","targetHints":{"allow":["GET"]}}],"collection":[{"href":"https:\/\/berlinpackagingapac.com\/fr\/wp-json\/wp\/v2\/product"}],"about":[{"href":"https:\/\/berlinpackagingapac.com\/fr\/wp-json\/wp\/v2\/types\/product"}],"replies":[{"embeddable":true,"href":"https:\/\/berlinpackagingapac.com\/fr\/wp-json\/wp\/v2\/comments?post=6153"}],"version-history":[{"count":2,"href":"https:\/\/berlinpackagingapac.com\/fr\/wp-json\/wp\/v2\/product\/6153\/revisions"}],"predecessor-version":[{"id":6158,"href":"https:\/\/berlinpackagingapac.com\/fr\/wp-json\/wp\/v2\/product\/6153\/revisions\/6158"}],"wp:featuredmedia":[{"embeddable":true,"href":"https:\/\/berlinpackagingapac.com\/fr\/wp-json\/wp\/v2\/media\/6157"}],"wp:attachment":[{"href":"https:\/\/berlinpackagingapac.com\/fr\/wp-json\/wp\/v2\/media?parent=6153"}],"wp:term":[{"taxonomy":"product_brand","embeddable":true,"href":"https:\/\/berlinpackagingapac.com\/fr\/wp-json\/wp\/v2\/product_brand?post=6153"},{"taxonomy":"product_cat","embeddable":true,"href":"https:\/\/berlinpackagingapac.com\/fr\/wp-json\/wp\/v2\/product_cat?post=6153"},{"taxonomy":"product_tag","embeddable":true,"href":"https:\/\/berlinpackagingapac.com\/fr\/wp-json\/wp\/v2\/product_tag?post=6153"}],"curies":[{"name":"wp","href":"https:\/\/api.w.org\/{rel}","templated":true}]}}